{"id":8792,"date":"2022-04-21T14:08:26","date_gmt":"2022-04-21T13:08:26","guid":{"rendered":"https:\/\/arenaldiving.com\/producto\/emergency-first-response-efr\/"},"modified":"2023-12-07T18:50:50","modified_gmt":"2023-12-07T17:50:50","slug":"emergency-first-response-efr","status":"publish","type":"product","link":"https:\/\/arenaldiving.com\/en\/producto\/emergency-first-response-efr\/","title":{"rendered":"Emergency First Response (EFR)"},"content":{"rendered":"<p>[checkfront item_id=&#8221;25&#8243; category_id=&#8221;3&#8243; options=tabs,hidesearch,hidedates lang_id=&#8221;en&#8221; locale_id=en_EN&#8221;]<\/p>\n","protected":false},"excerpt":{"rendered":"<ul>\n<li>Realizamos el curso a diario, contigo solo si fuera necesario.<\/li>\n<li>No es un curso de Buceo.<\/li>\n<li>Es absolutamente necesario para obtener el Rescue Diver.<\/li>\n<li>Se realiza en un d\u00eda entero.<\/li>\n<\/ul>\n<p><strong>Nombre de la Actividad<\/strong>: Emergency First Response (EFR)<br \/>\n<strong>Duraci\u00f3n de todo el Curso<\/strong>: 1 d\u00eda (no se realizan inmersiones)<br \/>\n<strong>Horario y d\u00edas de comienzo<\/strong>: todos los d\u00edas a las 9:30 horas<br \/>\n<strong>Punto de encuentro de la actividad<\/strong>: Escuela de Buceo Arenal<br \/>\n<strong>Localizaci\u00f3n<\/strong>: Costa de Poniente de Ibiza (San Antonio).<br \/>\n<strong>Requisitos<\/strong>: a partir de los 12 a\u00f1os, totalmente necesario para obtener la titulaci\u00f3n de Rescue Diver o Junior Rescue Diver.<\/p>\n<p>&nbsp;<\/p>\n<p><strong>RESERVAR CURSO AHORA SELCECION EL DIA Y CANTIDAD Y CONTINUE<\/strong><br \/>\n<script type=\"text\/javascript\" src=\"https:\/\/widgets.bokun.io\/assets\/javascripts\/apps\/build\/BokunWidgetsLoader.js?bookingChannelUUID=bb022ff2-e757-4b11-8b77-05f30d9effc4\" async><\/script><\/p>\n<div class=\"bokunWidget\" data-src=\"https:\/\/widgets.bokun.io\/online-sales\/bb022ff2-e757-4b11-8b77-05f30d9effc4\/experience-calendar\/622986\"><\/div>\n<p><noscript>Please enable javascript in your browser to book<\/noscript><br \/>\n<strong>M\u00e1s informaci\u00f3n<\/strong><br \/>\nEste curso de RCP y primeros auxilios no es solo para buceadores, aprender\u00e1s habilidades de emergencia m\u00e9dica para adquirir confianza en caso de emergencia m\u00e9dica. Adem\u00e1s aprender\u00e1s a utilizar el soporte vital b\u00e1sico (SVB) RCP y realizar respiraciones de rescate a nivel no profesional junto los conceptos b\u00e1sicos de los primeros auxilios y el equipo.<\/p>\n","protected":false},"featured_media":7613,"comment_status":"open","ping_status":"closed","template":"","meta":{"_joinchat":[]},"product_brand":[],"product_cat":[351],"product_tag":[145],"class_list":{"0":"post-8792","1":"product","2":"type-product","3":"status-publish","4":"has-post-thumbnail","6":"product_cat-curso-de-padi-en","7":"product_tag-titulados","9":"first","10":"instock","11":"featured","12":"virtual","13":"taxable","14":"purchasable","15":"product-type-simple"},"yoast_head":"<!-- This site is optimized with the Yoast SEO Premium plugin v27.5 (Yoast SEO v27.5) - https:\/\/yoast.com\/product\/yoast-seo-premium-wordpress\/ -->\n<title>Curso EFR (Emergency First Response) In Ibiza - Arenal Diving<\/title>\n<meta name=\"description\" content=\"CPR and first aid course. You will learn emergency skills, basic life support (BLS) and performing rescue breaths, Curso EFR (Emergency First Response) In Ibiza - Arenal Diving\" \/>\n<meta name=\"robots\" content=\"index, follow, max-snippet:-1, max-image-preview:large, max-video-preview:-1\" \/>\n<link rel=\"canonical\" href=\"https:\/\/arenaldiving.com\/en\/producto\/emergency-first-response-efr\/\" \/>\n<meta property=\"og:locale\" content=\"en_US\" \/>\n<meta property=\"og:type\" content=\"article\" \/>\n<meta property=\"og:title\" content=\"Emergency First Response (EFR)\" \/>\n<meta property=\"og:description\" content=\"CPR and first aid course. You will learn emergency skills, basic life support (BLS) and performing rescue breaths, Curso EFR (Emergency First Response) In Ibiza - Arenal Diving\" \/>\n<meta property=\"og:url\" content=\"https:\/\/arenaldiving.com\/en\/producto\/emergency-first-response-efr\/\" \/>\n<meta property=\"article:publisher\" content=\"http:\/\/www.facebook.com\/ArenalDiving\" \/>\n<meta property=\"article:modified_time\" content=\"2023-12-07T17:50:50+00:00\" \/>\n<meta property=\"og:image\" content=\"https:\/\/arenaldiving.com\/wp-content\/uploads\/2022\/04\/bucear-en-ibiza.jpg\" \/>\n\t<meta property=\"og:image:width\" content=\"900\" \/>\n\t<meta property=\"og:image:height\" content=\"608\" \/>\n\t<meta property=\"og:image:type\" content=\"image\/jpeg\" \/>\n<meta name=\"twitter:card\" content=\"summary_large_image\" \/>\n<meta name=\"twitter:site\" content=\"@ArenalDivingibiza\" \/>\n<meta name=\"twitter:label1\" content=\"Est. reading time\" \/>\n\t<meta name=\"twitter:data1\" content=\"1 minute\" \/>\n<script type=\"application\/ld+json\" class=\"yoast-schema-graph\">{\"@context\":\"https:\\\/\\\/schema.org\",\"@graph\":[{\"@type\":\"WebPage\",\"@id\":\"https:\\\/\\\/arenaldiving.com\\\/en\\\/producto\\\/emergency-first-response-efr\\\/\",\"url\":\"https:\\\/\\\/arenaldiving.com\\\/en\\\/producto\\\/emergency-first-response-efr\\\/\",\"name\":\"Curso EFR (Emergency First Response) In Ibiza - Arenal Diving\",\"isPartOf\":{\"@id\":\"https:\\\/\\\/arenaldiving.com\\\/en\\\/#website\"},\"primaryImageOfPage\":{\"@id\":\"https:\\\/\\\/arenaldiving.com\\\/en\\\/producto\\\/emergency-first-response-efr\\\/#primaryimage\"},\"image\":{\"@id\":\"https:\\\/\\\/arenaldiving.com\\\/en\\\/producto\\\/emergency-first-response-efr\\\/#primaryimage\"},\"thumbnailUrl\":\"https:\\\/\\\/i0.wp.com\\\/arenaldiving.com\\\/wp-content\\\/uploads\\\/2022\\\/04\\\/bucear-en-ibiza.jpg?fit=900%2C608&ssl=1\",\"datePublished\":\"2022-04-21T13:08:26+00:00\",\"dateModified\":\"2023-12-07T17:50:50+00:00\",\"description\":\"CPR and first aid course. You will learn emergency skills, basic life support (BLS) and performing rescue breaths, Curso EFR (Emergency First Response) In Ibiza - Arenal Diving\",\"breadcrumb\":{\"@id\":\"https:\\\/\\\/arenaldiving.com\\\/en\\\/producto\\\/emergency-first-response-efr\\\/#breadcrumb\"},\"inLanguage\":\"en-US\",\"potentialAction\":[{\"@type\":\"ReadAction\",\"target\":[\"https:\\\/\\\/arenaldiving.com\\\/en\\\/producto\\\/emergency-first-response-efr\\\/\"]}]},{\"@type\":\"ImageObject\",\"inLanguage\":\"en-US\",\"@id\":\"https:\\\/\\\/arenaldiving.com\\\/en\\\/producto\\\/emergency-first-response-efr\\\/#primaryimage\",\"url\":\"https:\\\/\\\/i0.wp.com\\\/arenaldiving.com\\\/wp-content\\\/uploads\\\/2022\\\/04\\\/bucear-en-ibiza.jpg?fit=900%2C608&ssl=1\",\"contentUrl\":\"https:\\\/\\\/i0.wp.com\\\/arenaldiving.com\\\/wp-content\\\/uploads\\\/2022\\\/04\\\/bucear-en-ibiza.jpg?fit=900%2C608&ssl=1\",\"width\":900,\"height\":608,\"caption\":\"bucear en Ibiza\"},{\"@type\":\"BreadcrumbList\",\"@id\":\"https:\\\/\\\/arenaldiving.com\\\/en\\\/producto\\\/emergency-first-response-efr\\\/#breadcrumb\",\"itemListElement\":[{\"@type\":\"ListItem\",\"position\":1,\"name\":\"Inicio\",\"item\":\"https:\\\/\\\/arenaldiving.com\\\/en\\\/\"},{\"@type\":\"ListItem\",\"position\":2,\"name\":\"Products\",\"item\":\"https:\\\/\\\/arenaldiving.com\\\/en\\\/products\\\/\"},{\"@type\":\"ListItem\",\"position\":3,\"name\":\"Curso de PADI\",\"item\":\"https:\\\/\\\/arenaldiving.com\\\/en\\\/product-category\\\/curso-de-padi-en\\\/\"},{\"@type\":\"ListItem\",\"position\":4,\"name\":\"Emergency First Response (EFR)\"}]},{\"@type\":\"WebSite\",\"@id\":\"https:\\\/\\\/arenaldiving.com\\\/en\\\/#website\",\"url\":\"https:\\\/\\\/arenaldiving.com\\\/en\\\/\",\"name\":\"Arenal diving\",\"description\":\"Centro de buceo PADI en San Antonio, Ibiza\",\"publisher\":{\"@id\":\"https:\\\/\\\/arenaldiving.com\\\/en\\\/#organization\"},\"potentialAction\":[{\"@type\":\"SearchAction\",\"target\":{\"@type\":\"EntryPoint\",\"urlTemplate\":\"https:\\\/\\\/arenaldiving.com\\\/en\\\/?s={search_term_string}\"},\"query-input\":{\"@type\":\"PropertyValueSpecification\",\"valueRequired\":true,\"valueName\":\"search_term_string\"}}],\"inLanguage\":\"en-US\"},{\"@type\":\"Organization\",\"@id\":\"https:\\\/\\\/arenaldiving.com\\\/en\\\/#organization\",\"name\":\"Centro de buceo arenal SL\",\"alternateName\":\"Arenal Diving Ibiza\",\"url\":\"https:\\\/\\\/arenaldiving.com\\\/en\\\/\",\"logo\":{\"@type\":\"ImageObject\",\"inLanguage\":\"en-US\",\"@id\":\"https:\\\/\\\/arenaldiving.com\\\/en\\\/#\\\/schema\\\/logo\\\/image\\\/\",\"url\":\"https:\\\/\\\/i0.wp.com\\\/arenaldiving.com\\\/wp-content\\\/uploads\\\/2023\\\/01\\\/logo-arenal-diving_pequeno.jpg?fit=200%2C250&ssl=1\",\"contentUrl\":\"https:\\\/\\\/i0.wp.com\\\/arenaldiving.com\\\/wp-content\\\/uploads\\\/2023\\\/01\\\/logo-arenal-diving_pequeno.jpg?fit=200%2C250&ssl=1\",\"width\":200,\"height\":250,\"caption\":\"Centro de buceo arenal SL\"},\"image\":{\"@id\":\"https:\\\/\\\/arenaldiving.com\\\/en\\\/#\\\/schema\\\/logo\\\/image\\\/\"},\"sameAs\":[\"http:\\\/\\\/www.facebook.com\\\/ArenalDiving\",\"https:\\\/\\\/x.com\\\/ArenalDivingibiza\",\"https:\\\/\\\/www.instagram.com\\\/arenaldiving\",\"https:\\\/\\\/www.youtube.com\\\/channel\\\/UCA-OvbTtt4UHrysU3q2I_Bw\"],\"description\":\"TODO TIPO DE OBRAS HIDRAULICAS Y SUBMARINAS; TRABAJOS DE RESCATE; RFLOTAMIENTO DE BUQUES; ESCUELA Y CENTRO DE BUCEO; PRODUCCION DE REPORTAJES Y FOTOGRAFIAS SUBACUATICAS; PREPARACION Y EXPLOTACION DE EXCURSIONES MARITIMAS\",\"email\":\"arenaldivingibiza@gmail.com\",\"telephone\":\"+34871044678\",\"legalName\":\"CENTRO DE BUCEO ARENAL SL\",\"foundingDate\":\"2005-03-19\",\"vatID\":\"ESB57322034\",\"taxID\":\"B57322034\",\"numberOfEmployees\":{\"@type\":\"QuantitativeValue\",\"minValue\":\"11\",\"maxValue\":\"50\"},\"publishingPrinciples\":\"https:\\\/\\\/arenaldiving.com\\\/politica-de-cookies\\\/\",\"ownershipFundingInfo\":\"https:\\\/\\\/arenaldiving.com\\\/avisos-legales\\\/\",\"actionableFeedbackPolicy\":\"https:\\\/\\\/arenaldiving.com\\\/politica-de-cookies\\\/\"}]}<\/script>\n<!-- \/ Yoast SEO Premium plugin. -->","yoast_head_json":{"title":"Curso EFR (Emergency First Response) In Ibiza - Arenal Diving","description":"CPR and first aid course. You will learn emergency skills, basic life support (BLS) and performing rescue breaths, Curso EFR (Emergency First Response) In Ibiza - Arenal Diving","robots":{"index":"index","follow":"follow","max-snippet":"max-snippet:-1","max-image-preview":"max-image-preview:large","max-video-preview":"max-video-preview:-1"},"canonical":"https:\/\/arenaldiving.com\/en\/producto\/emergency-first-response-efr\/","og_locale":"en_US","og_type":"article","og_title":"Emergency First Response (EFR)","og_description":"CPR and first aid course. You will learn emergency skills, basic life support (BLS) and performing rescue breaths, Curso EFR (Emergency First Response) In Ibiza - Arenal Diving","og_url":"https:\/\/arenaldiving.com\/en\/producto\/emergency-first-response-efr\/","article_publisher":"http:\/\/www.facebook.com\/ArenalDiving","article_modified_time":"2023-12-07T17:50:50+00:00","og_image":[{"width":900,"height":608,"url":"https:\/\/arenaldiving.com\/wp-content\/uploads\/2022\/04\/bucear-en-ibiza.jpg","type":"image\/jpeg"}],"twitter_card":"summary_large_image","twitter_site":"@ArenalDivingibiza","twitter_misc":{"Est. reading time":"1 minute"},"schema":{"@context":"https:\/\/schema.org","@graph":[{"@type":"WebPage","@id":"https:\/\/arenaldiving.com\/en\/producto\/emergency-first-response-efr\/","url":"https:\/\/arenaldiving.com\/en\/producto\/emergency-first-response-efr\/","name":"Curso EFR (Emergency First Response) In Ibiza - Arenal Diving","isPartOf":{"@id":"https:\/\/arenaldiving.com\/en\/#website"},"primaryImageOfPage":{"@id":"https:\/\/arenaldiving.com\/en\/producto\/emergency-first-response-efr\/#primaryimage"},"image":{"@id":"https:\/\/arenaldiving.com\/en\/producto\/emergency-first-response-efr\/#primaryimage"},"thumbnailUrl":"https:\/\/i0.wp.com\/arenaldiving.com\/wp-content\/uploads\/2022\/04\/bucear-en-ibiza.jpg?fit=900%2C608&ssl=1","datePublished":"2022-04-21T13:08:26+00:00","dateModified":"2023-12-07T17:50:50+00:00","description":"CPR and first aid course. You will learn emergency skills, basic life support (BLS) and performing rescue breaths, Curso EFR (Emergency First Response) In Ibiza - Arenal Diving","breadcrumb":{"@id":"https:\/\/arenaldiving.com\/en\/producto\/emergency-first-response-efr\/#breadcrumb"},"inLanguage":"en-US","potentialAction":[{"@type":"ReadAction","target":["https:\/\/arenaldiving.com\/en\/producto\/emergency-first-response-efr\/"]}]},{"@type":"ImageObject","inLanguage":"en-US","@id":"https:\/\/arenaldiving.com\/en\/producto\/emergency-first-response-efr\/#primaryimage","url":"https:\/\/i0.wp.com\/arenaldiving.com\/wp-content\/uploads\/2022\/04\/bucear-en-ibiza.jpg?fit=900%2C608&ssl=1","contentUrl":"https:\/\/i0.wp.com\/arenaldiving.com\/wp-content\/uploads\/2022\/04\/bucear-en-ibiza.jpg?fit=900%2C608&ssl=1","width":900,"height":608,"caption":"bucear en Ibiza"},{"@type":"BreadcrumbList","@id":"https:\/\/arenaldiving.com\/en\/producto\/emergency-first-response-efr\/#breadcrumb","itemListElement":[{"@type":"ListItem","position":1,"name":"Inicio","item":"https:\/\/arenaldiving.com\/en\/"},{"@type":"ListItem","position":2,"name":"Products","item":"https:\/\/arenaldiving.com\/en\/products\/"},{"@type":"ListItem","position":3,"name":"Curso de PADI","item":"https:\/\/arenaldiving.com\/en\/product-category\/curso-de-padi-en\/"},{"@type":"ListItem","position":4,"name":"Emergency First Response (EFR)"}]},{"@type":"WebSite","@id":"https:\/\/arenaldiving.com\/en\/#website","url":"https:\/\/arenaldiving.com\/en\/","name":"Arenal diving","description":"Centro de buceo PADI en San Antonio, Ibiza","publisher":{"@id":"https:\/\/arenaldiving.com\/en\/#organization"},"potentialAction":[{"@type":"SearchAction","target":{"@type":"EntryPoint","urlTemplate":"https:\/\/arenaldiving.com\/en\/?s={search_term_string}"},"query-input":{"@type":"PropertyValueSpecification","valueRequired":true,"valueName":"search_term_string"}}],"inLanguage":"en-US"},{"@type":"Organization","@id":"https:\/\/arenaldiving.com\/en\/#organization","name":"Centro de buceo arenal SL","alternateName":"Arenal Diving Ibiza","url":"https:\/\/arenaldiving.com\/en\/","logo":{"@type":"ImageObject","inLanguage":"en-US","@id":"https:\/\/arenaldiving.com\/en\/#\/schema\/logo\/image\/","url":"https:\/\/i0.wp.com\/arenaldiving.com\/wp-content\/uploads\/2023\/01\/logo-arenal-diving_pequeno.jpg?fit=200%2C250&ssl=1","contentUrl":"https:\/\/i0.wp.com\/arenaldiving.com\/wp-content\/uploads\/2023\/01\/logo-arenal-diving_pequeno.jpg?fit=200%2C250&ssl=1","width":200,"height":250,"caption":"Centro de buceo arenal SL"},"image":{"@id":"https:\/\/arenaldiving.com\/en\/#\/schema\/logo\/image\/"},"sameAs":["http:\/\/www.facebook.com\/ArenalDiving","https:\/\/x.com\/ArenalDivingibiza","https:\/\/www.instagram.com\/arenaldiving","https:\/\/www.youtube.com\/channel\/UCA-OvbTtt4UHrysU3q2I_Bw"],"description":"TODO TIPO DE OBRAS HIDRAULICAS Y SUBMARINAS; TRABAJOS DE RESCATE; RFLOTAMIENTO DE BUQUES; ESCUELA Y CENTRO DE BUCEO; PRODUCCION DE REPORTAJES Y FOTOGRAFIAS SUBACUATICAS; PREPARACION Y EXPLOTACION DE EXCURSIONES MARITIMAS","email":"arenaldivingibiza@gmail.com","telephone":"+34871044678","legalName":"CENTRO DE BUCEO ARENAL SL","foundingDate":"2005-03-19","vatID":"ESB57322034","taxID":"B57322034","numberOfEmployees":{"@type":"QuantitativeValue","minValue":"11","maxValue":"50"},"publishingPrinciples":"https:\/\/arenaldiving.com\/politica-de-cookies\/","ownershipFundingInfo":"https:\/\/arenaldiving.com\/avisos-legales\/","actionableFeedbackPolicy":"https:\/\/arenaldiving.com\/politica-de-cookies\/"}]}},"_links":{"self":[{"href":"https:\/\/arenaldiving.com\/en\/wp-json\/wp\/v2\/product\/8792","targetHints":{"allow":["GET"]}}],"collection":[{"href":"https:\/\/arenaldiving.com\/en\/wp-json\/wp\/v2\/product"}],"about":[{"href":"https:\/\/arenaldiving.com\/en\/wp-json\/wp\/v2\/types\/product"}],"replies":[{"embeddable":true,"href":"https:\/\/arenaldiving.com\/en\/wp-json\/wp\/v2\/comments?post=8792"}],"version-history":[{"count":4,"href":"https:\/\/arenaldiving.com\/en\/wp-json\/wp\/v2\/product\/8792\/revisions"}],"predecessor-version":[{"id":10622,"href":"https:\/\/arenaldiving.com\/en\/wp-json\/wp\/v2\/product\/8792\/revisions\/10622"}],"wp:featuredmedia":[{"embeddable":true,"href":"https:\/\/arenaldiving.com\/en\/wp-json\/wp\/v2\/media\/7613"}],"wp:attachment":[{"href":"https:\/\/arenaldiving.com\/en\/wp-json\/wp\/v2\/media?parent=8792"}],"wp:term":[{"taxonomy":"product_brand","embeddable":true,"href":"https:\/\/arenaldiving.com\/en\/wp-json\/wp\/v2\/product_brand?post=8792"},{"taxonomy":"product_cat","embeddable":true,"href":"https:\/\/arenaldiving.com\/en\/wp-json\/wp\/v2\/product_cat?post=8792"},{"taxonomy":"product_tag","embeddable":true,"href":"https:\/\/arenaldiving.com\/en\/wp-json\/wp\/v2\/product_tag?post=8792"}],"curies":[{"name":"wp","href":"https:\/\/api.w.org\/{rel}","templated":true}]}}