{"id":7367,"date":"2022-03-15T09:48:55","date_gmt":"2022-03-15T09:48:55","guid":{"rendered":"https:\/\/arenaldiving.com\/dives\/isla-bledas\/"},"modified":"2022-03-15T09:48:55","modified_gmt":"2022-03-15T09:48:55","slug":"isla-bledas","status":"publish","type":"page","link":"https:\/\/arenaldiving.com\/en\/dives\/isla-bledas\/","title":{"rendered":"Isla Bledas"},"content":{"rendered":"\t\t<div data-elementor-type=\"wp-page\" data-elementor-id=\"7367\" class=\"elementor elementor-7367 elementor-5203\" data-elementor-post-type=\"page\">\n\t\t\t\t\t\t<section class=\"elementor-section elementor-top-section elementor-element elementor-element-cd47356 elementor-section-stretched elementor-section-boxed elementor-section-height-default elementor-section-height-default elementor-section-width-default elementor-lg-breakpoint-no\" data-id=\"cd47356\" data-element_type=\"section\" data-e-type=\"section\" data-settings=\"{&quot;background_background&quot;:&quot;classic&quot;,&quot;stretch_section&quot;:&quot;section-stretched&quot;}\">\n\t\t\t\t\t\t<div class=\"elementor-container elementor-column-gap-default\">\n\t\t\t\t\t<div class=\"elementor-column elementor-col-100 elementor-top-column elementor-element elementor-element-1d9a2fd0\" data-id=\"1d9a2fd0\" data-element_type=\"column\" data-e-type=\"column\">\n\t\t\t<div class=\"elementor-widget-wrap elementor-element-populated\">\n\t\t\t\t\t\t<div class=\"elementor-element elementor-element-6d2ea2e6 elementor-img-luminosity elementor-widget elementor-widget-osfins-portfolio-summary\" data-id=\"6d2ea2e6\" data-element_type=\"widget\" data-e-type=\"widget\" data-widget_type=\"osfins-portfolio-summary.default\">\n\t\t\t\t<div class=\"elementor-widget-container\">\n\t\t\t\t\t\t\t<div class=\"portfolio-summary-thumb\">\n\t\t\t<img data-recalc-dims=\"1\" decoding=\"async\" src=\"https:\/\/i0.wp.com\/osfins.micro-theme\/wp\/test1\/wp-content\/uploads\/2020\/12\/fluid_hero_04.jpg?w=1200\" title=\"\" alt=\"\" loading=\"lazy\" \/>\t\t<\/div>\n\t\t<div class=\"project-summary\">\n\t\t\t<div class=\"row no-gutters\">\n\t\t\t\t\t\t\t\t\t\t<div class=\"col-md-3\">\n\t\t\t\t\t\t\t<div class=\"ps-block\">\n\t\t\t\t\t\t\t\t<div class=\"pd-title\">Nombre inmersi\u00f3n<\/div>\n\t\t\t\t\t\t\t\t<div class=\"pd-content\">Bledas Gorgonias<\/div>\n\t\t\t\t\t\t\t<\/div>\n\t\t\t\t\t\t<\/div>\n\t\t\t\t\t\t\t\t\t\t<div class=\"col-md-3\">\n\t\t\t\t\t\t\t<div class=\"ps-block\">\n\t\t\t\t\t\t\t\t<div class=\"pd-title\">Profundidad<\/div>\n\t\t\t\t\t\t\t\t<div class=\"pd-content\">35 metros<\/div>\n\t\t\t\t\t\t\t<\/div>\n\t\t\t\t\t\t<\/div>\n\t\t\t\t\t\t\t\t\t\t<div class=\"col-md-3\">\n\t\t\t\t\t\t\t<div class=\"ps-block\">\n\t\t\t\t\t\t\t\t<div class=\"pd-title\">Calidad<\/div>\n\t\t\t\t\t\t\t\t<div class=\"pd-content\">Excepcional<\/div>\n\t\t\t\t\t\t\t<\/div>\n\t\t\t\t\t\t<\/div>\n\t\t\t\t\t\t\t\t\t\t<div class=\"col-md-3\">\n\t\t\t\t\t\t\t<div class=\"ps-block\">\n\t\t\t\t\t\t\t\t<div class=\"pd-title\">Dificultad <\/div>\n\t\t\t\t\t\t\t\t<div class=\"pd-content\">AOW<\/div>\n\t\t\t\t\t\t\t<\/div>\n\t\t\t\t\t\t<\/div>\n\t\t\t\t\t\t\t<\/div>\n\t\t<\/div>\n\t\t\t\t<\/div>\n\t\t\t\t<\/div>\n\t\t\t\t\t<\/div>\n\t\t<\/div>\n\t\t\t\t\t<\/div>\n\t\t<\/section>\n\t\t\t\t<section class=\"elementor-section elementor-top-section elementor-element elementor-element-7b3dfc25 elementor-section-boxed elementor-section-height-default elementor-section-height-default elementor-section-width-default elementor-parallax-no elementor-lg-breakpoint-no\" data-id=\"7b3dfc25\" data-element_type=\"section\" data-e-type=\"section\" data-settings=\"{&quot;background_background&quot;:&quot;classic&quot;}\">\n\t\t\t\t\t\t<div class=\"elementor-container elementor-column-gap-wider\">\n\t\t\t\t\t<div class=\"elementor-column elementor-col-66 elementor-top-column elementor-element elementor-element-4a88a5dc\" data-id=\"4a88a5dc\" data-element_type=\"column\" data-e-type=\"column\">\n\t\t\t<div class=\"elementor-widget-wrap elementor-element-populated\">\n\t\t\t\t\t\t<section class=\"elementor-section elementor-inner-section elementor-element elementor-element-40eb2a1c elementor-section-boxed elementor-section-height-default elementor-section-height-default elementor-section-width-default elementor-parallax-no elementor-lg-breakpoint-no\" data-id=\"40eb2a1c\" data-element_type=\"section\" data-e-type=\"section\">\n\t\t\t\t\t\t<div class=\"elementor-container elementor-column-gap-wider\">\n\t\t\t\t\t<div class=\"elementor-column elementor-col-100 elementor-inner-column elementor-element elementor-element-3d9b1041\" data-id=\"3d9b1041\" data-element_type=\"column\" data-e-type=\"column\">\n\t\t\t<div class=\"elementor-widget-wrap elementor-element-populated\">\n\t\t\t\t\t\t<div class=\"elementor-element elementor-element-4b8b2366 elementor-widget elementor-widget-heading\" data-id=\"4b8b2366\" data-element_type=\"widget\" data-e-type=\"widget\" data-widget_type=\"heading.default\">\n\t\t\t\t<div class=\"elementor-widget-container\">\n\t\t\t\t\t<h3 class=\"elementor-heading-title elementor-size-default\">Bledas Gorgonias<\/h3>\t\t\t\t<\/div>\n\t\t\t\t<\/div>\n\t\t\t\t\t<\/div>\n\t\t<\/div>\n\t\t\t\t\t<\/div>\n\t\t<\/section>\n\t\t\t\t<section class=\"elementor-section elementor-inner-section elementor-element elementor-element-314ec29f elementor-section-boxed elementor-section-height-default elementor-section-height-default elementor-section-width-default elementor-parallax-no elementor-lg-breakpoint-no\" data-id=\"314ec29f\" data-element_type=\"section\" data-e-type=\"section\">\n\t\t\t\t\t\t<div class=\"elementor-container elementor-column-gap-default\">\n\t\t\t\t\t<div class=\"elementor-column elementor-col-100 elementor-inner-column elementor-element elementor-element-6c522f87\" data-id=\"6c522f87\" data-element_type=\"column\" data-e-type=\"column\">\n\t\t\t<div class=\"elementor-widget-wrap elementor-element-populated\">\n\t\t\t\t\t\t<div class=\"elementor-element elementor-element-28e7642a elementor-widget elementor-widget-text-editor\" data-id=\"28e7642a\" data-element_type=\"widget\" data-e-type=\"widget\" data-widget_type=\"text-editor.default\">\n\t\t\t\t<div class=\"elementor-widget-container\">\n\t\t\t\t\t\t\t\t\t<p>Las Bledas son un peque\u00f1o y pintoresco archipi\u00e9lago de islas al SW de Sant Antoni, del que la separan unas 6 millas y media de distancia, y que est\u00e1n bastante m\u00e1s cerca de las islas de Espartar y Conillera.<\/p><p>Como es natural, este marco ofrece de por s\u00ed multitud de puntos de buceo en los que disfrutar de unos fondos sensacionales aunque la inmersi\u00f3n que ahora os proponemos es la que se desarrolla en la Bleda peque\u00f1a, en el punto conocido como Las Gorgonias.<\/p><p>Poco despu\u00e9s de atravesar un peque\u00f1o canal que lo separa de un islote, nos sumergimos en la cara SW de la Bleda peque\u00f1a donde el fondeo alcanza unos -10mts. R\u00e1pidamente ganamos profundidad y comprobamos enseguida la importante ca\u00edda que presenta este fondo.<\/p><p>Todas las infograf\u00edas y textos con autorizaci\u00f3n de Rafa Martos.<\/p><p><a href=\"http:\/\/blogs.comunitatvalenciana.com\/buceo\/author\/rmartos\/\" target=\"_blank\" rel=\"noopener\">http:\/\/blogs.comunitatvalenciana.com\/buceo\/author\/rmartos\/<\/a><\/p>\t\t\t\t\t\t\t\t<\/div>\n\t\t\t\t<\/div>\n\t\t\t\t\t<\/div>\n\t\t<\/div>\n\t\t\t\t\t<\/div>\n\t\t<\/section>\n\t\t\t\t\t<\/div>\n\t\t<\/div>\n\t\t\t\t<div class=\"elementor-column elementor-col-33 elementor-top-column elementor-element elementor-element-1bcc1c63\" data-id=\"1bcc1c63\" data-element_type=\"column\" data-e-type=\"column\">\n\t\t\t<div class=\"elementor-widget-wrap elementor-element-populated\">\n\t\t\t\t\t\t<div class=\"elementor-element elementor-element-64c6ca51 elementor-widget elementor-widget-image\" data-id=\"64c6ca51\" data-element_type=\"widget\" data-e-type=\"widget\" data-widget_type=\"image.default\">\n\t\t\t\t<div class=\"elementor-widget-container\">\n\t\t\t\t\t\t\t\t\t\t\t\t\t\t\t<img fetchpriority=\"high\" decoding=\"async\" width=\"487\" height=\"459\" src=\"https:\/\/i0.wp.com\/arenaldiving.com\/wp-content\/uploads\/2022\/03\/Las-islas-Bledas-inmersion-de-buceo-en-ibiza.jpg?fit=487%2C459&amp;ssl=1\" class=\"attachment-large size-large wp-image-6736\" alt=\"\" srcset=\"https:\/\/i0.wp.com\/arenaldiving.com\/wp-content\/uploads\/2022\/03\/Las-islas-Bledas-inmersion-de-buceo-en-ibiza.jpg?w=487&amp;ssl=1 487w, https:\/\/i0.wp.com\/arenaldiving.com\/wp-content\/uploads\/2022\/03\/Las-islas-Bledas-inmersion-de-buceo-en-ibiza.jpg?resize=300%2C283&amp;ssl=1 300w\" sizes=\"(max-width: 487px) 100vw, 487px\" \/>\t\t\t\t\t\t\t\t\t\t\t\t\t\t\t<\/div>\n\t\t\t\t<\/div>\n\t\t\t\t<div class=\"elementor-element elementor-element-70fe1cb4 elementor-widget elementor-widget-html\" data-id=\"70fe1cb4\" data-element_type=\"widget\" data-e-type=\"widget\" data-widget_type=\"html.default\">\n\t\t\t\t<div class=\"elementor-widget-container\">\n\t\t\t\t\t<iframe src=\"https:\/\/www.google.com\/maps\/embed?pb=!1m18!1m12!1m3!1d111834.10500140631!2d1.1646671634024575!3d38.948848224583315!2m3!1f0!2f0!3f0!3m2!1i1024!2i768!4f13.1!3m3!1m2!1s0x129eb589ae9f9879%3A0x3f75310d9994b75f!2sIslas%20Bledas!5e1!3m2!1sen!2ses!4v1647338498813!5m2!1sen!2ses\" width=\"600\" height=\"450\" style=\"border:0;\" allowfullscreen=\"\" loading=\"lazy\"><\/iframe>\t\t\t\t<\/div>\n\t\t\t\t<\/div>\n\t\t\t\t\t<\/div>\n\t\t<\/div>\n\t\t\t\t\t<\/div>\n\t\t<\/section>\n\t\t\t\t<section class=\"elementor-section elementor-top-section elementor-element elementor-element-5116f471 elementor-section-boxed elementor-section-height-default elementor-section-height-default elementor-section-width-default elementor-parallax-no elementor-lg-breakpoint-no\" data-id=\"5116f471\" data-element_type=\"section\" data-e-type=\"section\">\n\t\t\t\t\t\t<div class=\"elementor-container elementor-column-gap-default\">\n\t\t\t\t\t<div class=\"elementor-column elementor-col-100 elementor-top-column elementor-element elementor-element-6e9b9e9e\" data-id=\"6e9b9e9e\" data-element_type=\"column\" data-e-type=\"column\">\n\t\t\t<div class=\"elementor-widget-wrap elementor-element-populated\">\n\t\t\t\t\t\t<div class=\"elementor-element elementor-element-6c3e5209 elementor-widget elementor-widget-text-editor\" data-id=\"6c3e5209\" data-element_type=\"widget\" data-e-type=\"widget\" data-widget_type=\"text-editor.default\">\n\t\t\t\t<div class=\"elementor-widget-container\">\n\t\t\t\t\t\t\t\t\t<p>Dejando la pared a nuestra derecha, rumbo NW, enseguida y a poco m\u00e1s de -30mts de profundidad hacen su aparici\u00f3n los primeros ejemplares del espectacular\u00a0<\/p><p>jard\u00edn de gorgonias de intensos tonos rojos que, dada la profundidad, s\u00f3lo podremos percibir bien con una buena fuente de luz. La pared entera est\u00e1 cubierta de esta delicada colonia animal que a m\u00e1s de unos nos parecen frondosas ramas de alg\u00fan colorido arbusto.<\/p><p>Nos quedaremos encantados disfrutando de este sublime paisaje enriquecido a\u00fan m\u00e1s con el encuentro de alguna morena entre las gorgonias e incluso de alg\u00fan pez de San Pedro pero debemos estar muy atentos al aire de la botella y a la eventual entrada en descompresi\u00f3n dada la elevada profundidad a la que llegan a estar las gorgonias, m\u00e1s all\u00e1 de los -50mts, por lo que, de acuerdo con la planificaci\u00f3n que llevemos de la inmersi\u00f3n, cuando regresemos invertiremos el rumbo y dejando la pared ahora a nuestra izquierda iremos reduciendo progresivamente la profundidad hasta llegar a la embarcaci\u00f3n o, si se prefiere, rebasarla para hacer una c\u00f3moda y tranquila parada de seguridad en las radiantes aguas del peque\u00f1o canal.<\/p>\t\t\t\t\t\t\t\t<\/div>\n\t\t\t\t<\/div>\n\t\t\t\t\t<\/div>\n\t\t<\/div>\n\t\t\t\t\t<\/div>\n\t\t<\/section>\n\t\t\t\t<\/div>\n\t\t","protected":false},"excerpt":{"rendered":"<p>Nombre inmersi\u00f3n Bledas Gorgonias Profundidad 35 metros Calidad Excepcional Dificultad AOW Bledas Gorgonias Las Bledas son un peque\u00f1o y pintoresco archipi\u00e9lago de islas al SW de Sant Antoni, del que la separan unas 6 millas y media de distancia, y que est\u00e1n bastante m\u00e1s cerca de las islas de Espartar y Conillera. Como es natural, [&hellip;]<\/p>\n","protected":false},"author":3,"featured_media":6736,"parent":7261,"menu_order":0,"comment_status":"closed","ping_status":"closed","template":"","meta":{"_joinchat":[],"footnotes":""},"class_list":["post-7367","page","type-page","status-publish","has-post-thumbnail","hentry"],"yoast_head":"<!-- This site is optimized with the Yoast SEO Premium plugin v27.5 (Yoast SEO v27.5) - https:\/\/yoast.com\/product\/yoast-seo-premium-wordpress\/ -->\n<title>Isla Bledas | bledas gorgonias | Diving in Ibiza | inmersiones ibiza<\/title>\n<meta name=\"description\" content=\"Las Bledas son un peque\u00f1o y pintoresco archipi\u00e9lago de islas al SW de Sant Antoni, del que la separan unas 6 millas y media de distancia\" \/>\n<meta name=\"robots\" content=\"index, follow, max-snippet:-1, max-image-preview:large, max-video-preview:-1\" \/>\n<link rel=\"canonical\" href=\"https:\/\/arenaldiving.com\/en\/dives\/isla-bledas\/\" \/>\n<meta property=\"og:locale\" content=\"en_US\" \/>\n<meta property=\"og:type\" content=\"article\" \/>\n<meta property=\"og:title\" content=\"Isla Bledas\" \/>\n<meta property=\"og:description\" content=\"Las Bledas son un peque\u00f1o y pintoresco archipi\u00e9lago de islas al SW de Sant Antoni, del que la separan unas 6 millas y media de distancia\" \/>\n<meta property=\"og:url\" content=\"https:\/\/arenaldiving.com\/en\/dives\/isla-bledas\/\" \/>\n<meta property=\"article:publisher\" content=\"http:\/\/www.facebook.com\/ArenalDiving\" \/>\n<meta property=\"og:image\" content=\"https:\/\/arenaldiving.com\/wp-content\/uploads\/2022\/03\/Las-islas-Bledas-inmersion-de-buceo-en-ibiza.jpg\" \/>\n\t<meta property=\"og:image:width\" content=\"487\" \/>\n\t<meta property=\"og:image:height\" content=\"459\" \/>\n\t<meta property=\"og:image:type\" content=\"image\/jpeg\" \/>\n<meta name=\"twitter:card\" content=\"summary_large_image\" \/>\n<meta name=\"twitter:site\" content=\"@ArenalDivingibiza\" \/>\n<meta name=\"twitter:label1\" content=\"Est. reading time\" \/>\n\t<meta name=\"twitter:data1\" content=\"2 minutes\" \/>\n<script type=\"application\/ld+json\" class=\"yoast-schema-graph\">{\"@context\":\"https:\\\/\\\/schema.org\",\"@graph\":[{\"@type\":\"WebPage\",\"@id\":\"https:\\\/\\\/arenaldiving.com\\\/en\\\/dives\\\/isla-bledas\\\/\",\"url\":\"https:\\\/\\\/arenaldiving.com\\\/en\\\/dives\\\/isla-bledas\\\/\",\"name\":\"Isla Bledas | bledas gorgonias | Diving in Ibiza | inmersiones ibiza\",\"isPartOf\":{\"@id\":\"https:\\\/\\\/arenaldiving.com\\\/en\\\/#website\"},\"primaryImageOfPage\":{\"@id\":\"https:\\\/\\\/arenaldiving.com\\\/en\\\/dives\\\/isla-bledas\\\/#primaryimage\"},\"image\":{\"@id\":\"https:\\\/\\\/arenaldiving.com\\\/en\\\/dives\\\/isla-bledas\\\/#primaryimage\"},\"thumbnailUrl\":\"https:\\\/\\\/i0.wp.com\\\/arenaldiving.com\\\/wp-content\\\/uploads\\\/2022\\\/03\\\/Las-islas-Bledas-inmersion-de-buceo-en-ibiza.jpg?fit=487%2C459&ssl=1\",\"datePublished\":\"2022-03-15T09:48:55+00:00\",\"description\":\"Las Bledas son un peque\u00f1o y pintoresco archipi\u00e9lago de islas al SW de Sant Antoni, del que la separan unas 6 millas y media de distancia\",\"breadcrumb\":{\"@id\":\"https:\\\/\\\/arenaldiving.com\\\/en\\\/dives\\\/isla-bledas\\\/#breadcrumb\"},\"inLanguage\":\"en-US\",\"potentialAction\":[{\"@type\":\"ReadAction\",\"target\":[\"https:\\\/\\\/arenaldiving.com\\\/en\\\/dives\\\/isla-bledas\\\/\"]}]},{\"@type\":\"ImageObject\",\"inLanguage\":\"en-US\",\"@id\":\"https:\\\/\\\/arenaldiving.com\\\/en\\\/dives\\\/isla-bledas\\\/#primaryimage\",\"url\":\"https:\\\/\\\/i0.wp.com\\\/arenaldiving.com\\\/wp-content\\\/uploads\\\/2022\\\/03\\\/Las-islas-Bledas-inmersion-de-buceo-en-ibiza.jpg?fit=487%2C459&ssl=1\",\"contentUrl\":\"https:\\\/\\\/i0.wp.com\\\/arenaldiving.com\\\/wp-content\\\/uploads\\\/2022\\\/03\\\/Las-islas-Bledas-inmersion-de-buceo-en-ibiza.jpg?fit=487%2C459&ssl=1\",\"width\":487,\"height\":459},{\"@type\":\"BreadcrumbList\",\"@id\":\"https:\\\/\\\/arenaldiving.com\\\/en\\\/dives\\\/isla-bledas\\\/#breadcrumb\",\"itemListElement\":[{\"@type\":\"ListItem\",\"position\":1,\"name\":\"Inicio\",\"item\":\"https:\\\/\\\/arenaldiving.com\\\/en\\\/\"},{\"@type\":\"ListItem\",\"position\":2,\"name\":\"IBIZA DIVE SITES MAP\",\"item\":\"https:\\\/\\\/arenaldiving.com\\\/en\\\/dives\\\/\"},{\"@type\":\"ListItem\",\"position\":3,\"name\":\"Isla Bledas\"}]},{\"@type\":\"WebSite\",\"@id\":\"https:\\\/\\\/arenaldiving.com\\\/en\\\/#website\",\"url\":\"https:\\\/\\\/arenaldiving.com\\\/en\\\/\",\"name\":\"Arenal diving\",\"description\":\"Centro de buceo PADI en San Antonio, Ibiza\",\"publisher\":{\"@id\":\"https:\\\/\\\/arenaldiving.com\\\/en\\\/#organization\"},\"potentialAction\":[{\"@type\":\"SearchAction\",\"target\":{\"@type\":\"EntryPoint\",\"urlTemplate\":\"https:\\\/\\\/arenaldiving.com\\\/en\\\/?s={search_term_string}\"},\"query-input\":{\"@type\":\"PropertyValueSpecification\",\"valueRequired\":true,\"valueName\":\"search_term_string\"}}],\"inLanguage\":\"en-US\"},{\"@type\":\"Organization\",\"@id\":\"https:\\\/\\\/arenaldiving.com\\\/en\\\/#organization\",\"name\":\"Centro de buceo arenal SL\",\"alternateName\":\"Arenal Diving Ibiza\",\"url\":\"https:\\\/\\\/arenaldiving.com\\\/en\\\/\",\"logo\":{\"@type\":\"ImageObject\",\"inLanguage\":\"en-US\",\"@id\":\"https:\\\/\\\/arenaldiving.com\\\/en\\\/#\\\/schema\\\/logo\\\/image\\\/\",\"url\":\"https:\\\/\\\/i0.wp.com\\\/arenaldiving.com\\\/wp-content\\\/uploads\\\/2023\\\/01\\\/logo-arenal-diving_pequeno.jpg?fit=200%2C250&ssl=1\",\"contentUrl\":\"https:\\\/\\\/i0.wp.com\\\/arenaldiving.com\\\/wp-content\\\/uploads\\\/2023\\\/01\\\/logo-arenal-diving_pequeno.jpg?fit=200%2C250&ssl=1\",\"width\":200,\"height\":250,\"caption\":\"Centro de buceo arenal SL\"},\"image\":{\"@id\":\"https:\\\/\\\/arenaldiving.com\\\/en\\\/#\\\/schema\\\/logo\\\/image\\\/\"},\"sameAs\":[\"http:\\\/\\\/www.facebook.com\\\/ArenalDiving\",\"https:\\\/\\\/x.com\\\/ArenalDivingibiza\",\"https:\\\/\\\/www.instagram.com\\\/arenaldiving\",\"https:\\\/\\\/www.youtube.com\\\/channel\\\/UCA-OvbTtt4UHrysU3q2I_Bw\"],\"description\":\"TODO TIPO DE OBRAS HIDRAULICAS Y SUBMARINAS; TRABAJOS DE RESCATE; RFLOTAMIENTO DE BUQUES; ESCUELA Y CENTRO DE BUCEO; PRODUCCION DE REPORTAJES Y FOTOGRAFIAS SUBACUATICAS; PREPARACION Y EXPLOTACION DE EXCURSIONES MARITIMAS\",\"email\":\"arenaldivingibiza@gmail.com\",\"telephone\":\"+34871044678\",\"legalName\":\"CENTRO DE BUCEO ARENAL SL\",\"foundingDate\":\"2005-03-19\",\"vatID\":\"ESB57322034\",\"taxID\":\"B57322034\",\"numberOfEmployees\":{\"@type\":\"QuantitativeValue\",\"minValue\":\"11\",\"maxValue\":\"50\"},\"publishingPrinciples\":\"https:\\\/\\\/arenaldiving.com\\\/politica-de-cookies\\\/\",\"ownershipFundingInfo\":\"https:\\\/\\\/arenaldiving.com\\\/avisos-legales\\\/\",\"actionableFeedbackPolicy\":\"https:\\\/\\\/arenaldiving.com\\\/politica-de-cookies\\\/\"}]}<\/script>\n<!-- \/ Yoast SEO Premium plugin. -->","yoast_head_json":{"title":"Isla Bledas | bledas gorgonias | Diving in Ibiza | inmersiones ibiza","description":"Las Bledas son un peque\u00f1o y pintoresco archipi\u00e9lago de islas al SW de Sant Antoni, del que la separan unas 6 millas y media de distancia","robots":{"index":"index","follow":"follow","max-snippet":"max-snippet:-1","max-image-preview":"max-image-preview:large","max-video-preview":"max-video-preview:-1"},"canonical":"https:\/\/arenaldiving.com\/en\/dives\/isla-bledas\/","og_locale":"en_US","og_type":"article","og_title":"Isla Bledas","og_description":"Las Bledas son un peque\u00f1o y pintoresco archipi\u00e9lago de islas al SW de Sant Antoni, del que la separan unas 6 millas y media de distancia","og_url":"https:\/\/arenaldiving.com\/en\/dives\/isla-bledas\/","article_publisher":"http:\/\/www.facebook.com\/ArenalDiving","og_image":[{"width":487,"height":459,"url":"https:\/\/arenaldiving.com\/wp-content\/uploads\/2022\/03\/Las-islas-Bledas-inmersion-de-buceo-en-ibiza.jpg","type":"image\/jpeg"}],"twitter_card":"summary_large_image","twitter_site":"@ArenalDivingibiza","twitter_misc":{"Est. reading time":"2 minutes"},"schema":{"@context":"https:\/\/schema.org","@graph":[{"@type":"WebPage","@id":"https:\/\/arenaldiving.com\/en\/dives\/isla-bledas\/","url":"https:\/\/arenaldiving.com\/en\/dives\/isla-bledas\/","name":"Isla Bledas | bledas gorgonias | Diving in Ibiza | inmersiones ibiza","isPartOf":{"@id":"https:\/\/arenaldiving.com\/en\/#website"},"primaryImageOfPage":{"@id":"https:\/\/arenaldiving.com\/en\/dives\/isla-bledas\/#primaryimage"},"image":{"@id":"https:\/\/arenaldiving.com\/en\/dives\/isla-bledas\/#primaryimage"},"thumbnailUrl":"https:\/\/i0.wp.com\/arenaldiving.com\/wp-content\/uploads\/2022\/03\/Las-islas-Bledas-inmersion-de-buceo-en-ibiza.jpg?fit=487%2C459&ssl=1","datePublished":"2022-03-15T09:48:55+00:00","description":"Las Bledas son un peque\u00f1o y pintoresco archipi\u00e9lago de islas al SW de Sant Antoni, del que la separan unas 6 millas y media de distancia","breadcrumb":{"@id":"https:\/\/arenaldiving.com\/en\/dives\/isla-bledas\/#breadcrumb"},"inLanguage":"en-US","potentialAction":[{"@type":"ReadAction","target":["https:\/\/arenaldiving.com\/en\/dives\/isla-bledas\/"]}]},{"@type":"ImageObject","inLanguage":"en-US","@id":"https:\/\/arenaldiving.com\/en\/dives\/isla-bledas\/#primaryimage","url":"https:\/\/i0.wp.com\/arenaldiving.com\/wp-content\/uploads\/2022\/03\/Las-islas-Bledas-inmersion-de-buceo-en-ibiza.jpg?fit=487%2C459&ssl=1","contentUrl":"https:\/\/i0.wp.com\/arenaldiving.com\/wp-content\/uploads\/2022\/03\/Las-islas-Bledas-inmersion-de-buceo-en-ibiza.jpg?fit=487%2C459&ssl=1","width":487,"height":459},{"@type":"BreadcrumbList","@id":"https:\/\/arenaldiving.com\/en\/dives\/isla-bledas\/#breadcrumb","itemListElement":[{"@type":"ListItem","position":1,"name":"Inicio","item":"https:\/\/arenaldiving.com\/en\/"},{"@type":"ListItem","position":2,"name":"IBIZA DIVE SITES MAP","item":"https:\/\/arenaldiving.com\/en\/dives\/"},{"@type":"ListItem","position":3,"name":"Isla Bledas"}]},{"@type":"WebSite","@id":"https:\/\/arenaldiving.com\/en\/#website","url":"https:\/\/arenaldiving.com\/en\/","name":"Arenal diving","description":"Centro de buceo PADI en San Antonio, Ibiza","publisher":{"@id":"https:\/\/arenaldiving.com\/en\/#organization"},"potentialAction":[{"@type":"SearchAction","target":{"@type":"EntryPoint","urlTemplate":"https:\/\/arenaldiving.com\/en\/?s={search_term_string}"},"query-input":{"@type":"PropertyValueSpecification","valueRequired":true,"valueName":"search_term_string"}}],"inLanguage":"en-US"},{"@type":"Organization","@id":"https:\/\/arenaldiving.com\/en\/#organization","name":"Centro de buceo arenal SL","alternateName":"Arenal Diving Ibiza","url":"https:\/\/arenaldiving.com\/en\/","logo":{"@type":"ImageObject","inLanguage":"en-US","@id":"https:\/\/arenaldiving.com\/en\/#\/schema\/logo\/image\/","url":"https:\/\/i0.wp.com\/arenaldiving.com\/wp-content\/uploads\/2023\/01\/logo-arenal-diving_pequeno.jpg?fit=200%2C250&ssl=1","contentUrl":"https:\/\/i0.wp.com\/arenaldiving.com\/wp-content\/uploads\/2023\/01\/logo-arenal-diving_pequeno.jpg?fit=200%2C250&ssl=1","width":200,"height":250,"caption":"Centro de buceo arenal SL"},"image":{"@id":"https:\/\/arenaldiving.com\/en\/#\/schema\/logo\/image\/"},"sameAs":["http:\/\/www.facebook.com\/ArenalDiving","https:\/\/x.com\/ArenalDivingibiza","https:\/\/www.instagram.com\/arenaldiving","https:\/\/www.youtube.com\/channel\/UCA-OvbTtt4UHrysU3q2I_Bw"],"description":"TODO TIPO DE OBRAS HIDRAULICAS Y SUBMARINAS; TRABAJOS DE RESCATE; RFLOTAMIENTO DE BUQUES; ESCUELA Y CENTRO DE BUCEO; PRODUCCION DE REPORTAJES Y FOTOGRAFIAS SUBACUATICAS; PREPARACION Y EXPLOTACION DE EXCURSIONES MARITIMAS","email":"arenaldivingibiza@gmail.com","telephone":"+34871044678","legalName":"CENTRO DE BUCEO ARENAL SL","foundingDate":"2005-03-19","vatID":"ESB57322034","taxID":"B57322034","numberOfEmployees":{"@type":"QuantitativeValue","minValue":"11","maxValue":"50"},"publishingPrinciples":"https:\/\/arenaldiving.com\/politica-de-cookies\/","ownershipFundingInfo":"https:\/\/arenaldiving.com\/avisos-legales\/","actionableFeedbackPolicy":"https:\/\/arenaldiving.com\/politica-de-cookies\/"}]}},"_links":{"self":[{"href":"https:\/\/arenaldiving.com\/en\/wp-json\/wp\/v2\/pages\/7367","targetHints":{"allow":["GET"]}}],"collection":[{"href":"https:\/\/arenaldiving.com\/en\/wp-json\/wp\/v2\/pages"}],"about":[{"href":"https:\/\/arenaldiving.com\/en\/wp-json\/wp\/v2\/types\/page"}],"author":[{"embeddable":true,"href":"https:\/\/arenaldiving.com\/en\/wp-json\/wp\/v2\/users\/3"}],"replies":[{"embeddable":true,"href":"https:\/\/arenaldiving.com\/en\/wp-json\/wp\/v2\/comments?post=7367"}],"version-history":[{"count":0,"href":"https:\/\/arenaldiving.com\/en\/wp-json\/wp\/v2\/pages\/7367\/revisions"}],"up":[{"embeddable":true,"href":"https:\/\/arenaldiving.com\/en\/wp-json\/wp\/v2\/pages\/7261"}],"wp:featuredmedia":[{"embeddable":true,"href":"https:\/\/arenaldiving.com\/en\/wp-json\/wp\/v2\/media\/6736"}],"wp:attachment":[{"href":"https:\/\/arenaldiving.com\/en\/wp-json\/wp\/v2\/media?parent=7367"}],"curies":[{"name":"wp","href":"https:\/\/api.w.org\/{rel}","templated":true}]}}