{"id":7356,"date":"2022-03-15T13:13:38","date_gmt":"2022-03-15T13:13:38","guid":{"rendered":"https:\/\/arenaldiving.com\/curso-fotografia-padi\/"},"modified":"2022-03-15T13:13:38","modified_gmt":"2022-03-15T13:13:38","slug":"curso-fotografia-padi","status":"publish","type":"page","link":"https:\/\/arenaldiving.com\/en\/prices\/curso-fotografia-padi\/","title":{"rendered":"Curso de fotograf\u00eda PADI"},"content":{"rendered":"\t\t<div data-elementor-type=\"wp-page\" data-elementor-id=\"7356\" class=\"elementor elementor-7356 elementor-5297\" data-elementor-post-type=\"page\">\n\t\t\t\t\t\t<section class=\"elementor-section elementor-top-section elementor-element elementor-element-532c22a elementor-section-boxed elementor-section-height-default elementor-section-height-default elementor-section-width-default elementor-parallax-no elementor-lg-breakpoint-no\" data-id=\"532c22a\" data-element_type=\"section\" data-e-type=\"section\">\n\t\t\t\t\t\t<div class=\"elementor-container elementor-column-gap-default\">\n\t\t\t\t\t<div class=\"elementor-column elementor-col-50 elementor-top-column elementor-element elementor-element-0d0f5fd\" data-id=\"0d0f5fd\" data-element_type=\"column\" data-e-type=\"column\">\n\t\t\t<div class=\"elementor-widget-wrap elementor-element-populated\">\n\t\t\t\t\t\t<div class=\"elementor-element elementor-element-d958ce0 elementor-widget elementor-widget-heading\" data-id=\"d958ce0\" data-element_type=\"widget\" data-e-type=\"widget\" data-widget_type=\"heading.default\">\n\t\t\t\t<div class=\"elementor-widget-container\">\n\t\t\t\t\t<h2 class=\"elementor-heading-title elementor-size-default\">Curso de fotograf\u00eda PADI<\/h2>\t\t\t\t<\/div>\n\t\t\t\t<\/div>\n\t\t\t\t<div class=\"elementor-element elementor-element-bee0028 elementor-widget elementor-widget-text-editor\" data-id=\"bee0028\" data-element_type=\"widget\" data-e-type=\"widget\" data-widget_type=\"text-editor.default\">\n\t\t\t\t<div class=\"elementor-widget-container\">\n\t\t\t\t\t\t\t\t\t<p>Cada vez hay m\u00e1s gente que es propietaria de una c\u00e1mara de fotograf\u00eda digital, muchos tambi\u00e9n han adquirido una carcasa subacu\u00e1tica. La fotograf\u00eda submarina es una actividad muy divertida y de las m\u00e1s populares dentro de las especialidades de PADI. Es una modilidad de fotograf\u00eda que resulta muy divertida y relativamente sencilla de aprender. En este curso te ense\u00f1aremos a mejorar tu capacidad para captar instantes bajo el agua. Resolveremos todas tus dudas en un entorno pr\u00e1ctico en que disfrutar\u00e1s aprendiendo. El curso se puede realizar en aguas confinadas y aguas abiertas, dependiendo de las necesidades de cada fot\u00f3grafo. La duraci\u00f3n del curso es de dos o tres d\u00edas, no se necesita experiencia previa. Te ense\u00f1aremos las bases de la fotograf\u00eda digital submarina. El curso consiste en clases te\u00f3ricas seguidas de pr\u00e1cticas en el agua y una posterior evaluaci\u00f3n conjunta de los resultados.<\/p><p>Te recomendamos traer tu propia c\u00e1mara, carcasa y lentes.<\/p><p>El curso de fotograf\u00eda submarina digital de PADI, es una forma sencilla y r\u00e1pida para obtener la formaci\u00f3n necesaria, conocer los mejores trucos y dominar el funcionamiento de las c\u00e1maras digitales compactas o reflex.<\/p>\t\t\t\t\t\t\t\t<\/div>\n\t\t\t\t<\/div>\n\t\t\t\t<div class=\"elementor-element elementor-element-4c04898 elementor-widget elementor-widget-image\" data-id=\"4c04898\" data-element_type=\"widget\" data-e-type=\"widget\" data-widget_type=\"image.default\">\n\t\t\t\t<div class=\"elementor-widget-container\">\n\t\t\t\t\t\t\t\t\t\t\t\t\t\t\t<img fetchpriority=\"high\" decoding=\"async\" width=\"195\" height=\"268\" src=\"https:\/\/i0.wp.com\/arenaldiving.com\/wp-content\/uploads\/2022\/03\/Fotografia-submarina-de-ibiza-1.jpg?fit=195%2C268&amp;ssl=1\" class=\"attachment-large size-large wp-image-6794\" alt=\"\" \/>\t\t\t\t\t\t\t\t\t\t\t\t\t\t\t<\/div>\n\t\t\t\t<\/div>\n\t\t\t\t\t<\/div>\n\t\t<\/div>\n\t\t\t\t<div class=\"elementor-column elementor-col-50 elementor-top-column elementor-element elementor-element-9397394\" data-id=\"9397394\" data-element_type=\"column\" data-e-type=\"column\">\n\t\t\t<div class=\"elementor-widget-wrap elementor-element-populated\">\n\t\t\t\t\t\t<div class=\"elementor-element elementor-element-ab61929 elementor-widget elementor-widget-image\" data-id=\"ab61929\" data-element_type=\"widget\" data-e-type=\"widget\" data-widget_type=\"image.default\">\n\t\t\t\t<div class=\"elementor-widget-container\">\n\t\t\t\t\t\t\t\t\t\t\t\t\t\t\t<img decoding=\"async\" width=\"290\" height=\"140\" src=\"https:\/\/i0.wp.com\/arenaldiving.com\/wp-content\/uploads\/2022\/03\/Curso-de-fotografia-PADI.jpg?fit=290%2C140&amp;ssl=1\" class=\"attachment-large size-large wp-image-6769\" alt=\"\" \/>\t\t\t\t\t\t\t\t\t\t\t\t\t\t\t<\/div>\n\t\t\t\t<\/div>\n\t\t\t\t<div class=\"elementor-element elementor-element-eed4949 elementor-widget elementor-widget-image\" data-id=\"eed4949\" data-element_type=\"widget\" data-e-type=\"widget\" data-widget_type=\"image.default\">\n\t\t\t\t<div class=\"elementor-widget-container\">\n\t\t\t\t\t\t\t\t\t\t\t\t\t\t\t<img decoding=\"async\" width=\"380\" height=\"800\" src=\"https:\/\/i0.wp.com\/arenaldiving.com\/wp-content\/uploads\/2022\/03\/Morena-de-bajo-el-agua-en-ibiza.jpg?fit=380%2C800&amp;ssl=1\" class=\"attachment-large size-large wp-image-6796\" alt=\"\" srcset=\"https:\/\/i0.wp.com\/arenaldiving.com\/wp-content\/uploads\/2022\/03\/Morena-de-bajo-el-agua-en-ibiza.jpg?w=380&amp;ssl=1 380w, https:\/\/i0.wp.com\/arenaldiving.com\/wp-content\/uploads\/2022\/03\/Morena-de-bajo-el-agua-en-ibiza.jpg?resize=143%2C300&amp;ssl=1 143w\" sizes=\"(max-width: 380px) 100vw, 380px\" \/>\t\t\t\t\t\t\t\t\t\t\t\t\t\t\t<\/div>\n\t\t\t\t<\/div>\n\t\t\t\t\t<\/div>\n\t\t<\/div>\n\t\t\t\t\t<\/div>\n\t\t<\/section>\n\t\t\t\t<\/div>\n\t\t","protected":false},"excerpt":{"rendered":"<p>Curso de fotograf\u00eda PADI Cada vez hay m\u00e1s gente que es propietaria de una c\u00e1mara de fotograf\u00eda digital, muchos tambi\u00e9n han adquirido una carcasa subacu\u00e1tica. La fotograf\u00eda submarina es una actividad muy divertida y de las m\u00e1s populares dentro de las especialidades de PADI. Es una modilidad de fotograf\u00eda que resulta muy divertida y relativamente [&hellip;]<\/p>\n","protected":false},"author":3,"featured_media":0,"parent":7378,"menu_order":0,"comment_status":"closed","ping_status":"closed","template":"","meta":{"_joinchat":[],"footnotes":""},"class_list":["post-7356","page","type-page","status-publish","hentry"],"yoast_head":"<!-- This site is optimized with the Yoast SEO Premium plugin v27.5 (Yoast SEO v27.5) - https:\/\/yoast.com\/product\/yoast-seo-premium-wordpress\/ -->\n<title>Curso de fotograf\u00eda PADI | Arenal Diving | Scuba Diving in Ibiza<\/title>\n<meta name=\"description\" content=\"Cada vez hay m\u00e1s gente que es propietaria de una c\u00e1mara de fotograf\u00eda digital, muchos tambi\u00e9n han adquirido una carcasa subacu\u00e1tica.\" \/>\n<meta name=\"robots\" content=\"index, follow, max-snippet:-1, max-image-preview:large, max-video-preview:-1\" \/>\n<link rel=\"canonical\" href=\"https:\/\/arenaldiving.com\/en\/prices\/curso-fotografia-padi\/\" \/>\n<meta property=\"og:locale\" content=\"en_US\" \/>\n<meta property=\"og:type\" content=\"article\" \/>\n<meta property=\"og:title\" content=\"Curso de fotograf\u00eda PADI\" \/>\n<meta property=\"og:description\" content=\"Cada vez hay m\u00e1s gente que es propietaria de una c\u00e1mara de fotograf\u00eda digital, muchos tambi\u00e9n han adquirido una carcasa subacu\u00e1tica.\" \/>\n<meta property=\"og:url\" content=\"https:\/\/arenaldiving.com\/en\/prices\/curso-fotografia-padi\/\" \/>\n<meta property=\"article:publisher\" content=\"http:\/\/www.facebook.com\/ArenalDiving\" \/>\n<meta property=\"og:image\" content=\"https:\/\/arenaldiving.com\/wp-content\/uploads\/2022\/03\/Fotografia-submarina-de-ibiza-1.jpg\" \/>\n<meta name=\"twitter:card\" content=\"summary_large_image\" \/>\n<meta name=\"twitter:site\" content=\"@ArenalDivingibiza\" \/>\n<meta name=\"twitter:label1\" content=\"Est. reading time\" \/>\n\t<meta name=\"twitter:data1\" content=\"2 minutes\" \/>\n<script type=\"application\/ld+json\" class=\"yoast-schema-graph\">{\"@context\":\"https:\\\/\\\/schema.org\",\"@graph\":[{\"@type\":\"WebPage\",\"@id\":\"https:\\\/\\\/arenaldiving.com\\\/en\\\/prices\\\/curso-fotografia-padi\\\/\",\"url\":\"https:\\\/\\\/arenaldiving.com\\\/en\\\/prices\\\/curso-fotografia-padi\\\/\",\"name\":\"Curso de fotograf\u00eda PADI | Arenal Diving | Scuba Diving in Ibiza\",\"isPartOf\":{\"@id\":\"https:\\\/\\\/arenaldiving.com\\\/en\\\/#website\"},\"primaryImageOfPage\":{\"@id\":\"https:\\\/\\\/arenaldiving.com\\\/en\\\/prices\\\/curso-fotografia-padi\\\/#primaryimage\"},\"image\":{\"@id\":\"https:\\\/\\\/arenaldiving.com\\\/en\\\/prices\\\/curso-fotografia-padi\\\/#primaryimage\"},\"thumbnailUrl\":\"https:\\\/\\\/arenaldiving.com\\\/wp-content\\\/uploads\\\/2022\\\/03\\\/Fotografia-submarina-de-ibiza-1.jpg\",\"datePublished\":\"2022-03-15T13:13:38+00:00\",\"description\":\"Cada vez hay m\u00e1s gente que es propietaria de una c\u00e1mara de fotograf\u00eda digital, muchos tambi\u00e9n han adquirido una carcasa subacu\u00e1tica.\",\"breadcrumb\":{\"@id\":\"https:\\\/\\\/arenaldiving.com\\\/en\\\/prices\\\/curso-fotografia-padi\\\/#breadcrumb\"},\"inLanguage\":\"en-US\",\"potentialAction\":[{\"@type\":\"ReadAction\",\"target\":[\"https:\\\/\\\/arenaldiving.com\\\/en\\\/prices\\\/curso-fotografia-padi\\\/\"]}]},{\"@type\":\"ImageObject\",\"inLanguage\":\"en-US\",\"@id\":\"https:\\\/\\\/arenaldiving.com\\\/en\\\/prices\\\/curso-fotografia-padi\\\/#primaryimage\",\"url\":\"https:\\\/\\\/arenaldiving.com\\\/wp-content\\\/uploads\\\/2022\\\/03\\\/Fotografia-submarina-de-ibiza-1.jpg\",\"contentUrl\":\"https:\\\/\\\/arenaldiving.com\\\/wp-content\\\/uploads\\\/2022\\\/03\\\/Fotografia-submarina-de-ibiza-1.jpg\"},{\"@type\":\"BreadcrumbList\",\"@id\":\"https:\\\/\\\/arenaldiving.com\\\/en\\\/prices\\\/curso-fotografia-padi\\\/#breadcrumb\",\"itemListElement\":[{\"@type\":\"ListItem\",\"position\":1,\"name\":\"Inicio\",\"item\":\"https:\\\/\\\/arenaldiving.com\\\/en\\\/\"},{\"@type\":\"ListItem\",\"position\":2,\"name\":\"Prices\",\"item\":\"https:\\\/\\\/arenaldiving.com\\\/en\\\/prices\\\/\"},{\"@type\":\"ListItem\",\"position\":3,\"name\":\"Curso de fotograf\u00eda PADI\"}]},{\"@type\":\"WebSite\",\"@id\":\"https:\\\/\\\/arenaldiving.com\\\/en\\\/#website\",\"url\":\"https:\\\/\\\/arenaldiving.com\\\/en\\\/\",\"name\":\"Arenal diving\",\"description\":\"Centro de buceo PADI en San Antonio, Ibiza\",\"publisher\":{\"@id\":\"https:\\\/\\\/arenaldiving.com\\\/en\\\/#organization\"},\"potentialAction\":[{\"@type\":\"SearchAction\",\"target\":{\"@type\":\"EntryPoint\",\"urlTemplate\":\"https:\\\/\\\/arenaldiving.com\\\/en\\\/?s={search_term_string}\"},\"query-input\":{\"@type\":\"PropertyValueSpecification\",\"valueRequired\":true,\"valueName\":\"search_term_string\"}}],\"inLanguage\":\"en-US\"},{\"@type\":\"Organization\",\"@id\":\"https:\\\/\\\/arenaldiving.com\\\/en\\\/#organization\",\"name\":\"Centro de buceo arenal SL\",\"alternateName\":\"Arenal Diving Ibiza\",\"url\":\"https:\\\/\\\/arenaldiving.com\\\/en\\\/\",\"logo\":{\"@type\":\"ImageObject\",\"inLanguage\":\"en-US\",\"@id\":\"https:\\\/\\\/arenaldiving.com\\\/en\\\/#\\\/schema\\\/logo\\\/image\\\/\",\"url\":\"https:\\\/\\\/i0.wp.com\\\/arenaldiving.com\\\/wp-content\\\/uploads\\\/2023\\\/01\\\/logo-arenal-diving_pequeno.jpg?fit=200%2C250&ssl=1\",\"contentUrl\":\"https:\\\/\\\/i0.wp.com\\\/arenaldiving.com\\\/wp-content\\\/uploads\\\/2023\\\/01\\\/logo-arenal-diving_pequeno.jpg?fit=200%2C250&ssl=1\",\"width\":200,\"height\":250,\"caption\":\"Centro de buceo arenal SL\"},\"image\":{\"@id\":\"https:\\\/\\\/arenaldiving.com\\\/en\\\/#\\\/schema\\\/logo\\\/image\\\/\"},\"sameAs\":[\"http:\\\/\\\/www.facebook.com\\\/ArenalDiving\",\"https:\\\/\\\/x.com\\\/ArenalDivingibiza\",\"https:\\\/\\\/www.instagram.com\\\/arenaldiving\",\"https:\\\/\\\/www.youtube.com\\\/channel\\\/UCA-OvbTtt4UHrysU3q2I_Bw\"],\"description\":\"TODO TIPO DE OBRAS HIDRAULICAS Y SUBMARINAS; TRABAJOS DE RESCATE; RFLOTAMIENTO DE BUQUES; ESCUELA Y CENTRO DE BUCEO; PRODUCCION DE REPORTAJES Y FOTOGRAFIAS SUBACUATICAS; PREPARACION Y EXPLOTACION DE EXCURSIONES MARITIMAS\",\"email\":\"arenaldivingibiza@gmail.com\",\"telephone\":\"+34871044678\",\"legalName\":\"CENTRO DE BUCEO ARENAL SL\",\"foundingDate\":\"2005-03-19\",\"vatID\":\"ESB57322034\",\"taxID\":\"B57322034\",\"numberOfEmployees\":{\"@type\":\"QuantitativeValue\",\"minValue\":\"11\",\"maxValue\":\"50\"},\"publishingPrinciples\":\"https:\\\/\\\/arenaldiving.com\\\/politica-de-cookies\\\/\",\"ownershipFundingInfo\":\"https:\\\/\\\/arenaldiving.com\\\/avisos-legales\\\/\",\"actionableFeedbackPolicy\":\"https:\\\/\\\/arenaldiving.com\\\/politica-de-cookies\\\/\"}]}<\/script>\n<!-- \/ Yoast SEO Premium plugin. -->","yoast_head_json":{"title":"Curso de fotograf\u00eda PADI | Arenal Diving | Scuba Diving in Ibiza","description":"Cada vez hay m\u00e1s gente que es propietaria de una c\u00e1mara de fotograf\u00eda digital, muchos tambi\u00e9n han adquirido una carcasa subacu\u00e1tica.","robots":{"index":"index","follow":"follow","max-snippet":"max-snippet:-1","max-image-preview":"max-image-preview:large","max-video-preview":"max-video-preview:-1"},"canonical":"https:\/\/arenaldiving.com\/en\/prices\/curso-fotografia-padi\/","og_locale":"en_US","og_type":"article","og_title":"Curso de fotograf\u00eda PADI","og_description":"Cada vez hay m\u00e1s gente que es propietaria de una c\u00e1mara de fotograf\u00eda digital, muchos tambi\u00e9n han adquirido una carcasa subacu\u00e1tica.","og_url":"https:\/\/arenaldiving.com\/en\/prices\/curso-fotografia-padi\/","article_publisher":"http:\/\/www.facebook.com\/ArenalDiving","og_image":[{"url":"https:\/\/arenaldiving.com\/wp-content\/uploads\/2022\/03\/Fotografia-submarina-de-ibiza-1.jpg","type":"","width":"","height":""}],"twitter_card":"summary_large_image","twitter_site":"@ArenalDivingibiza","twitter_misc":{"Est. reading time":"2 minutes"},"schema":{"@context":"https:\/\/schema.org","@graph":[{"@type":"WebPage","@id":"https:\/\/arenaldiving.com\/en\/prices\/curso-fotografia-padi\/","url":"https:\/\/arenaldiving.com\/en\/prices\/curso-fotografia-padi\/","name":"Curso de fotograf\u00eda PADI | Arenal Diving | Scuba Diving in Ibiza","isPartOf":{"@id":"https:\/\/arenaldiving.com\/en\/#website"},"primaryImageOfPage":{"@id":"https:\/\/arenaldiving.com\/en\/prices\/curso-fotografia-padi\/#primaryimage"},"image":{"@id":"https:\/\/arenaldiving.com\/en\/prices\/curso-fotografia-padi\/#primaryimage"},"thumbnailUrl":"https:\/\/arenaldiving.com\/wp-content\/uploads\/2022\/03\/Fotografia-submarina-de-ibiza-1.jpg","datePublished":"2022-03-15T13:13:38+00:00","description":"Cada vez hay m\u00e1s gente que es propietaria de una c\u00e1mara de fotograf\u00eda digital, muchos tambi\u00e9n han adquirido una carcasa subacu\u00e1tica.","breadcrumb":{"@id":"https:\/\/arenaldiving.com\/en\/prices\/curso-fotografia-padi\/#breadcrumb"},"inLanguage":"en-US","potentialAction":[{"@type":"ReadAction","target":["https:\/\/arenaldiving.com\/en\/prices\/curso-fotografia-padi\/"]}]},{"@type":"ImageObject","inLanguage":"en-US","@id":"https:\/\/arenaldiving.com\/en\/prices\/curso-fotografia-padi\/#primaryimage","url":"https:\/\/arenaldiving.com\/wp-content\/uploads\/2022\/03\/Fotografia-submarina-de-ibiza-1.jpg","contentUrl":"https:\/\/arenaldiving.com\/wp-content\/uploads\/2022\/03\/Fotografia-submarina-de-ibiza-1.jpg"},{"@type":"BreadcrumbList","@id":"https:\/\/arenaldiving.com\/en\/prices\/curso-fotografia-padi\/#breadcrumb","itemListElement":[{"@type":"ListItem","position":1,"name":"Inicio","item":"https:\/\/arenaldiving.com\/en\/"},{"@type":"ListItem","position":2,"name":"Prices","item":"https:\/\/arenaldiving.com\/en\/prices\/"},{"@type":"ListItem","position":3,"name":"Curso de fotograf\u00eda PADI"}]},{"@type":"WebSite","@id":"https:\/\/arenaldiving.com\/en\/#website","url":"https:\/\/arenaldiving.com\/en\/","name":"Arenal diving","description":"Centro de buceo PADI en San Antonio, Ibiza","publisher":{"@id":"https:\/\/arenaldiving.com\/en\/#organization"},"potentialAction":[{"@type":"SearchAction","target":{"@type":"EntryPoint","urlTemplate":"https:\/\/arenaldiving.com\/en\/?s={search_term_string}"},"query-input":{"@type":"PropertyValueSpecification","valueRequired":true,"valueName":"search_term_string"}}],"inLanguage":"en-US"},{"@type":"Organization","@id":"https:\/\/arenaldiving.com\/en\/#organization","name":"Centro de buceo arenal SL","alternateName":"Arenal Diving Ibiza","url":"https:\/\/arenaldiving.com\/en\/","logo":{"@type":"ImageObject","inLanguage":"en-US","@id":"https:\/\/arenaldiving.com\/en\/#\/schema\/logo\/image\/","url":"https:\/\/i0.wp.com\/arenaldiving.com\/wp-content\/uploads\/2023\/01\/logo-arenal-diving_pequeno.jpg?fit=200%2C250&ssl=1","contentUrl":"https:\/\/i0.wp.com\/arenaldiving.com\/wp-content\/uploads\/2023\/01\/logo-arenal-diving_pequeno.jpg?fit=200%2C250&ssl=1","width":200,"height":250,"caption":"Centro de buceo arenal SL"},"image":{"@id":"https:\/\/arenaldiving.com\/en\/#\/schema\/logo\/image\/"},"sameAs":["http:\/\/www.facebook.com\/ArenalDiving","https:\/\/x.com\/ArenalDivingibiza","https:\/\/www.instagram.com\/arenaldiving","https:\/\/www.youtube.com\/channel\/UCA-OvbTtt4UHrysU3q2I_Bw"],"description":"TODO TIPO DE OBRAS HIDRAULICAS Y SUBMARINAS; TRABAJOS DE RESCATE; RFLOTAMIENTO DE BUQUES; ESCUELA Y CENTRO DE BUCEO; PRODUCCION DE REPORTAJES Y FOTOGRAFIAS SUBACUATICAS; PREPARACION Y EXPLOTACION DE EXCURSIONES MARITIMAS","email":"arenaldivingibiza@gmail.com","telephone":"+34871044678","legalName":"CENTRO DE BUCEO ARENAL SL","foundingDate":"2005-03-19","vatID":"ESB57322034","taxID":"B57322034","numberOfEmployees":{"@type":"QuantitativeValue","minValue":"11","maxValue":"50"},"publishingPrinciples":"https:\/\/arenaldiving.com\/politica-de-cookies\/","ownershipFundingInfo":"https:\/\/arenaldiving.com\/avisos-legales\/","actionableFeedbackPolicy":"https:\/\/arenaldiving.com\/politica-de-cookies\/"}]}},"_links":{"self":[{"href":"https:\/\/arenaldiving.com\/en\/wp-json\/wp\/v2\/pages\/7356","targetHints":{"allow":["GET"]}}],"collection":[{"href":"https:\/\/arenaldiving.com\/en\/wp-json\/wp\/v2\/pages"}],"about":[{"href":"https:\/\/arenaldiving.com\/en\/wp-json\/wp\/v2\/types\/page"}],"author":[{"embeddable":true,"href":"https:\/\/arenaldiving.com\/en\/wp-json\/wp\/v2\/users\/3"}],"replies":[{"embeddable":true,"href":"https:\/\/arenaldiving.com\/en\/wp-json\/wp\/v2\/comments?post=7356"}],"version-history":[{"count":0,"href":"https:\/\/arenaldiving.com\/en\/wp-json\/wp\/v2\/pages\/7356\/revisions"}],"up":[{"embeddable":true,"href":"https:\/\/arenaldiving.com\/en\/wp-json\/wp\/v2\/pages\/7378"}],"wp:attachment":[{"href":"https:\/\/arenaldiving.com\/en\/wp-json\/wp\/v2\/media?parent=7356"}],"curies":[{"name":"wp","href":"https:\/\/api.w.org\/{rel}","templated":true}]}}