{"id":7354,"date":"2022-03-15T18:28:22","date_gmt":"2022-03-15T18:28:22","guid":{"rendered":"https:\/\/arenaldiving.com\/hotel-arenal\/"},"modified":"2022-03-15T18:28:22","modified_gmt":"2022-03-15T18:28:22","slug":"hotel-arenal","status":"publish","type":"page","link":"https:\/\/arenaldiving.com\/en\/hotel-arenal\/","title":{"rendered":"Hotel Arenal"},"content":{"rendered":"\t\t<div data-elementor-type=\"wp-page\" data-elementor-id=\"7354\" class=\"elementor elementor-7354 elementor-5404\" data-elementor-post-type=\"page\">\n\t\t\t\t\t\t<section class=\"elementor-section elementor-top-section elementor-element elementor-element-45b6b28 elementor-section-boxed elementor-section-height-default elementor-section-height-default elementor-section-width-default elementor-parallax-no elementor-lg-breakpoint-no\" data-id=\"45b6b28\" data-element_type=\"section\" data-e-type=\"section\">\n\t\t\t\t\t\t<div class=\"elementor-container elementor-column-gap-default\">\n\t\t\t\t\t<div class=\"elementor-column elementor-col-100 elementor-top-column elementor-element elementor-element-e52041d\" data-id=\"e52041d\" data-element_type=\"column\" data-e-type=\"column\">\n\t\t\t<div class=\"elementor-widget-wrap\">\n\t\t\t\t\t\t\t<\/div>\n\t\t<\/div>\n\t\t\t\t\t<\/div>\n\t\t<\/section>\n\t\t\t\t<section class=\"elementor-section elementor-top-section elementor-element elementor-element-d3025d8 elementor-section-boxed elementor-section-height-default elementor-section-height-default elementor-section-width-default elementor-parallax-no elementor-lg-breakpoint-no\" data-id=\"d3025d8\" data-element_type=\"section\" data-e-type=\"section\">\n\t\t\t\t\t\t<div class=\"elementor-container elementor-column-gap-default\">\n\t\t\t\t\t<div class=\"elementor-column elementor-col-50 elementor-top-column elementor-element elementor-element-20c96cd\" data-id=\"20c96cd\" data-element_type=\"column\" data-e-type=\"column\">\n\t\t\t<div class=\"elementor-widget-wrap elementor-element-populated\">\n\t\t\t\t\t\t<div class=\"elementor-element elementor-element-6b49c60 elementor-widget elementor-widget-heading\" data-id=\"6b49c60\" data-element_type=\"widget\" data-e-type=\"widget\" data-widget_type=\"heading.default\">\n\t\t\t\t<div class=\"elementor-widget-container\">\n\t\t\t\t\t<h2 class=\"elementor-heading-title elementor-size-default\">Piscina<\/h2>\t\t\t\t<\/div>\n\t\t\t\t<\/div>\n\t\t\t\t<div class=\"elementor-element elementor-element-80ad202 elementor-widget elementor-widget-image\" data-id=\"80ad202\" data-element_type=\"widget\" data-e-type=\"widget\" data-widget_type=\"image.default\">\n\t\t\t\t<div class=\"elementor-widget-container\">\n\t\t\t\t\t\t\t\t\t\t\t\t\t\t\t<img fetchpriority=\"high\" decoding=\"async\" width=\"1024\" height=\"764\" src=\"https:\/\/i0.wp.com\/arenaldiving.com\/wp-content\/uploads\/2022\/03\/hotel-arenal-piscina.jpg?fit=1024%2C764&amp;ssl=1\" class=\"attachment-large size-large wp-image-6800\" alt=\"\" srcset=\"https:\/\/i0.wp.com\/arenaldiving.com\/wp-content\/uploads\/2022\/03\/hotel-arenal-piscina.jpg?w=1280&amp;ssl=1 1280w, https:\/\/i0.wp.com\/arenaldiving.com\/wp-content\/uploads\/2022\/03\/hotel-arenal-piscina.jpg?resize=600%2C448&amp;ssl=1 600w, https:\/\/i0.wp.com\/arenaldiving.com\/wp-content\/uploads\/2022\/03\/hotel-arenal-piscina.jpg?resize=300%2C224&amp;ssl=1 300w, https:\/\/i0.wp.com\/arenaldiving.com\/wp-content\/uploads\/2022\/03\/hotel-arenal-piscina.jpg?resize=1024%2C764&amp;ssl=1 1024w, https:\/\/i0.wp.com\/arenaldiving.com\/wp-content\/uploads\/2022\/03\/hotel-arenal-piscina.jpg?resize=768%2C573&amp;ssl=1 768w, https:\/\/i0.wp.com\/arenaldiving.com\/wp-content\/uploads\/2022\/03\/hotel-arenal-piscina.jpg?resize=670%2C500&amp;ssl=1 670w\" sizes=\"(max-width: 1024px) 100vw, 1024px\" \/>\t\t\t\t\t\t\t\t\t\t\t\t\t\t\t<\/div>\n\t\t\t\t<\/div>\n\t\t\t\t<div class=\"elementor-element elementor-element-a6c5d1f elementor-widget elementor-widget-text-editor\" data-id=\"a6c5d1f\" data-element_type=\"widget\" data-e-type=\"widget\" data-widget_type=\"text-editor.default\">\n\t\t\t\t<div class=\"elementor-widget-container\">\n\t\t\t\t\t\t\t\t\t<p>Alineado con hamacas y sombrillas a su alrededor , con un servicio de bar en la piscina, es una piscina espl\u00e9ndida, donde tu familia podr\u00e1 esperar \u00a0cuando estes buceando con nosotros.<\/p>\t\t\t\t\t\t\t\t<\/div>\n\t\t\t\t<\/div>\n\t\t\t\t\t<\/div>\n\t\t<\/div>\n\t\t\t\t<div class=\"elementor-column elementor-col-50 elementor-top-column elementor-element elementor-element-116c7d9\" data-id=\"116c7d9\" data-element_type=\"column\" data-e-type=\"column\">\n\t\t\t<div class=\"elementor-widget-wrap elementor-element-populated\">\n\t\t\t\t\t\t<div class=\"elementor-element elementor-element-60db6e8 elementor-widget elementor-widget-heading\" data-id=\"60db6e8\" data-element_type=\"widget\" data-e-type=\"widget\" data-widget_type=\"heading.default\">\n\t\t\t\t<div class=\"elementor-widget-container\">\n\t\t\t\t\t<h2 class=\"elementor-heading-title elementor-size-default\">Habitaciones<\/h2>\t\t\t\t<\/div>\n\t\t\t\t<\/div>\n\t\t\t\t<div class=\"elementor-element elementor-element-cd7fd28 elementor-widget elementor-widget-image\" data-id=\"cd7fd28\" data-element_type=\"widget\" data-e-type=\"widget\" data-widget_type=\"image.default\">\n\t\t\t\t<div class=\"elementor-widget-container\">\n\t\t\t\t\t\t\t\t\t\t\t\t\t\t\t<img decoding=\"async\" width=\"1024\" height=\"764\" src=\"https:\/\/i0.wp.com\/arenaldiving.com\/wp-content\/uploads\/2022\/03\/hotel-arenal-habitaciones-en-san-Antonio-abad.jpg?fit=1024%2C764&amp;ssl=1\" class=\"attachment-large size-large wp-image-6801\" alt=\"\" srcset=\"https:\/\/i0.wp.com\/arenaldiving.com\/wp-content\/uploads\/2022\/03\/hotel-arenal-habitaciones-en-san-Antonio-abad.jpg?w=1280&amp;ssl=1 1280w, https:\/\/i0.wp.com\/arenaldiving.com\/wp-content\/uploads\/2022\/03\/hotel-arenal-habitaciones-en-san-Antonio-abad.jpg?resize=600%2C448&amp;ssl=1 600w, https:\/\/i0.wp.com\/arenaldiving.com\/wp-content\/uploads\/2022\/03\/hotel-arenal-habitaciones-en-san-Antonio-abad.jpg?resize=300%2C224&amp;ssl=1 300w, https:\/\/i0.wp.com\/arenaldiving.com\/wp-content\/uploads\/2022\/03\/hotel-arenal-habitaciones-en-san-Antonio-abad.jpg?resize=1024%2C764&amp;ssl=1 1024w, https:\/\/i0.wp.com\/arenaldiving.com\/wp-content\/uploads\/2022\/03\/hotel-arenal-habitaciones-en-san-Antonio-abad.jpg?resize=768%2C573&amp;ssl=1 768w, https:\/\/i0.wp.com\/arenaldiving.com\/wp-content\/uploads\/2022\/03\/hotel-arenal-habitaciones-en-san-Antonio-abad.jpg?resize=670%2C500&amp;ssl=1 670w\" sizes=\"(max-width: 1024px) 100vw, 1024px\" \/>\t\t\t\t\t\t\t\t\t\t\t\t\t\t\t<\/div>\n\t\t\t\t<\/div>\n\t\t\t\t<div class=\"elementor-element elementor-element-1acf343 elementor-widget elementor-widget-text-editor\" data-id=\"1acf343\" data-element_type=\"widget\" data-e-type=\"widget\" data-widget_type=\"text-editor.default\">\n\t\t\t\t<div class=\"elementor-widget-container\">\n\t\t\t\t\t\t\t\t\t<p>Las habitaci\u00f3n doble con capacidad para 3 \u00a0limpieza diario con cambio de s\u00e1banas dos veces por semana y cambio de toallas 3 veces por semana ,el Hotel es muy tranquilo y\u00a0 cuando vengas de bucear podr\u00e1s\u00a0 descansar como en tu\u00a0 propia casa.<\/p>\t\t\t\t\t\t\t\t<\/div>\n\t\t\t\t<\/div>\n\t\t\t\t\t<\/div>\n\t\t<\/div>\n\t\t\t\t\t<\/div>\n\t\t<\/section>\n\t\t\t\t<section class=\"elementor-section elementor-top-section elementor-element elementor-element-2384612 elementor-section-boxed elementor-section-height-default elementor-section-height-default elementor-section-width-default elementor-parallax-no elementor-lg-breakpoint-no\" data-id=\"2384612\" data-element_type=\"section\" data-e-type=\"section\">\n\t\t\t\t\t\t<div class=\"elementor-container elementor-column-gap-default\">\n\t\t\t\t\t<div class=\"elementor-column elementor-col-50 elementor-top-column elementor-element elementor-element-5b62d83\" data-id=\"5b62d83\" data-element_type=\"column\" data-e-type=\"column\">\n\t\t\t<div class=\"elementor-widget-wrap elementor-element-populated\">\n\t\t\t\t\t\t<div class=\"elementor-element elementor-element-ff9cfca elementor-widget elementor-widget-heading\" data-id=\"ff9cfca\" data-element_type=\"widget\" data-e-type=\"widget\" data-widget_type=\"heading.default\">\n\t\t\t\t<div class=\"elementor-widget-container\">\n\t\t\t\t\t<h2 class=\"elementor-heading-title elementor-size-default\">Gimnasio<\/h2>\t\t\t\t<\/div>\n\t\t\t\t<\/div>\n\t\t\t\t<div class=\"elementor-element elementor-element-58614c6 elementor-widget elementor-widget-image\" data-id=\"58614c6\" data-element_type=\"widget\" data-e-type=\"widget\" data-widget_type=\"image.default\">\n\t\t\t\t<div class=\"elementor-widget-container\">\n\t\t\t\t\t\t\t\t\t\t\t\t\t\t\t<img decoding=\"async\" width=\"1024\" height=\"764\" src=\"https:\/\/i0.wp.com\/arenaldiving.com\/wp-content\/uploads\/2022\/03\/hotel-arenal-gimnasio.jpg?fit=1024%2C764&amp;ssl=1\" class=\"attachment-large size-large wp-image-6802\" alt=\"\" srcset=\"https:\/\/i0.wp.com\/arenaldiving.com\/wp-content\/uploads\/2022\/03\/hotel-arenal-gimnasio.jpg?w=1280&amp;ssl=1 1280w, https:\/\/i0.wp.com\/arenaldiving.com\/wp-content\/uploads\/2022\/03\/hotel-arenal-gimnasio.jpg?resize=600%2C448&amp;ssl=1 600w, https:\/\/i0.wp.com\/arenaldiving.com\/wp-content\/uploads\/2022\/03\/hotel-arenal-gimnasio.jpg?resize=300%2C224&amp;ssl=1 300w, https:\/\/i0.wp.com\/arenaldiving.com\/wp-content\/uploads\/2022\/03\/hotel-arenal-gimnasio.jpg?resize=1024%2C764&amp;ssl=1 1024w, https:\/\/i0.wp.com\/arenaldiving.com\/wp-content\/uploads\/2022\/03\/hotel-arenal-gimnasio.jpg?resize=768%2C573&amp;ssl=1 768w, https:\/\/i0.wp.com\/arenaldiving.com\/wp-content\/uploads\/2022\/03\/hotel-arenal-gimnasio.jpg?resize=670%2C500&amp;ssl=1 670w\" sizes=\"(max-width: 1024px) 100vw, 1024px\" \/>\t\t\t\t\t\t\t\t\t\t\t\t\t\t\t<\/div>\n\t\t\t\t<\/div>\n\t\t\t\t<div class=\"elementor-element elementor-element-67ee5d3 elementor-widget elementor-widget-text-editor\" data-id=\"67ee5d3\" data-element_type=\"widget\" data-e-type=\"widget\" data-widget_type=\"text-editor.default\">\n\t\t\t\t<div class=\"elementor-widget-container\">\n\t\t\t\t\t\t\t\t\t<p>El Hotel tiene propio gimnasio donde podr\u00e1s seguir con tu ejercicios diarios, y no perder tus costumbres diarias.<\/p>\t\t\t\t\t\t\t\t<\/div>\n\t\t\t\t<\/div>\n\t\t\t\t\t<\/div>\n\t\t<\/div>\n\t\t\t\t<div class=\"elementor-column elementor-col-50 elementor-top-column elementor-element elementor-element-583c450\" data-id=\"583c450\" data-element_type=\"column\" data-e-type=\"column\">\n\t\t\t<div class=\"elementor-widget-wrap elementor-element-populated\">\n\t\t\t\t\t\t<div class=\"elementor-element elementor-element-29f08c5 elementor-widget elementor-widget-heading\" data-id=\"29f08c5\" data-element_type=\"widget\" data-e-type=\"widget\" data-widget_type=\"heading.default\">\n\t\t\t\t<div class=\"elementor-widget-container\">\n\t\t\t\t\t<h2 class=\"elementor-heading-title elementor-size-default\">Playa Hotel Arenal<\/h2>\t\t\t\t<\/div>\n\t\t\t\t<\/div>\n\t\t\t\t<div class=\"elementor-element elementor-element-bfd9f26 elementor-widget elementor-widget-image\" data-id=\"bfd9f26\" data-element_type=\"widget\" data-e-type=\"widget\" data-widget_type=\"image.default\">\n\t\t\t\t<div class=\"elementor-widget-container\">\n\t\t\t\t\t\t\t\t\t\t\t\t\t\t\t<img loading=\"lazy\" decoding=\"async\" width=\"1024\" height=\"764\" src=\"https:\/\/i0.wp.com\/arenaldiving.com\/wp-content\/uploads\/2022\/03\/Playa-hotel-arenal-en-san-antonio.jpg?fit=1024%2C764&amp;ssl=1\" class=\"attachment-large size-large wp-image-6799\" alt=\"\" srcset=\"https:\/\/i0.wp.com\/arenaldiving.com\/wp-content\/uploads\/2022\/03\/Playa-hotel-arenal-en-san-antonio.jpg?w=1280&amp;ssl=1 1280w, https:\/\/i0.wp.com\/arenaldiving.com\/wp-content\/uploads\/2022\/03\/Playa-hotel-arenal-en-san-antonio.jpg?resize=600%2C448&amp;ssl=1 600w, https:\/\/i0.wp.com\/arenaldiving.com\/wp-content\/uploads\/2022\/03\/Playa-hotel-arenal-en-san-antonio.jpg?resize=300%2C224&amp;ssl=1 300w, https:\/\/i0.wp.com\/arenaldiving.com\/wp-content\/uploads\/2022\/03\/Playa-hotel-arenal-en-san-antonio.jpg?resize=1024%2C764&amp;ssl=1 1024w, https:\/\/i0.wp.com\/arenaldiving.com\/wp-content\/uploads\/2022\/03\/Playa-hotel-arenal-en-san-antonio.jpg?resize=768%2C573&amp;ssl=1 768w, https:\/\/i0.wp.com\/arenaldiving.com\/wp-content\/uploads\/2022\/03\/Playa-hotel-arenal-en-san-antonio.jpg?resize=670%2C500&amp;ssl=1 670w\" sizes=\"(max-width: 1024px) 100vw, 1024px\" \/>\t\t\t\t\t\t\t\t\t\t\t\t\t\t\t<\/div>\n\t\t\t\t<\/div>\n\t\t\t\t<div class=\"elementor-element elementor-element-88fcf54 elementor-widget elementor-widget-text-editor\" data-id=\"88fcf54\" data-element_type=\"widget\" data-e-type=\"widget\" data-widget_type=\"text-editor.default\">\n\t\t\t\t<div class=\"elementor-widget-container\">\n\t\t\t\t\t\t\t\t\t<p>Justo en las playa m\u00e1s grande de la bah\u00eda de San Antonio, se sit\u00faa el Hotel Arenal ***,<\/p>\t\t\t\t\t\t\t\t<\/div>\n\t\t\t\t<\/div>\n\t\t\t\t\t<\/div>\n\t\t<\/div>\n\t\t\t\t\t<\/div>\n\t\t<\/section>\n\t\t\t\t<section class=\"elementor-section elementor-top-section elementor-element elementor-element-0a4f644 elementor-section-boxed elementor-section-height-default elementor-section-height-default elementor-section-width-default elementor-parallax-no elementor-lg-breakpoint-no\" data-id=\"0a4f644\" data-element_type=\"section\" data-e-type=\"section\">\n\t\t\t\t\t\t<div class=\"elementor-container elementor-column-gap-default\">\n\t\t\t\t\t<div class=\"elementor-column elementor-col-100 elementor-top-column elementor-element elementor-element-ee2532b\" data-id=\"ee2532b\" data-element_type=\"column\" data-e-type=\"column\">\n\t\t\t<div class=\"elementor-widget-wrap elementor-element-populated\">\n\t\t\t\t\t\t<div class=\"elementor-element elementor-element-f5e75ab elementor-widget elementor-widget-text-editor\" data-id=\"f5e75ab\" data-element_type=\"widget\" data-e-type=\"widget\" data-widget_type=\"text-editor.default\">\n\t\t\t\t<div class=\"elementor-widget-container\">\n\t\t\t\t\t\t\t\t\t<p class=\"headc\">Este Complejo Hotelero dispone de habitaciones con vistas al mar, Gimnasio, dos piscinas y una de ellas climatizada.El hotel posee una magn\u00edfica relaci\u00f3n calidad \/precio tal como podr\u00e1 observar en su web por si desea reservar su alojamiento .Adem\u00e1s se caracteriza por estar situado en un entorno privilegiado a pie de playa y a escasos 2 minutos del centro urbano.<\/p>\t\t\t\t\t\t\t\t<\/div>\n\t\t\t\t<\/div>\n\t\t\t\t<div class=\"elementor-element elementor-element-15ed8fe elementor-align-center elementor-widget elementor-widget-button\" data-id=\"15ed8fe\" data-element_type=\"widget\" data-e-type=\"widget\" data-widget_type=\"button.default\">\n\t\t\t\t<div class=\"elementor-widget-container\">\n\t\t\t\t\t\t\t\t\t<div class=\"elementor-button-wrapper\">\n\t\t\t\t\t<a class=\"elementor-button elementor-button-link elementor-size-sm\" href=\"http:\/\/hotelarenal-ibiza.com\/\">\n\t\t\t\t\t\t<span class=\"elementor-button-content-wrapper\">\n\t\t\t\t\t\t\t\t\t<span class=\"elementor-button-text\">Visitar web Hotel Arenal para Reservar<\/span>\n\t\t\t\t\t<\/span>\n\t\t\t\t\t<\/a>\n\t\t\t\t<\/div>\n\t\t\t\t\t\t\t\t<\/div>\n\t\t\t\t<\/div>\n\t\t\t\t\t<\/div>\n\t\t<\/div>\n\t\t\t\t\t<\/div>\n\t\t<\/section>\n\t\t\t\t<\/div>\n\t\t","protected":false},"excerpt":{"rendered":"<p>Piscina Alineado con hamacas y sombrillas a su alrededor , con un servicio de bar en la piscina, es una piscina espl\u00e9ndida, donde tu familia podr\u00e1 esperar \u00a0cuando estes buceando con nosotros. Habitaciones Las habitaci\u00f3n doble con capacidad para 3 \u00a0limpieza diario con cambio de s\u00e1banas dos veces por semana y cambio de toallas 3 [&hellip;]<\/p>\n","protected":false},"author":3,"featured_media":0,"parent":0,"menu_order":0,"comment_status":"closed","ping_status":"closed","template":"","meta":{"_joinchat":[],"footnotes":""},"class_list":["post-7354","page","type-page","status-publish","hentry"],"yoast_head":"<!-- This site is optimized with the Yoast SEO Premium plugin v27.5 (Yoast SEO v27.5) - https:\/\/yoast.com\/product\/yoast-seo-premium-wordpress\/ -->\n<title>Hotel Arenal |<\/title>\n<meta name=\"robots\" content=\"index, follow, max-snippet:-1, max-image-preview:large, max-video-preview:-1\" \/>\n<link rel=\"canonical\" href=\"https:\/\/arenaldiving.com\/en\/hotel-arenal\/\" \/>\n<meta property=\"og:locale\" content=\"en_US\" \/>\n<meta property=\"og:type\" content=\"article\" \/>\n<meta property=\"og:title\" content=\"Hotel Arenal\" \/>\n<meta property=\"og:description\" content=\"Piscina Alineado con hamacas y sombrillas a su alrededor , con un servicio de bar en la piscina, es una piscina espl\u00e9ndida, donde tu familia podr\u00e1 esperar \u00a0cuando estes buceando con nosotros. Habitaciones Las habitaci\u00f3n doble con capacidad para 3 \u00a0limpieza diario con cambio de s\u00e1banas dos veces por semana y cambio de toallas 3 [&hellip;]\" \/>\n<meta property=\"og:url\" content=\"https:\/\/arenaldiving.com\/en\/hotel-arenal\/\" \/>\n<meta property=\"article:publisher\" content=\"http:\/\/www.facebook.com\/ArenalDiving\" \/>\n<meta property=\"og:image\" content=\"https:\/\/arenaldiving.com\/wp-content\/uploads\/2022\/03\/hotel-arenal-piscina-1024x764.jpg\" \/>\n<meta name=\"twitter:card\" content=\"summary_large_image\" \/>\n<meta name=\"twitter:site\" content=\"@ArenalDivingibiza\" \/>\n<meta name=\"twitter:label1\" content=\"Est. reading time\" \/>\n\t<meta name=\"twitter:data1\" content=\"1 minute\" \/>\n<script type=\"application\/ld+json\" class=\"yoast-schema-graph\">{\"@context\":\"https:\\\/\\\/schema.org\",\"@graph\":[{\"@type\":\"WebPage\",\"@id\":\"https:\\\/\\\/arenaldiving.com\\\/en\\\/hotel-arenal\\\/\",\"url\":\"https:\\\/\\\/arenaldiving.com\\\/en\\\/hotel-arenal\\\/\",\"name\":\"Hotel Arenal |\",\"isPartOf\":{\"@id\":\"https:\\\/\\\/arenaldiving.com\\\/en\\\/#website\"},\"primaryImageOfPage\":{\"@id\":\"https:\\\/\\\/arenaldiving.com\\\/en\\\/hotel-arenal\\\/#primaryimage\"},\"image\":{\"@id\":\"https:\\\/\\\/arenaldiving.com\\\/en\\\/hotel-arenal\\\/#primaryimage\"},\"thumbnailUrl\":\"https:\\\/\\\/arenaldiving.com\\\/wp-content\\\/uploads\\\/2022\\\/03\\\/hotel-arenal-piscina-1024x764.jpg\",\"datePublished\":\"2022-03-15T18:28:22+00:00\",\"breadcrumb\":{\"@id\":\"https:\\\/\\\/arenaldiving.com\\\/en\\\/hotel-arenal\\\/#breadcrumb\"},\"inLanguage\":\"en-US\",\"potentialAction\":[{\"@type\":\"ReadAction\",\"target\":[\"https:\\\/\\\/arenaldiving.com\\\/en\\\/hotel-arenal\\\/\"]}]},{\"@type\":\"ImageObject\",\"inLanguage\":\"en-US\",\"@id\":\"https:\\\/\\\/arenaldiving.com\\\/en\\\/hotel-arenal\\\/#primaryimage\",\"url\":\"https:\\\/\\\/arenaldiving.com\\\/wp-content\\\/uploads\\\/2022\\\/03\\\/hotel-arenal-piscina-1024x764.jpg\",\"contentUrl\":\"https:\\\/\\\/arenaldiving.com\\\/wp-content\\\/uploads\\\/2022\\\/03\\\/hotel-arenal-piscina-1024x764.jpg\"},{\"@type\":\"BreadcrumbList\",\"@id\":\"https:\\\/\\\/arenaldiving.com\\\/en\\\/hotel-arenal\\\/#breadcrumb\",\"itemListElement\":[{\"@type\":\"ListItem\",\"position\":1,\"name\":\"Inicio\",\"item\":\"https:\\\/\\\/arenaldiving.com\\\/en\\\/\"},{\"@type\":\"ListItem\",\"position\":2,\"name\":\"Hotel Arenal\"}]},{\"@type\":\"WebSite\",\"@id\":\"https:\\\/\\\/arenaldiving.com\\\/en\\\/#website\",\"url\":\"https:\\\/\\\/arenaldiving.com\\\/en\\\/\",\"name\":\"Arenal diving\",\"description\":\"Centro de buceo PADI en San Antonio, Ibiza\",\"publisher\":{\"@id\":\"https:\\\/\\\/arenaldiving.com\\\/en\\\/#organization\"},\"potentialAction\":[{\"@type\":\"SearchAction\",\"target\":{\"@type\":\"EntryPoint\",\"urlTemplate\":\"https:\\\/\\\/arenaldiving.com\\\/en\\\/?s={search_term_string}\"},\"query-input\":{\"@type\":\"PropertyValueSpecification\",\"valueRequired\":true,\"valueName\":\"search_term_string\"}}],\"inLanguage\":\"en-US\"},{\"@type\":\"Organization\",\"@id\":\"https:\\\/\\\/arenaldiving.com\\\/en\\\/#organization\",\"name\":\"Centro de buceo arenal SL\",\"alternateName\":\"Arenal Diving Ibiza\",\"url\":\"https:\\\/\\\/arenaldiving.com\\\/en\\\/\",\"logo\":{\"@type\":\"ImageObject\",\"inLanguage\":\"en-US\",\"@id\":\"https:\\\/\\\/arenaldiving.com\\\/en\\\/#\\\/schema\\\/logo\\\/image\\\/\",\"url\":\"https:\\\/\\\/i0.wp.com\\\/arenaldiving.com\\\/wp-content\\\/uploads\\\/2023\\\/01\\\/logo-arenal-diving_pequeno.jpg?fit=200%2C250&ssl=1\",\"contentUrl\":\"https:\\\/\\\/i0.wp.com\\\/arenaldiving.com\\\/wp-content\\\/uploads\\\/2023\\\/01\\\/logo-arenal-diving_pequeno.jpg?fit=200%2C250&ssl=1\",\"width\":200,\"height\":250,\"caption\":\"Centro de buceo arenal SL\"},\"image\":{\"@id\":\"https:\\\/\\\/arenaldiving.com\\\/en\\\/#\\\/schema\\\/logo\\\/image\\\/\"},\"sameAs\":[\"http:\\\/\\\/www.facebook.com\\\/ArenalDiving\",\"https:\\\/\\\/x.com\\\/ArenalDivingibiza\",\"https:\\\/\\\/www.instagram.com\\\/arenaldiving\",\"https:\\\/\\\/www.youtube.com\\\/channel\\\/UCA-OvbTtt4UHrysU3q2I_Bw\"],\"description\":\"TODO TIPO DE OBRAS HIDRAULICAS Y SUBMARINAS; TRABAJOS DE RESCATE; RFLOTAMIENTO DE BUQUES; ESCUELA Y CENTRO DE BUCEO; PRODUCCION DE REPORTAJES Y FOTOGRAFIAS SUBACUATICAS; PREPARACION Y EXPLOTACION DE EXCURSIONES MARITIMAS\",\"email\":\"arenaldivingibiza@gmail.com\",\"telephone\":\"+34871044678\",\"legalName\":\"CENTRO DE BUCEO ARENAL SL\",\"foundingDate\":\"2005-03-19\",\"vatID\":\"ESB57322034\",\"taxID\":\"B57322034\",\"numberOfEmployees\":{\"@type\":\"QuantitativeValue\",\"minValue\":\"11\",\"maxValue\":\"50\"},\"publishingPrinciples\":\"https:\\\/\\\/arenaldiving.com\\\/politica-de-cookies\\\/\",\"ownershipFundingInfo\":\"https:\\\/\\\/arenaldiving.com\\\/avisos-legales\\\/\",\"actionableFeedbackPolicy\":\"https:\\\/\\\/arenaldiving.com\\\/politica-de-cookies\\\/\"}]}<\/script>\n<!-- \/ Yoast SEO Premium plugin. -->","yoast_head_json":{"title":"Hotel Arenal |","robots":{"index":"index","follow":"follow","max-snippet":"max-snippet:-1","max-image-preview":"max-image-preview:large","max-video-preview":"max-video-preview:-1"},"canonical":"https:\/\/arenaldiving.com\/en\/hotel-arenal\/","og_locale":"en_US","og_type":"article","og_title":"Hotel Arenal","og_description":"Piscina Alineado con hamacas y sombrillas a su alrededor , con un servicio de bar en la piscina, es una piscina espl\u00e9ndida, donde tu familia podr\u00e1 esperar \u00a0cuando estes buceando con nosotros. Habitaciones Las habitaci\u00f3n doble con capacidad para 3 \u00a0limpieza diario con cambio de s\u00e1banas dos veces por semana y cambio de toallas 3 [&hellip;]","og_url":"https:\/\/arenaldiving.com\/en\/hotel-arenal\/","article_publisher":"http:\/\/www.facebook.com\/ArenalDiving","og_image":[{"url":"https:\/\/arenaldiving.com\/wp-content\/uploads\/2022\/03\/hotel-arenal-piscina-1024x764.jpg","type":"","width":"","height":""}],"twitter_card":"summary_large_image","twitter_site":"@ArenalDivingibiza","twitter_misc":{"Est. reading time":"1 minute"},"schema":{"@context":"https:\/\/schema.org","@graph":[{"@type":"WebPage","@id":"https:\/\/arenaldiving.com\/en\/hotel-arenal\/","url":"https:\/\/arenaldiving.com\/en\/hotel-arenal\/","name":"Hotel Arenal |","isPartOf":{"@id":"https:\/\/arenaldiving.com\/en\/#website"},"primaryImageOfPage":{"@id":"https:\/\/arenaldiving.com\/en\/hotel-arenal\/#primaryimage"},"image":{"@id":"https:\/\/arenaldiving.com\/en\/hotel-arenal\/#primaryimage"},"thumbnailUrl":"https:\/\/arenaldiving.com\/wp-content\/uploads\/2022\/03\/hotel-arenal-piscina-1024x764.jpg","datePublished":"2022-03-15T18:28:22+00:00","breadcrumb":{"@id":"https:\/\/arenaldiving.com\/en\/hotel-arenal\/#breadcrumb"},"inLanguage":"en-US","potentialAction":[{"@type":"ReadAction","target":["https:\/\/arenaldiving.com\/en\/hotel-arenal\/"]}]},{"@type":"ImageObject","inLanguage":"en-US","@id":"https:\/\/arenaldiving.com\/en\/hotel-arenal\/#primaryimage","url":"https:\/\/arenaldiving.com\/wp-content\/uploads\/2022\/03\/hotel-arenal-piscina-1024x764.jpg","contentUrl":"https:\/\/arenaldiving.com\/wp-content\/uploads\/2022\/03\/hotel-arenal-piscina-1024x764.jpg"},{"@type":"BreadcrumbList","@id":"https:\/\/arenaldiving.com\/en\/hotel-arenal\/#breadcrumb","itemListElement":[{"@type":"ListItem","position":1,"name":"Inicio","item":"https:\/\/arenaldiving.com\/en\/"},{"@type":"ListItem","position":2,"name":"Hotel Arenal"}]},{"@type":"WebSite","@id":"https:\/\/arenaldiving.com\/en\/#website","url":"https:\/\/arenaldiving.com\/en\/","name":"Arenal diving","description":"Centro de buceo PADI en San Antonio, Ibiza","publisher":{"@id":"https:\/\/arenaldiving.com\/en\/#organization"},"potentialAction":[{"@type":"SearchAction","target":{"@type":"EntryPoint","urlTemplate":"https:\/\/arenaldiving.com\/en\/?s={search_term_string}"},"query-input":{"@type":"PropertyValueSpecification","valueRequired":true,"valueName":"search_term_string"}}],"inLanguage":"en-US"},{"@type":"Organization","@id":"https:\/\/arenaldiving.com\/en\/#organization","name":"Centro de buceo arenal SL","alternateName":"Arenal Diving Ibiza","url":"https:\/\/arenaldiving.com\/en\/","logo":{"@type":"ImageObject","inLanguage":"en-US","@id":"https:\/\/arenaldiving.com\/en\/#\/schema\/logo\/image\/","url":"https:\/\/i0.wp.com\/arenaldiving.com\/wp-content\/uploads\/2023\/01\/logo-arenal-diving_pequeno.jpg?fit=200%2C250&ssl=1","contentUrl":"https:\/\/i0.wp.com\/arenaldiving.com\/wp-content\/uploads\/2023\/01\/logo-arenal-diving_pequeno.jpg?fit=200%2C250&ssl=1","width":200,"height":250,"caption":"Centro de buceo arenal SL"},"image":{"@id":"https:\/\/arenaldiving.com\/en\/#\/schema\/logo\/image\/"},"sameAs":["http:\/\/www.facebook.com\/ArenalDiving","https:\/\/x.com\/ArenalDivingibiza","https:\/\/www.instagram.com\/arenaldiving","https:\/\/www.youtube.com\/channel\/UCA-OvbTtt4UHrysU3q2I_Bw"],"description":"TODO TIPO DE OBRAS HIDRAULICAS Y SUBMARINAS; TRABAJOS DE RESCATE; RFLOTAMIENTO DE BUQUES; ESCUELA Y CENTRO DE BUCEO; PRODUCCION DE REPORTAJES Y FOTOGRAFIAS SUBACUATICAS; PREPARACION Y EXPLOTACION DE EXCURSIONES MARITIMAS","email":"arenaldivingibiza@gmail.com","telephone":"+34871044678","legalName":"CENTRO DE BUCEO ARENAL SL","foundingDate":"2005-03-19","vatID":"ESB57322034","taxID":"B57322034","numberOfEmployees":{"@type":"QuantitativeValue","minValue":"11","maxValue":"50"},"publishingPrinciples":"https:\/\/arenaldiving.com\/politica-de-cookies\/","ownershipFundingInfo":"https:\/\/arenaldiving.com\/avisos-legales\/","actionableFeedbackPolicy":"https:\/\/arenaldiving.com\/politica-de-cookies\/"}]}},"_links":{"self":[{"href":"https:\/\/arenaldiving.com\/en\/wp-json\/wp\/v2\/pages\/7354","targetHints":{"allow":["GET"]}}],"collection":[{"href":"https:\/\/arenaldiving.com\/en\/wp-json\/wp\/v2\/pages"}],"about":[{"href":"https:\/\/arenaldiving.com\/en\/wp-json\/wp\/v2\/types\/page"}],"author":[{"embeddable":true,"href":"https:\/\/arenaldiving.com\/en\/wp-json\/wp\/v2\/users\/3"}],"replies":[{"embeddable":true,"href":"https:\/\/arenaldiving.com\/en\/wp-json\/wp\/v2\/comments?post=7354"}],"version-history":[{"count":0,"href":"https:\/\/arenaldiving.com\/en\/wp-json\/wp\/v2\/pages\/7354\/revisions"}],"wp:attachment":[{"href":"https:\/\/arenaldiving.com\/en\/wp-json\/wp\/v2\/media?parent=7354"}],"curies":[{"name":"wp","href":"https:\/\/api.w.org\/{rel}","templated":true}]}}