{"id":7348,"date":"2022-03-17T11:48:05","date_gmt":"2022-03-17T10:48:05","guid":{"rendered":"https:\/\/arenaldiving.com\/snorkel-ibiza\/"},"modified":"2025-08-29T18:59:46","modified_gmt":"2025-08-29T17:59:46","slug":"snorkel-ibiza","status":"publish","type":"page","link":"https:\/\/arenaldiving.com\/en\/snorkel-ibiza\/","title":{"rendered":"Snorkel Ibiza"},"content":{"rendered":"\t\t<div data-elementor-type=\"wp-page\" data-elementor-id=\"7348\" class=\"elementor elementor-7348 elementor-5668\" data-elementor-post-type=\"page\">\n\t\t\t\t\t\t<section class=\"elementor-section elementor-top-section elementor-element elementor-element-26c482e elementor-section-boxed elementor-section-height-default elementor-section-height-default elementor-section-width-default elementor-parallax-no elementor-lg-breakpoint-no\" data-id=\"26c482e\" data-element_type=\"section\" data-e-type=\"section\">\n\t\t\t\t\t\t<div class=\"elementor-container elementor-column-gap-default\">\n\t\t\t\t\t<div class=\"elementor-column elementor-col-66 elementor-top-column elementor-element elementor-element-93917c0\" data-id=\"93917c0\" data-element_type=\"column\" data-e-type=\"column\">\n\t\t\t<div class=\"elementor-widget-wrap elementor-element-populated\">\n\t\t\t\t\t\t<div class=\"elementor-element elementor-element-780d5b6 elementor-widget elementor-widget-text-editor\" data-id=\"780d5b6\" data-element_type=\"widget\" data-e-type=\"widget\" data-widget_type=\"text-editor.default\">\n\t\t\t\t<div class=\"elementor-widget-container\">\n\t\t\t\t\t\t\t\t\t<p>\u00bfTe gustar\u00eda disfrutar del\u00a0<strong>snorkel en Ibiza<\/strong>\u00a0y progresar en tus habilidades junto a instructores cualificados? Sea cual sea tu nivel de partida, con Arenal Diving tendr\u00e1s la ocasi\u00f3n de vivir una experiencia satisfactoria, disfrutando y aprendiendo en las aguas ibicencas. Llevamos a cabo distintas actividades formativas y organizamos inmersiones en diversos puntos de gran inter\u00e9s alrededor de la isla.<\/p><p>Somos un referente de calidad y rigor para la gente interesada en\u00a0<a title=\"aprender a bucear\" href=\"https:\/\/arenaldiving.com\/aprender-a-bucear\/\"><em>aprender a bucear<\/em><\/a>\u00a0en Ibiza y para los ya iniciados que deseen, por ejemplo, aprovechar su visita a la zona para disfrutar explorando los bellos fondos marinos o perfeccionando sus habilidades. Y es que aplicamos con \u00e9xito los planes propuestos por PADI, poniendo la experiencia y las capacidades de nuestros monitores al servicio de las personas que aprecian esta actividad.<\/p><h2>Actividades de snorkel en Ibiza<\/h2><p>Contamos con\u00a0<a title=\"cursos padi\" href=\"https:\/\/arenaldiving.com\/cursos-padi\/\"><em>cursos PADI<\/em><\/a>\u00a0que permiten ir avanzando, de forma s\u00f3lida y rigurosa a la vez que excitante y satisfactoria, por los distintos niveles de habilidad como buceador. No dejamos de lado posibilidades complementarias y muy celebradas por el p\u00fablico, como puede ser la fotograf\u00eda submarina, y tampoco nos olvidamos de un aspecto imprescindible como son los procedimientos\u00a0 de seguridad y auxilio en este \u00e1mbito. Disponemos tambi\u00e9n de cursos infantiles, porque en todas las edades se puede empezar a desarrollar la pasi\u00f3n por la inmersi\u00f3n de forma responsable.<\/p><p>Para todo lo relacionado con el snorkel o con\u00a0<strong>bucear en Ibiza<\/strong>, ya seas habitante de la isla o visitante regular u ocasional, siempre puedes contar con nuestra nutrida oferta de cursos y actividades para disfrutar de este deporte en compa\u00f1\u00eda de expertos y de quien t\u00fa quieras. Te esperamos en Sant Antoni de Portmany con las mejores condiciones y todas las facilidades. Cuenta con nosotros y te sentir\u00e1s en las mejores manos para practicar este tipo de actividades tal y como deseas.<\/p>\t\t\t\t\t\t\t\t<\/div>\n\t\t\t\t<\/div>\n\t\t\t\t\t<\/div>\n\t\t<\/div>\n\t\t\t\t<div class=\"elementor-column elementor-col-33 elementor-top-column elementor-element elementor-element-ec8bd83\" data-id=\"ec8bd83\" data-element_type=\"column\" data-e-type=\"column\">\n\t\t\t<div class=\"elementor-widget-wrap elementor-element-populated\">\n\t\t\t\t\t\t<div class=\"elementor-element elementor-element-3731ce5 elementor-widget elementor-widget-image\" data-id=\"3731ce5\" data-element_type=\"widget\" data-e-type=\"widget\" data-widget_type=\"image.default\">\n\t\t\t\t<div class=\"elementor-widget-container\">\n\t\t\t\t\t\t\t\t\t\t\t\t\t\t\t<img fetchpriority=\"high\" decoding=\"async\" width=\"300\" height=\"199\" src=\"https:\/\/i0.wp.com\/arenaldiving.com\/wp-content\/uploads\/2022\/03\/Sitios-de-Buceo-en-Ibiza-Arenal-Diving-300x199-300x199-1.jpg?fit=300%2C199&amp;ssl=1\" class=\"attachment-large size-large wp-image-6811\" alt=\"\" \/>\t\t\t\t\t\t\t\t\t\t\t\t\t\t\t<\/div>\n\t\t\t\t<\/div>\n\t\t\t\t<div class=\"elementor-element elementor-element-d1724e4 elementor-align-center elementor-widget elementor-widget-button\" data-id=\"d1724e4\" data-element_type=\"widget\" data-e-type=\"widget\" data-widget_type=\"button.default\">\n\t\t\t\t<div class=\"elementor-widget-container\">\n\t\t\t\t\t\t\t\t\t<div class=\"elementor-button-wrapper\">\n\t\t\t\t\t<a class=\"elementor-button elementor-button-link elementor-size-sm\" href=\"https:\/\/wa.me\/34657549616\">\n\t\t\t\t\t\t<span class=\"elementor-button-content-wrapper\">\n\t\t\t\t\t\t\t\t\t<span class=\"elementor-button-text\">\u00a1Cliquea aqu\u00ed y contacta con nosotros por WhatsApp   !<\/span>\n\t\t\t\t\t<\/span>\n\t\t\t\t\t<\/a>\n\t\t\t\t<\/div>\n\t\t\t\t\t\t\t\t<\/div>\n\t\t\t\t<\/div>\n\t\t\t\t\t<\/div>\n\t\t<\/div>\n\t\t\t\t\t<\/div>\n\t\t<\/section>\n\t\t\t\t<section class=\"elementor-section elementor-top-section elementor-element elementor-element-e7c67bb elementor-section-boxed elementor-section-height-default elementor-section-height-default elementor-section-width-default elementor-parallax-no elementor-lg-breakpoint-no\" data-id=\"e7c67bb\" data-element_type=\"section\" data-e-type=\"section\">\n\t\t\t\t\t\t<div class=\"elementor-container elementor-column-gap-default\">\n\t\t\t\t\t<div class=\"elementor-column elementor-col-100 elementor-top-column elementor-element elementor-element-5a26e09\" data-id=\"5a26e09\" data-element_type=\"column\" data-e-type=\"column\">\n\t\t\t<div class=\"elementor-widget-wrap elementor-element-populated\">\n\t\t\t\t\t\t<div class=\"elementor-element elementor-element-ea44b26 elementor-widget elementor-widget-text-editor\" data-id=\"ea44b26\" data-element_type=\"widget\" data-e-type=\"widget\" data-widget_type=\"text-editor.default\">\n\t\t\t\t<div class=\"elementor-widget-container\">\n\t\t\t\t\t\t\t\t\t<h2>NUESTRAS EXCURSIONES DE SNORKEL EN IBIZA<\/h2><p>Selecciona el mejor d\u00eda que quieras venir y reserva tu plaza, te esperamos.<\/p><p>\u00a0<\/p>\t\t\t\t\t\t\t\t<\/div>\n\t\t\t\t<\/div>\n\t\t\t\t\t<\/div>\n\t\t<\/div>\n\t\t\t\t\t<\/div>\n\t\t<\/section>\n\t\t\t\t<section class=\"elementor-section elementor-top-section elementor-element elementor-element-cae2b43 elementor-section-boxed elementor-section-height-default elementor-section-height-default elementor-section-width-default elementor-parallax-no elementor-lg-breakpoint-no\" data-id=\"cae2b43\" data-element_type=\"section\" data-e-type=\"section\">\n\t\t\t\t\t\t<div class=\"elementor-container elementor-column-gap-default\">\n\t\t\t\t\t<div class=\"elementor-column elementor-col-100 elementor-top-column elementor-element elementor-element-1311826\" data-id=\"1311826\" data-element_type=\"column\" data-e-type=\"column\">\n\t\t\t<div class=\"elementor-widget-wrap elementor-element-populated\">\n\t\t\t\t\t\t<div class=\"elementor-element elementor-element-a763553 elementor-widget elementor-widget-html\" data-id=\"a763553\" data-element_type=\"widget\" data-e-type=\"widget\" data-widget_type=\"html.default\">\n\t\t\t\t<div class=\"elementor-widget-container\">\n\t\t\t\t\t<script type=\"text\/javascript\" src=\"\/\/arenaldiving.checkfront.com\/lib\/interface--0.js\"><\/script>\r\n<!-- CHECKFRONT BOOKING PLUGIN v25-->\r\n<div id=\"CHECKFRONT_WIDGET_01\"><p id=\"CHECKFRONT_LOADER\" style=\"background: url('\/\/arenaldiving.checkfront.com\/images\/loader.gif') left center no-repeat; padding: 5px 5px 5px 20px\">Conexi\u00f3n internet lenta ...<\/p><\/div>\r\n<script>\r\nnew DROPLET.Widget ({\r\nhost: 'arenaldiving.checkfront.com',\r\ntarget: 'CHECKFRONT_WIDGET_01',\r\ncategory_id: '17',\r\ntid: 'snorkel ibiza ( antigua p\u00e1gina)',\r\nlang_id: 'es',\r\nlocale_id: 'es_ES',\r\noptions: 'category_select',\r\nprovider: 'droplet'\r\n}).render();\r\n<\/script>\r\n<noscript><a href=\"https:\/\/arenaldiving.checkfront.com\/reserve\/\" style=\"font-size: 16px\">Continue to Secure Booking System &raquo;<\/a><\/noscript>\t\t\t\t<\/div>\n\t\t\t\t<\/div>\n\t\t\t\t\t<\/div>\n\t\t<\/div>\n\t\t\t\t\t<\/div>\n\t\t<\/section>\n\t\t\t\t<\/div>\n\t\t","protected":false},"excerpt":{"rendered":"<p>\u00bfTe gustar\u00eda disfrutar del\u00a0snorkel en Ibiza\u00a0y progresar en tus habilidades junto a instructores cualificados? Sea cual sea tu nivel de partida, con Arenal Diving tendr\u00e1s la ocasi\u00f3n de vivir una experiencia satisfactoria, disfrutando y aprendiendo en las aguas ibicencas. Llevamos a cabo distintas actividades formativas y organizamos inmersiones en diversos puntos de gran inter\u00e9s alrededor [&hellip;]<\/p>\n","protected":false},"author":3,"featured_media":0,"parent":0,"menu_order":0,"comment_status":"closed","ping_status":"closed","template":"","meta":{"_joinchat":[],"footnotes":""},"class_list":["post-7348","page","type-page","status-publish","hentry"],"yoast_head":"<!-- This site is optimized with the Yoast SEO Premium plugin v27.4 (Yoast SEO v27.4) - https:\/\/yoast.com\/product\/yoast-seo-premium-wordpress\/ -->\n<title>Snorkel Ibiza | Arenal Diving | snorkel en Ibiza | Diving Ibiza<\/title>\n<meta name=\"description\" content=\"Ven a disfrutar del snorkel en Ibiza con Arenal Diving con los mejores profesionales y el fondo marino m\u00e1s impresionante snorkel en Ibiza\" \/>\n<meta name=\"robots\" content=\"index, follow, max-snippet:-1, max-image-preview:large, max-video-preview:-1\" \/>\n<link rel=\"canonical\" href=\"https:\/\/arenaldiving.com\/en\/snorkel-ibiza\/\" \/>\n<meta property=\"og:locale\" content=\"en_US\" \/>\n<meta property=\"og:type\" content=\"article\" \/>\n<meta property=\"og:title\" content=\"Snorkel Ibiza\" \/>\n<meta property=\"og:description\" content=\"Ven a disfrutar del snorkel en Ibiza con Arenal Diving con los mejores profesionales y el fondo marino m\u00e1s impresionante snorkel en Ibiza\" \/>\n<meta property=\"og:url\" content=\"https:\/\/arenaldiving.com\/en\/snorkel-ibiza\/\" \/>\n<meta property=\"article:publisher\" content=\"http:\/\/www.facebook.com\/ArenalDiving\" \/>\n<meta property=\"article:modified_time\" content=\"2025-08-29T17:59:46+00:00\" \/>\n<meta property=\"og:image\" content=\"https:\/\/arenaldiving.com\/wp-content\/uploads\/2022\/03\/Sitios-de-Buceo-en-Ibiza-Arenal-Diving-300x199-300x199-1.jpg\" \/>\n<meta name=\"twitter:card\" content=\"summary_large_image\" \/>\n<meta name=\"twitter:site\" content=\"@ArenalDivingibiza\" \/>\n<meta name=\"twitter:label1\" content=\"Est. reading time\" \/>\n\t<meta name=\"twitter:data1\" content=\"2 minutes\" \/>\n<script type=\"application\/ld+json\" class=\"yoast-schema-graph\">{\"@context\":\"https:\\\/\\\/schema.org\",\"@graph\":[{\"@type\":\"WebPage\",\"@id\":\"https:\\\/\\\/arenaldiving.com\\\/en\\\/snorkel-ibiza\\\/\",\"url\":\"https:\\\/\\\/arenaldiving.com\\\/en\\\/snorkel-ibiza\\\/\",\"name\":\"Snorkel Ibiza | Arenal Diving | snorkel en Ibiza | Diving Ibiza\",\"isPartOf\":{\"@id\":\"https:\\\/\\\/arenaldiving.com\\\/en\\\/#website\"},\"primaryImageOfPage\":{\"@id\":\"https:\\\/\\\/arenaldiving.com\\\/en\\\/snorkel-ibiza\\\/#primaryimage\"},\"image\":{\"@id\":\"https:\\\/\\\/arenaldiving.com\\\/en\\\/snorkel-ibiza\\\/#primaryimage\"},\"thumbnailUrl\":\"https:\\\/\\\/arenaldiving.com\\\/wp-content\\\/uploads\\\/2022\\\/03\\\/Sitios-de-Buceo-en-Ibiza-Arenal-Diving-300x199-300x199-1.jpg\",\"datePublished\":\"2022-03-17T10:48:05+00:00\",\"dateModified\":\"2025-08-29T17:59:46+00:00\",\"description\":\"Ven a disfrutar del snorkel en Ibiza con Arenal Diving con los mejores profesionales y el fondo marino m\u00e1s impresionante snorkel en Ibiza\",\"breadcrumb\":{\"@id\":\"https:\\\/\\\/arenaldiving.com\\\/en\\\/snorkel-ibiza\\\/#breadcrumb\"},\"inLanguage\":\"en-US\",\"potentialAction\":[{\"@type\":\"ReadAction\",\"target\":[\"https:\\\/\\\/arenaldiving.com\\\/en\\\/snorkel-ibiza\\\/\"]}]},{\"@type\":\"ImageObject\",\"inLanguage\":\"en-US\",\"@id\":\"https:\\\/\\\/arenaldiving.com\\\/en\\\/snorkel-ibiza\\\/#primaryimage\",\"url\":\"https:\\\/\\\/arenaldiving.com\\\/wp-content\\\/uploads\\\/2022\\\/03\\\/Sitios-de-Buceo-en-Ibiza-Arenal-Diving-300x199-300x199-1.jpg\",\"contentUrl\":\"https:\\\/\\\/arenaldiving.com\\\/wp-content\\\/uploads\\\/2022\\\/03\\\/Sitios-de-Buceo-en-Ibiza-Arenal-Diving-300x199-300x199-1.jpg\"},{\"@type\":\"BreadcrumbList\",\"@id\":\"https:\\\/\\\/arenaldiving.com\\\/en\\\/snorkel-ibiza\\\/#breadcrumb\",\"itemListElement\":[{\"@type\":\"ListItem\",\"position\":1,\"name\":\"Inicio\",\"item\":\"https:\\\/\\\/arenaldiving.com\\\/en\\\/\"},{\"@type\":\"ListItem\",\"position\":2,\"name\":\"Snorkel Ibiza\"}]},{\"@type\":\"WebSite\",\"@id\":\"https:\\\/\\\/arenaldiving.com\\\/en\\\/#website\",\"url\":\"https:\\\/\\\/arenaldiving.com\\\/en\\\/\",\"name\":\"Arenal diving\",\"description\":\"Centro de buceo PADI en San Antonio, Ibiza\",\"publisher\":{\"@id\":\"https:\\\/\\\/arenaldiving.com\\\/en\\\/#organization\"},\"potentialAction\":[{\"@type\":\"SearchAction\",\"target\":{\"@type\":\"EntryPoint\",\"urlTemplate\":\"https:\\\/\\\/arenaldiving.com\\\/en\\\/?s={search_term_string}\"},\"query-input\":{\"@type\":\"PropertyValueSpecification\",\"valueRequired\":true,\"valueName\":\"search_term_string\"}}],\"inLanguage\":\"en-US\"},{\"@type\":\"Organization\",\"@id\":\"https:\\\/\\\/arenaldiving.com\\\/en\\\/#organization\",\"name\":\"Centro de buceo arenal SL\",\"alternateName\":\"Arenal Diving Ibiza\",\"url\":\"https:\\\/\\\/arenaldiving.com\\\/en\\\/\",\"logo\":{\"@type\":\"ImageObject\",\"inLanguage\":\"en-US\",\"@id\":\"https:\\\/\\\/arenaldiving.com\\\/en\\\/#\\\/schema\\\/logo\\\/image\\\/\",\"url\":\"https:\\\/\\\/i0.wp.com\\\/arenaldiving.com\\\/wp-content\\\/uploads\\\/2023\\\/01\\\/logo-arenal-diving_pequeno.jpg?fit=200%2C250&ssl=1\",\"contentUrl\":\"https:\\\/\\\/i0.wp.com\\\/arenaldiving.com\\\/wp-content\\\/uploads\\\/2023\\\/01\\\/logo-arenal-diving_pequeno.jpg?fit=200%2C250&ssl=1\",\"width\":200,\"height\":250,\"caption\":\"Centro de buceo arenal SL\"},\"image\":{\"@id\":\"https:\\\/\\\/arenaldiving.com\\\/en\\\/#\\\/schema\\\/logo\\\/image\\\/\"},\"sameAs\":[\"http:\\\/\\\/www.facebook.com\\\/ArenalDiving\",\"https:\\\/\\\/x.com\\\/ArenalDivingibiza\",\"https:\\\/\\\/www.instagram.com\\\/arenaldiving\",\"https:\\\/\\\/www.youtube.com\\\/channel\\\/UCA-OvbTtt4UHrysU3q2I_Bw\"],\"description\":\"TODO TIPO DE OBRAS HIDRAULICAS Y SUBMARINAS; TRABAJOS DE RESCATE; RFLOTAMIENTO DE BUQUES; ESCUELA Y CENTRO DE BUCEO; PRODUCCION DE REPORTAJES Y FOTOGRAFIAS SUBACUATICAS; PREPARACION Y EXPLOTACION DE EXCURSIONES MARITIMAS\",\"email\":\"arenaldivingibiza@gmail.com\",\"telephone\":\"+34871044678\",\"legalName\":\"CENTRO DE BUCEO ARENAL SL\",\"foundingDate\":\"2005-03-19\",\"vatID\":\"ESB57322034\",\"taxID\":\"B57322034\",\"numberOfEmployees\":{\"@type\":\"QuantitativeValue\",\"minValue\":\"11\",\"maxValue\":\"50\"},\"publishingPrinciples\":\"https:\\\/\\\/arenaldiving.com\\\/politica-de-cookies\\\/\",\"ownershipFundingInfo\":\"https:\\\/\\\/arenaldiving.com\\\/avisos-legales\\\/\",\"actionableFeedbackPolicy\":\"https:\\\/\\\/arenaldiving.com\\\/politica-de-cookies\\\/\"}]}<\/script>\n<!-- \/ Yoast SEO Premium plugin. -->","yoast_head_json":{"title":"Snorkel Ibiza | Arenal Diving | snorkel en Ibiza | Diving Ibiza","description":"Ven a disfrutar del snorkel en Ibiza con Arenal Diving con los mejores profesionales y el fondo marino m\u00e1s impresionante snorkel en Ibiza","robots":{"index":"index","follow":"follow","max-snippet":"max-snippet:-1","max-image-preview":"max-image-preview:large","max-video-preview":"max-video-preview:-1"},"canonical":"https:\/\/arenaldiving.com\/en\/snorkel-ibiza\/","og_locale":"en_US","og_type":"article","og_title":"Snorkel Ibiza","og_description":"Ven a disfrutar del snorkel en Ibiza con Arenal Diving con los mejores profesionales y el fondo marino m\u00e1s impresionante snorkel en Ibiza","og_url":"https:\/\/arenaldiving.com\/en\/snorkel-ibiza\/","article_publisher":"http:\/\/www.facebook.com\/ArenalDiving","article_modified_time":"2025-08-29T17:59:46+00:00","og_image":[{"url":"https:\/\/arenaldiving.com\/wp-content\/uploads\/2022\/03\/Sitios-de-Buceo-en-Ibiza-Arenal-Diving-300x199-300x199-1.jpg","type":"","width":"","height":""}],"twitter_card":"summary_large_image","twitter_site":"@ArenalDivingibiza","twitter_misc":{"Est. reading time":"2 minutes"},"schema":{"@context":"https:\/\/schema.org","@graph":[{"@type":"WebPage","@id":"https:\/\/arenaldiving.com\/en\/snorkel-ibiza\/","url":"https:\/\/arenaldiving.com\/en\/snorkel-ibiza\/","name":"Snorkel Ibiza | Arenal Diving | snorkel en Ibiza | Diving Ibiza","isPartOf":{"@id":"https:\/\/arenaldiving.com\/en\/#website"},"primaryImageOfPage":{"@id":"https:\/\/arenaldiving.com\/en\/snorkel-ibiza\/#primaryimage"},"image":{"@id":"https:\/\/arenaldiving.com\/en\/snorkel-ibiza\/#primaryimage"},"thumbnailUrl":"https:\/\/arenaldiving.com\/wp-content\/uploads\/2022\/03\/Sitios-de-Buceo-en-Ibiza-Arenal-Diving-300x199-300x199-1.jpg","datePublished":"2022-03-17T10:48:05+00:00","dateModified":"2025-08-29T17:59:46+00:00","description":"Ven a disfrutar del snorkel en Ibiza con Arenal Diving con los mejores profesionales y el fondo marino m\u00e1s impresionante snorkel en Ibiza","breadcrumb":{"@id":"https:\/\/arenaldiving.com\/en\/snorkel-ibiza\/#breadcrumb"},"inLanguage":"en-US","potentialAction":[{"@type":"ReadAction","target":["https:\/\/arenaldiving.com\/en\/snorkel-ibiza\/"]}]},{"@type":"ImageObject","inLanguage":"en-US","@id":"https:\/\/arenaldiving.com\/en\/snorkel-ibiza\/#primaryimage","url":"https:\/\/arenaldiving.com\/wp-content\/uploads\/2022\/03\/Sitios-de-Buceo-en-Ibiza-Arenal-Diving-300x199-300x199-1.jpg","contentUrl":"https:\/\/arenaldiving.com\/wp-content\/uploads\/2022\/03\/Sitios-de-Buceo-en-Ibiza-Arenal-Diving-300x199-300x199-1.jpg"},{"@type":"BreadcrumbList","@id":"https:\/\/arenaldiving.com\/en\/snorkel-ibiza\/#breadcrumb","itemListElement":[{"@type":"ListItem","position":1,"name":"Inicio","item":"https:\/\/arenaldiving.com\/en\/"},{"@type":"ListItem","position":2,"name":"Snorkel Ibiza"}]},{"@type":"WebSite","@id":"https:\/\/arenaldiving.com\/en\/#website","url":"https:\/\/arenaldiving.com\/en\/","name":"Arenal diving","description":"Centro de buceo PADI en San Antonio, Ibiza","publisher":{"@id":"https:\/\/arenaldiving.com\/en\/#organization"},"potentialAction":[{"@type":"SearchAction","target":{"@type":"EntryPoint","urlTemplate":"https:\/\/arenaldiving.com\/en\/?s={search_term_string}"},"query-input":{"@type":"PropertyValueSpecification","valueRequired":true,"valueName":"search_term_string"}}],"inLanguage":"en-US"},{"@type":"Organization","@id":"https:\/\/arenaldiving.com\/en\/#organization","name":"Centro de buceo arenal SL","alternateName":"Arenal Diving Ibiza","url":"https:\/\/arenaldiving.com\/en\/","logo":{"@type":"ImageObject","inLanguage":"en-US","@id":"https:\/\/arenaldiving.com\/en\/#\/schema\/logo\/image\/","url":"https:\/\/i0.wp.com\/arenaldiving.com\/wp-content\/uploads\/2023\/01\/logo-arenal-diving_pequeno.jpg?fit=200%2C250&ssl=1","contentUrl":"https:\/\/i0.wp.com\/arenaldiving.com\/wp-content\/uploads\/2023\/01\/logo-arenal-diving_pequeno.jpg?fit=200%2C250&ssl=1","width":200,"height":250,"caption":"Centro de buceo arenal SL"},"image":{"@id":"https:\/\/arenaldiving.com\/en\/#\/schema\/logo\/image\/"},"sameAs":["http:\/\/www.facebook.com\/ArenalDiving","https:\/\/x.com\/ArenalDivingibiza","https:\/\/www.instagram.com\/arenaldiving","https:\/\/www.youtube.com\/channel\/UCA-OvbTtt4UHrysU3q2I_Bw"],"description":"TODO TIPO DE OBRAS HIDRAULICAS Y SUBMARINAS; TRABAJOS DE RESCATE; RFLOTAMIENTO DE BUQUES; ESCUELA Y CENTRO DE BUCEO; PRODUCCION DE REPORTAJES Y FOTOGRAFIAS SUBACUATICAS; PREPARACION Y EXPLOTACION DE EXCURSIONES MARITIMAS","email":"arenaldivingibiza@gmail.com","telephone":"+34871044678","legalName":"CENTRO DE BUCEO ARENAL SL","foundingDate":"2005-03-19","vatID":"ESB57322034","taxID":"B57322034","numberOfEmployees":{"@type":"QuantitativeValue","minValue":"11","maxValue":"50"},"publishingPrinciples":"https:\/\/arenaldiving.com\/politica-de-cookies\/","ownershipFundingInfo":"https:\/\/arenaldiving.com\/avisos-legales\/","actionableFeedbackPolicy":"https:\/\/arenaldiving.com\/politica-de-cookies\/"}]}},"_links":{"self":[{"href":"https:\/\/arenaldiving.com\/en\/wp-json\/wp\/v2\/pages\/7348","targetHints":{"allow":["GET"]}}],"collection":[{"href":"https:\/\/arenaldiving.com\/en\/wp-json\/wp\/v2\/pages"}],"about":[{"href":"https:\/\/arenaldiving.com\/en\/wp-json\/wp\/v2\/types\/page"}],"author":[{"embeddable":true,"href":"https:\/\/arenaldiving.com\/en\/wp-json\/wp\/v2\/users\/3"}],"replies":[{"embeddable":true,"href":"https:\/\/arenaldiving.com\/en\/wp-json\/wp\/v2\/comments?post=7348"}],"version-history":[{"count":10,"href":"https:\/\/arenaldiving.com\/en\/wp-json\/wp\/v2\/pages\/7348\/revisions"}],"predecessor-version":[{"id":18126,"href":"https:\/\/arenaldiving.com\/en\/wp-json\/wp\/v2\/pages\/7348\/revisions\/18126"}],"wp:attachment":[{"href":"https:\/\/arenaldiving.com\/en\/wp-json\/wp\/v2\/media?parent=7348"}],"curies":[{"name":"wp","href":"https:\/\/api.w.org\/{rel}","templated":true}]}}