{"id":7342,"date":"2026-03-01T09:58:53","date_gmt":"2026-03-01T08:58:53","guid":{"rendered":"https:\/\/arenaldiving.com\/la-mejor-excursion-de-puesta-de-sol-en-ibiza%ef%bf%bc\/"},"modified":"2026-03-10T11:55:38","modified_gmt":"2026-03-10T10:55:38","slug":"salida-de-snorkel-al-atardecer","status":"publish","type":"page","link":"https:\/\/arenaldiving.com\/en\/tours\/salida-de-snorkel-al-atardecer\/","title":{"rendered":"salida de snorkel al atardecer"},"content":{"rendered":"\t\t<div data-elementor-type=\"wp-page\" data-elementor-id=\"7342\" class=\"elementor elementor-7342 elementor-6417\" data-elementor-post-type=\"page\">\n\t\t\t\t\t\t<section class=\"elementor-section elementor-top-section elementor-element elementor-element-9cd6adf elementor-section-boxed elementor-section-height-default elementor-section-height-default elementor-section-width-default elementor-parallax-no elementor-lg-breakpoint-no\" data-id=\"9cd6adf\" data-element_type=\"section\" data-e-type=\"section\">\n\t\t\t\t\t\t<div class=\"elementor-container elementor-column-gap-default\">\n\t\t\t\t\t<div class=\"elementor-column elementor-col-100 elementor-top-column elementor-element elementor-element-4f1602b\" data-id=\"4f1602b\" data-element_type=\"column\" data-e-type=\"column\">\n\t\t\t<div class=\"elementor-widget-wrap\">\n\t\t\t\t\t\t\t<\/div>\n\t\t<\/div>\n\t\t\t\t\t<\/div>\n\t\t<\/section>\n\t\t\t\t<section class=\"elementor-section elementor-top-section elementor-element elementor-element-a6b0ee0 elementor-section-boxed elementor-section-height-default elementor-section-height-default elementor-section-width-default elementor-parallax-no elementor-lg-breakpoint-no\" data-id=\"a6b0ee0\" data-element_type=\"section\" data-e-type=\"section\">\n\t\t\t\t\t\t<div class=\"elementor-container elementor-column-gap-default\">\n\t\t\t\t\t<div class=\"elementor-column elementor-col-100 elementor-top-column elementor-element elementor-element-6d152f2\" data-id=\"6d152f2\" data-element_type=\"column\" data-e-type=\"column\">\n\t\t\t<div class=\"elementor-widget-wrap elementor-element-populated\">\n\t\t\t\t\t\t\t<\/div>\n\t\t<\/div>\n\t\t\t\t\t<\/div>\n\t\t<\/section>\n\t\t\t\t<section class=\"elementor-section elementor-top-section elementor-element elementor-element-f39233a elementor-section-boxed elementor-section-height-default elementor-section-height-default elementor-section-width-default elementor-parallax-no elementor-lg-breakpoint-no\" data-id=\"f39233a\" data-element_type=\"section\" data-e-type=\"section\">\n\t\t\t\t\t\t<div class=\"elementor-container elementor-column-gap-default\">\n\t\t\t\t\t<div class=\"elementor-column elementor-col-100 elementor-top-column elementor-element elementor-element-91d3d2a\" data-id=\"91d3d2a\" data-element_type=\"column\" data-e-type=\"column\">\n\t\t\t<div class=\"elementor-widget-wrap elementor-element-populated\">\n\t\t\t\t\t\t<div class=\"elementor-element elementor-element-b09e77c elementor-widget elementor-widget-text-editor\" data-id=\"b09e77c\" data-element_type=\"widget\" data-e-type=\"widget\" data-widget_type=\"text-editor.default\">\n\t\t\t\t<div class=\"elementor-widget-container\">\n\t\t\t\t\t\t\t\t\t<h1 id=\"h-breve-descripcion-de-la-excursion-de-puesta-de-sol\">SALIDA DE SNORKEL\u00a0 AL ATARDECER<\/h1><p>Se realizar\u00e1n <strong>dos paradas de snorkel (buceo con tubo) en\u00a0 dos\u00a0 calas de Ibiza,<\/strong> donde podr\u00e1s practicar snorkeling, paddle SUP o relajarte a bordo con las bebidas incluidas<\/p><p>Al final , de paso,\u00a0 veremos la puesta de sol antes de entrar a puerto.<\/p><p><img fetchpriority=\"high\" decoding=\"async\" data-recalc-dims=\"1\" class=\"aligncenter size-full wp-image-6419\" src=\"https:\/\/i0.wp.com\/arenaldiving.com\/wp-content\/uploads\/2022\/03\/Puesta-de-sol-en-barco-en-ibiza.jpg?resize=620%2C422&#038;ssl=1\" alt=\"\" width=\"620\" height=\"422\" srcset=\"https:\/\/i0.wp.com\/arenaldiving.com\/wp-content\/uploads\/2022\/03\/Puesta-de-sol-en-barco-en-ibiza.jpg?w=620&amp;ssl=1 620w, https:\/\/i0.wp.com\/arenaldiving.com\/wp-content\/uploads\/2022\/03\/Puesta-de-sol-en-barco-en-ibiza.jpg?resize=600%2C408&amp;ssl=1 600w, https:\/\/i0.wp.com\/arenaldiving.com\/wp-content\/uploads\/2022\/03\/Puesta-de-sol-en-barco-en-ibiza.jpg?resize=300%2C204&amp;ssl=1 300w\" sizes=\"(max-width: 620px) 100vw, 620px\" \/><\/p><h2 id=\"descripcion-detallada-de-la-excursion-de-puesta-de-sol\">SALIDA DE SNORKEL AL ATARDECER EN SAN ANTONIO\u00a0<\/h2><p>Zarpa desde Sant Antoni de Portmany unas 3 horas y cuarto antes de la puesta de sol.<\/p><p>Una vez hayamos embarcado, pondremos rumbo a las reservas naturales de poniente\u00a0 y llegaremos a la primera parada de snorkel, siendo esta cala bassa o cala conta.<\/p><p><strong>El orden de que sea una o la otra\u00a0 o ninguna de estas lo mostrar\u00e1n las condiciones mar\u00edtimas, pues el mar es un medio cambiante y nuestro patr\u00f3n\/a, seg\u00fan vea, decidir\u00e1 empezar por una de ellas o por otras.<\/strong><\/p><p><strong>Pero normalmente lo realizamos tal como se indica a continuaci\u00f3n.<\/strong><\/p><h2>SNORKEL EN EL \u00c1REA DE\u00a0 CALA CONTA<\/h2><p><strong>En esta parada podremos practicar snorkel , paddle SUP o como no, relajarnos ante la belleza de este lugar.<\/strong><\/p><p><img decoding=\"async\" data-recalc-dims=\"1\" class=\"aligncenter wp-image-12721 size-full\" src=\"https:\/\/i0.wp.com\/arenaldiving.com\/wp-content\/uploads\/2024\/12\/snorkelin-en-ibiza-1.webp?resize=600%2C400&#038;ssl=1\" alt=\"snorkel en cala conta\" width=\"600\" height=\"400\" srcset=\"https:\/\/i0.wp.com\/arenaldiving.com\/wp-content\/uploads\/2024\/12\/snorkelin-en-ibiza-1.webp?w=600&amp;ssl=1 600w, https:\/\/i0.wp.com\/arenaldiving.com\/wp-content\/uploads\/2024\/12\/snorkelin-en-ibiza-1.webp?resize=300%2C200&amp;ssl=1 300w\" sizes=\"(max-width: 600px) 100vw, 600px\" \/><\/p><p>\u00a0<\/p><h2 id=\"fondeamos-el-barco-en-cala-bassa\">SNORKEL EN EL \u00c1REA DE CALA BASSA<\/h2><p><img decoding=\"async\" data-recalc-dims=\"1\" class=\"aligncenter wp-image-12724 size-full\" src=\"https:\/\/i0.wp.com\/arenaldiving.com\/wp-content\/uploads\/2024\/12\/Snorkel-en-cueva-de-ibiza-2.webp?resize=1024%2C768&#038;ssl=1\" alt=\"\" width=\"1024\" height=\"768\" srcset=\"https:\/\/i0.wp.com\/arenaldiving.com\/wp-content\/uploads\/2024\/12\/Snorkel-en-cueva-de-ibiza-2.webp?w=1024&amp;ssl=1 1024w, https:\/\/i0.wp.com\/arenaldiving.com\/wp-content\/uploads\/2024\/12\/Snorkel-en-cueva-de-ibiza-2.webp?resize=300%2C225&amp;ssl=1 300w, https:\/\/i0.wp.com\/arenaldiving.com\/wp-content\/uploads\/2024\/12\/Snorkel-en-cueva-de-ibiza-2.webp?resize=768%2C576&amp;ssl=1 768w, https:\/\/i0.wp.com\/arenaldiving.com\/wp-content\/uploads\/2024\/12\/Snorkel-en-cueva-de-ibiza-2.webp?resize=600%2C450&amp;ssl=1 600w\" sizes=\"(max-width: 1024px) 100vw, 1024px\" \/><\/p><p>En el \u00e1rea de Cala Bassa a nuestra izquierda, se encuentran las cuevas marinas y a la derecha esta fabulosa playa que en verano est\u00e1 muy concurrida.<\/p><p><strong>En esta parada podremos practicar snorkel , paddle SUP o como no, relajarnos ante la belleza de este lugar.<\/strong><\/p><div>\u00a0<\/div><div>Una vez que el disco solar toque el horizonte, pondremos rumbo a puerto llegando casi de noche.<\/div><div><h2 id=\"como-saber-mas-detalles-del-paseo-de-puesta-de-sol-en-ibiza\">C\u00d3MO SABER M\u00c1S\u00a0<\/h2><p>Si deseas saber m\u00e1s de esta salida de snorkel al atardecer, te invitamos a que visites el \u00edtem del producto donde lo explicamos con m\u00e1s detalle.<\/p><\/div>\t\t\t\t\t\t\t\t<\/div>\n\t\t\t\t<\/div>\n\t\t\t\t\t<\/div>\n\t\t<\/div>\n\t\t\t\t\t<\/div>\n\t\t<\/section>\n\t\t\t\t<section class=\"elementor-section elementor-top-section elementor-element elementor-element-340707f elementor-section-boxed elementor-section-height-default elementor-section-height-default elementor-section-width-default elementor-parallax-no elementor-lg-breakpoint-no\" data-id=\"340707f\" data-element_type=\"section\" data-e-type=\"section\">\n\t\t\t\t\t\t<div class=\"elementor-container elementor-column-gap-default\">\n\t\t\t\t\t<div class=\"elementor-column elementor-col-100 elementor-top-column elementor-element elementor-element-dfa4d48\" data-id=\"dfa4d48\" data-element_type=\"column\" data-e-type=\"column\">\n\t\t\t<div class=\"elementor-widget-wrap elementor-element-populated\">\n\t\t\t\t\t\t<div class=\"elementor-element elementor-element-6159434 elementor-widget elementor-widget-html\" data-id=\"6159434\" data-element_type=\"widget\" data-e-type=\"widget\" data-widget_type=\"html.default\">\n\t\t\t\t<div class=\"elementor-widget-container\">\n\t\t\t\t\t<script type=\"text\/javascript\" src=\"\/\/arenaldiving.checkfront.com\/lib\/interface--0.js\"><\/script>\r\n<!-- CHECKFRONT BOOKING PLUGIN v25-->\r\n<div id=\"CHECKFRONT_WIDGET_01\"><p id=\"CHECKFRONT_LOADER\" style=\"background: url('\/\/arenaldiving.checkfront.com\/images\/loader.gif') left center no-repeat; padding: 5px 5px 5px 20px\">Searching Availability...<\/p><\/div>\r\n<script>\r\nnew DROPLET.Widget ({\r\nhost: 'arenaldiving.checkfront.com',\r\ntarget: 'CHECKFRONT_WIDGET_01',\r\nitem_id: '36,210',\r\ncategory_id: '17',\r\nlang_id: 'es',\r\nlocale_id: 'es_ES',\r\noptions: 'category_select',\r\nprovider: 'droplet'\r\n}).render();\r\n<\/script>\r\n<noscript><a href=\"https:\/\/arenaldiving.checkfront.com\/reserve\/\" style=\"font-size: 16px\">Continue to Secure Booking System &raquo;<\/a><\/noscript>\t\t\t\t<\/div>\n\t\t\t\t<\/div>\n\t\t\t\t\t<\/div>\n\t\t<\/div>\n\t\t\t\t\t<\/div>\n\t\t<\/section>\n\t\t\t\t<\/div>\n\t\t","protected":false},"excerpt":{"rendered":"<p>SALIDA DE SNORKEL\u00a0 AL ATARDECER Se realizar\u00e1n dos paradas de snorkel (buceo con tubo) en\u00a0 dos\u00a0 calas de Ibiza, donde podr\u00e1s practicar snorkeling, paddle SUP o relajarte a bordo con las bebidas incluidas Al final , de paso,\u00a0 veremos la puesta de sol antes de entrar a puerto. SALIDA DE SNORKEL AL ATARDECER EN SAN [&hellip;]<\/p>\n","protected":false},"author":3,"featured_media":6859,"parent":7349,"menu_order":0,"comment_status":"closed","ping_status":"closed","template":"","meta":{"_joinchat":[],"footnotes":""},"class_list":["post-7342","page","type-page","status-publish","has-post-thumbnail","hentry"],"yoast_head":"<!-- This site is optimized with the Yoast SEO Premium plugin v27.5 (Yoast SEO v27.5) - https:\/\/yoast.com\/product\/yoast-seo-premium-wordpress\/ -->\n<title>salida de snorkel al atardecer | Snorkel en San Antonio (Ibiza)<\/title>\n<meta name=\"description\" content=\"la salida de snorkel al atardecer realiza dos paradas de snorkel y antes de llegar a puerto veras la puesta de sol\" \/>\n<meta name=\"robots\" content=\"index, follow, max-snippet:-1, max-image-preview:large, max-video-preview:-1\" \/>\n<link rel=\"canonical\" href=\"https:\/\/arenaldiving.com\/en\/tours\/salida-de-snorkel-al-atardecer\/\" \/>\n<meta property=\"og:locale\" content=\"en_US\" \/>\n<meta property=\"og:type\" content=\"article\" \/>\n<meta property=\"og:title\" content=\"salida de snorkel al atardecer\" \/>\n<meta property=\"og:description\" content=\"la salida de snorkel al atardecer realiza dos paradas de snorkel y antes de llegar a puerto veras la puesta de sol\" \/>\n<meta property=\"og:url\" content=\"https:\/\/arenaldiving.com\/en\/tours\/salida-de-snorkel-al-atardecer\/\" \/>\n<meta property=\"article:publisher\" content=\"http:\/\/www.facebook.com\/ArenalDiving\" \/>\n<meta property=\"article:modified_time\" content=\"2026-03-10T10:55:38+00:00\" \/>\n<meta property=\"og:image\" content=\"https:\/\/arenaldiving.com\/wp-content\/uploads\/2022\/03\/Puesta-de-sol-en-barco-en-ibiza.jpg\" \/>\n\t<meta property=\"og:image:width\" content=\"620\" \/>\n\t<meta property=\"og:image:height\" content=\"422\" \/>\n\t<meta property=\"og:image:type\" content=\"image\/jpeg\" \/>\n<meta name=\"twitter:card\" content=\"summary_large_image\" \/>\n<meta name=\"twitter:site\" content=\"@ArenalDivingibiza\" \/>\n<meta name=\"twitter:label1\" content=\"Est. reading time\" \/>\n\t<meta name=\"twitter:data1\" content=\"3 minutes\" \/>\n<script type=\"application\/ld+json\" class=\"yoast-schema-graph\">{\"@context\":\"https:\\\/\\\/schema.org\",\"@graph\":[{\"@type\":\"WebPage\",\"@id\":\"https:\\\/\\\/arenaldiving.com\\\/en\\\/tours\\\/salida-de-snorkel-al-atardecer\\\/\",\"url\":\"https:\\\/\\\/arenaldiving.com\\\/en\\\/tours\\\/salida-de-snorkel-al-atardecer\\\/\",\"name\":\"salida de snorkel al atardecer | Snorkel en San Antonio (Ibiza)\",\"isPartOf\":{\"@id\":\"https:\\\/\\\/arenaldiving.com\\\/en\\\/#website\"},\"primaryImageOfPage\":{\"@id\":\"https:\\\/\\\/arenaldiving.com\\\/en\\\/tours\\\/salida-de-snorkel-al-atardecer\\\/#primaryimage\"},\"image\":{\"@id\":\"https:\\\/\\\/arenaldiving.com\\\/en\\\/tours\\\/salida-de-snorkel-al-atardecer\\\/#primaryimage\"},\"thumbnailUrl\":\"https:\\\/\\\/i0.wp.com\\\/arenaldiving.com\\\/wp-content\\\/uploads\\\/2022\\\/03\\\/Puesta-de-sol-en-barco-en-ibiza.jpg?fit=620%2C422&ssl=1\",\"datePublished\":\"2026-03-01T08:58:53+00:00\",\"dateModified\":\"2026-03-10T10:55:38+00:00\",\"description\":\"la salida de snorkel al atardecer realiza dos paradas de snorkel y antes de llegar a puerto veras la puesta de sol\",\"breadcrumb\":{\"@id\":\"https:\\\/\\\/arenaldiving.com\\\/en\\\/tours\\\/salida-de-snorkel-al-atardecer\\\/#breadcrumb\"},\"inLanguage\":\"en-US\",\"potentialAction\":[{\"@type\":\"ReadAction\",\"target\":[\"https:\\\/\\\/arenaldiving.com\\\/en\\\/tours\\\/salida-de-snorkel-al-atardecer\\\/\"]}]},{\"@type\":\"ImageObject\",\"inLanguage\":\"en-US\",\"@id\":\"https:\\\/\\\/arenaldiving.com\\\/en\\\/tours\\\/salida-de-snorkel-al-atardecer\\\/#primaryimage\",\"url\":\"https:\\\/\\\/i0.wp.com\\\/arenaldiving.com\\\/wp-content\\\/uploads\\\/2022\\\/03\\\/Puesta-de-sol-en-barco-en-ibiza.jpg?fit=620%2C422&ssl=1\",\"contentUrl\":\"https:\\\/\\\/i0.wp.com\\\/arenaldiving.com\\\/wp-content\\\/uploads\\\/2022\\\/03\\\/Puesta-de-sol-en-barco-en-ibiza.jpg?fit=620%2C422&ssl=1\",\"width\":620,\"height\":422,\"caption\":\"Sunset Boat Trip`in Ibiza\"},{\"@type\":\"BreadcrumbList\",\"@id\":\"https:\\\/\\\/arenaldiving.com\\\/en\\\/tours\\\/salida-de-snorkel-al-atardecer\\\/#breadcrumb\",\"itemListElement\":[{\"@type\":\"ListItem\",\"position\":1,\"name\":\"Inicio\",\"item\":\"https:\\\/\\\/arenaldiving.com\\\/en\\\/\"},{\"@type\":\"ListItem\",\"position\":2,\"name\":\"Ibiza Boat Tours\",\"item\":\"https:\\\/\\\/arenaldiving.com\\\/en\\\/tours\\\/\"},{\"@type\":\"ListItem\",\"position\":3,\"name\":\"salida de snorkel al atardecer\"}]},{\"@type\":\"WebSite\",\"@id\":\"https:\\\/\\\/arenaldiving.com\\\/en\\\/#website\",\"url\":\"https:\\\/\\\/arenaldiving.com\\\/en\\\/\",\"name\":\"Arenal diving\",\"description\":\"Centro de buceo PADI en San Antonio, Ibiza\",\"publisher\":{\"@id\":\"https:\\\/\\\/arenaldiving.com\\\/en\\\/#organization\"},\"potentialAction\":[{\"@type\":\"SearchAction\",\"target\":{\"@type\":\"EntryPoint\",\"urlTemplate\":\"https:\\\/\\\/arenaldiving.com\\\/en\\\/?s={search_term_string}\"},\"query-input\":{\"@type\":\"PropertyValueSpecification\",\"valueRequired\":true,\"valueName\":\"search_term_string\"}}],\"inLanguage\":\"en-US\"},{\"@type\":\"Organization\",\"@id\":\"https:\\\/\\\/arenaldiving.com\\\/en\\\/#organization\",\"name\":\"Centro de buceo arenal SL\",\"alternateName\":\"Arenal Diving Ibiza\",\"url\":\"https:\\\/\\\/arenaldiving.com\\\/en\\\/\",\"logo\":{\"@type\":\"ImageObject\",\"inLanguage\":\"en-US\",\"@id\":\"https:\\\/\\\/arenaldiving.com\\\/en\\\/#\\\/schema\\\/logo\\\/image\\\/\",\"url\":\"https:\\\/\\\/i0.wp.com\\\/arenaldiving.com\\\/wp-content\\\/uploads\\\/2023\\\/01\\\/logo-arenal-diving_pequeno.jpg?fit=200%2C250&ssl=1\",\"contentUrl\":\"https:\\\/\\\/i0.wp.com\\\/arenaldiving.com\\\/wp-content\\\/uploads\\\/2023\\\/01\\\/logo-arenal-diving_pequeno.jpg?fit=200%2C250&ssl=1\",\"width\":200,\"height\":250,\"caption\":\"Centro de buceo arenal SL\"},\"image\":{\"@id\":\"https:\\\/\\\/arenaldiving.com\\\/en\\\/#\\\/schema\\\/logo\\\/image\\\/\"},\"sameAs\":[\"http:\\\/\\\/www.facebook.com\\\/ArenalDiving\",\"https:\\\/\\\/x.com\\\/ArenalDivingibiza\",\"https:\\\/\\\/www.instagram.com\\\/arenaldiving\",\"https:\\\/\\\/www.youtube.com\\\/channel\\\/UCA-OvbTtt4UHrysU3q2I_Bw\"],\"description\":\"TODO TIPO DE OBRAS HIDRAULICAS Y SUBMARINAS; TRABAJOS DE RESCATE; RFLOTAMIENTO DE BUQUES; ESCUELA Y CENTRO DE BUCEO; PRODUCCION DE REPORTAJES Y FOTOGRAFIAS SUBACUATICAS; PREPARACION Y EXPLOTACION DE EXCURSIONES MARITIMAS\",\"email\":\"arenaldivingibiza@gmail.com\",\"telephone\":\"+34871044678\",\"legalName\":\"CENTRO DE BUCEO ARENAL SL\",\"foundingDate\":\"2005-03-19\",\"vatID\":\"ESB57322034\",\"taxID\":\"B57322034\",\"numberOfEmployees\":{\"@type\":\"QuantitativeValue\",\"minValue\":\"11\",\"maxValue\":\"50\"},\"publishingPrinciples\":\"https:\\\/\\\/arenaldiving.com\\\/politica-de-cookies\\\/\",\"ownershipFundingInfo\":\"https:\\\/\\\/arenaldiving.com\\\/avisos-legales\\\/\",\"actionableFeedbackPolicy\":\"https:\\\/\\\/arenaldiving.com\\\/politica-de-cookies\\\/\"}]}<\/script>\n<!-- \/ Yoast SEO Premium plugin. -->","yoast_head_json":{"title":"salida de snorkel al atardecer | Snorkel en San Antonio (Ibiza)","description":"la salida de snorkel al atardecer realiza dos paradas de snorkel y antes de llegar a puerto veras la puesta de sol","robots":{"index":"index","follow":"follow","max-snippet":"max-snippet:-1","max-image-preview":"max-image-preview:large","max-video-preview":"max-video-preview:-1"},"canonical":"https:\/\/arenaldiving.com\/en\/tours\/salida-de-snorkel-al-atardecer\/","og_locale":"en_US","og_type":"article","og_title":"salida de snorkel al atardecer","og_description":"la salida de snorkel al atardecer realiza dos paradas de snorkel y antes de llegar a puerto veras la puesta de sol","og_url":"https:\/\/arenaldiving.com\/en\/tours\/salida-de-snorkel-al-atardecer\/","article_publisher":"http:\/\/www.facebook.com\/ArenalDiving","article_modified_time":"2026-03-10T10:55:38+00:00","og_image":[{"width":620,"height":422,"url":"https:\/\/arenaldiving.com\/wp-content\/uploads\/2022\/03\/Puesta-de-sol-en-barco-en-ibiza.jpg","type":"image\/jpeg"}],"twitter_card":"summary_large_image","twitter_site":"@ArenalDivingibiza","twitter_misc":{"Est. reading time":"3 minutes"},"schema":{"@context":"https:\/\/schema.org","@graph":[{"@type":"WebPage","@id":"https:\/\/arenaldiving.com\/en\/tours\/salida-de-snorkel-al-atardecer\/","url":"https:\/\/arenaldiving.com\/en\/tours\/salida-de-snorkel-al-atardecer\/","name":"salida de snorkel al atardecer | Snorkel en San Antonio (Ibiza)","isPartOf":{"@id":"https:\/\/arenaldiving.com\/en\/#website"},"primaryImageOfPage":{"@id":"https:\/\/arenaldiving.com\/en\/tours\/salida-de-snorkel-al-atardecer\/#primaryimage"},"image":{"@id":"https:\/\/arenaldiving.com\/en\/tours\/salida-de-snorkel-al-atardecer\/#primaryimage"},"thumbnailUrl":"https:\/\/i0.wp.com\/arenaldiving.com\/wp-content\/uploads\/2022\/03\/Puesta-de-sol-en-barco-en-ibiza.jpg?fit=620%2C422&ssl=1","datePublished":"2026-03-01T08:58:53+00:00","dateModified":"2026-03-10T10:55:38+00:00","description":"la salida de snorkel al atardecer realiza dos paradas de snorkel y antes de llegar a puerto veras la puesta de sol","breadcrumb":{"@id":"https:\/\/arenaldiving.com\/en\/tours\/salida-de-snorkel-al-atardecer\/#breadcrumb"},"inLanguage":"en-US","potentialAction":[{"@type":"ReadAction","target":["https:\/\/arenaldiving.com\/en\/tours\/salida-de-snorkel-al-atardecer\/"]}]},{"@type":"ImageObject","inLanguage":"en-US","@id":"https:\/\/arenaldiving.com\/en\/tours\/salida-de-snorkel-al-atardecer\/#primaryimage","url":"https:\/\/i0.wp.com\/arenaldiving.com\/wp-content\/uploads\/2022\/03\/Puesta-de-sol-en-barco-en-ibiza.jpg?fit=620%2C422&ssl=1","contentUrl":"https:\/\/i0.wp.com\/arenaldiving.com\/wp-content\/uploads\/2022\/03\/Puesta-de-sol-en-barco-en-ibiza.jpg?fit=620%2C422&ssl=1","width":620,"height":422,"caption":"Sunset Boat Trip`in Ibiza"},{"@type":"BreadcrumbList","@id":"https:\/\/arenaldiving.com\/en\/tours\/salida-de-snorkel-al-atardecer\/#breadcrumb","itemListElement":[{"@type":"ListItem","position":1,"name":"Inicio","item":"https:\/\/arenaldiving.com\/en\/"},{"@type":"ListItem","position":2,"name":"Ibiza Boat Tours","item":"https:\/\/arenaldiving.com\/en\/tours\/"},{"@type":"ListItem","position":3,"name":"salida de snorkel al atardecer"}]},{"@type":"WebSite","@id":"https:\/\/arenaldiving.com\/en\/#website","url":"https:\/\/arenaldiving.com\/en\/","name":"Arenal diving","description":"Centro de buceo PADI en San Antonio, Ibiza","publisher":{"@id":"https:\/\/arenaldiving.com\/en\/#organization"},"potentialAction":[{"@type":"SearchAction","target":{"@type":"EntryPoint","urlTemplate":"https:\/\/arenaldiving.com\/en\/?s={search_term_string}"},"query-input":{"@type":"PropertyValueSpecification","valueRequired":true,"valueName":"search_term_string"}}],"inLanguage":"en-US"},{"@type":"Organization","@id":"https:\/\/arenaldiving.com\/en\/#organization","name":"Centro de buceo arenal SL","alternateName":"Arenal Diving Ibiza","url":"https:\/\/arenaldiving.com\/en\/","logo":{"@type":"ImageObject","inLanguage":"en-US","@id":"https:\/\/arenaldiving.com\/en\/#\/schema\/logo\/image\/","url":"https:\/\/i0.wp.com\/arenaldiving.com\/wp-content\/uploads\/2023\/01\/logo-arenal-diving_pequeno.jpg?fit=200%2C250&ssl=1","contentUrl":"https:\/\/i0.wp.com\/arenaldiving.com\/wp-content\/uploads\/2023\/01\/logo-arenal-diving_pequeno.jpg?fit=200%2C250&ssl=1","width":200,"height":250,"caption":"Centro de buceo arenal SL"},"image":{"@id":"https:\/\/arenaldiving.com\/en\/#\/schema\/logo\/image\/"},"sameAs":["http:\/\/www.facebook.com\/ArenalDiving","https:\/\/x.com\/ArenalDivingibiza","https:\/\/www.instagram.com\/arenaldiving","https:\/\/www.youtube.com\/channel\/UCA-OvbTtt4UHrysU3q2I_Bw"],"description":"TODO TIPO DE OBRAS HIDRAULICAS Y SUBMARINAS; TRABAJOS DE RESCATE; RFLOTAMIENTO DE BUQUES; ESCUELA Y CENTRO DE BUCEO; PRODUCCION DE REPORTAJES Y FOTOGRAFIAS SUBACUATICAS; PREPARACION Y EXPLOTACION DE EXCURSIONES MARITIMAS","email":"arenaldivingibiza@gmail.com","telephone":"+34871044678","legalName":"CENTRO DE BUCEO ARENAL SL","foundingDate":"2005-03-19","vatID":"ESB57322034","taxID":"B57322034","numberOfEmployees":{"@type":"QuantitativeValue","minValue":"11","maxValue":"50"},"publishingPrinciples":"https:\/\/arenaldiving.com\/politica-de-cookies\/","ownershipFundingInfo":"https:\/\/arenaldiving.com\/avisos-legales\/","actionableFeedbackPolicy":"https:\/\/arenaldiving.com\/politica-de-cookies\/"}]}},"_links":{"self":[{"href":"https:\/\/arenaldiving.com\/en\/wp-json\/wp\/v2\/pages\/7342","targetHints":{"allow":["GET"]}}],"collection":[{"href":"https:\/\/arenaldiving.com\/en\/wp-json\/wp\/v2\/pages"}],"about":[{"href":"https:\/\/arenaldiving.com\/en\/wp-json\/wp\/v2\/types\/page"}],"author":[{"embeddable":true,"href":"https:\/\/arenaldiving.com\/en\/wp-json\/wp\/v2\/users\/3"}],"replies":[{"embeddable":true,"href":"https:\/\/arenaldiving.com\/en\/wp-json\/wp\/v2\/comments?post=7342"}],"version-history":[{"count":44,"href":"https:\/\/arenaldiving.com\/en\/wp-json\/wp\/v2\/pages\/7342\/revisions"}],"predecessor-version":[{"id":17173,"href":"https:\/\/arenaldiving.com\/en\/wp-json\/wp\/v2\/pages\/7342\/revisions\/17173"}],"up":[{"embeddable":true,"href":"https:\/\/arenaldiving.com\/en\/wp-json\/wp\/v2\/pages\/7349"}],"wp:featuredmedia":[{"embeddable":true,"href":"https:\/\/arenaldiving.com\/en\/wp-json\/wp\/v2\/media\/6859"}],"wp:attachment":[{"href":"https:\/\/arenaldiving.com\/en\/wp-json\/wp\/v2\/media?parent=7342"}],"curies":[{"name":"wp","href":"https:\/\/api.w.org\/{rel}","templated":true}]}}