{"id":7334,"date":"2022-03-31T15:40:06","date_gmt":"2022-03-31T15:40:06","guid":{"rendered":"https:\/\/arenaldiving.com\/dives\/illa-murada\/"},"modified":"2022-03-31T15:40:06","modified_gmt":"2022-03-31T15:40:06","slug":"illa-murada","status":"publish","type":"page","link":"https:\/\/arenaldiving.com\/en\/dives\/illa-murada\/","title":{"rendered":"Illa Murada"},"content":{"rendered":"\t\t<div data-elementor-type=\"wp-page\" data-elementor-id=\"7334\" class=\"elementor elementor-7334 elementor-6569\" data-elementor-post-type=\"page\">\n\t\t\t\t\t\t<section class=\"elementor-section elementor-top-section elementor-element elementor-element-6976e2b5 elementor-section-stretched elementor-section-boxed elementor-section-height-default elementor-section-height-default elementor-section-width-default elementor-lg-breakpoint-no\" data-id=\"6976e2b5\" data-element_type=\"section\" data-e-type=\"section\" data-settings=\"{&quot;background_background&quot;:&quot;classic&quot;,&quot;stretch_section&quot;:&quot;section-stretched&quot;}\">\n\t\t\t\t\t\t<div class=\"elementor-container elementor-column-gap-default\">\n\t\t\t\t\t<div class=\"elementor-column elementor-col-100 elementor-top-column elementor-element elementor-element-6469b443\" data-id=\"6469b443\" data-element_type=\"column\" data-e-type=\"column\">\n\t\t\t<div class=\"elementor-widget-wrap elementor-element-populated\">\n\t\t\t\t\t\t<div class=\"elementor-element elementor-element-31de620 elementor-img-luminosity elementor-widget elementor-widget-osfins-portfolio-summary\" data-id=\"31de620\" data-element_type=\"widget\" data-e-type=\"widget\" data-widget_type=\"osfins-portfolio-summary.default\">\n\t\t\t\t<div class=\"elementor-widget-container\">\n\t\t\t\t\t\t\t<div class=\"portfolio-summary-thumb\">\n\t\t\t<img data-recalc-dims=\"1\" decoding=\"async\" src=\"https:\/\/i0.wp.com\/osfins.micro-theme\/wp\/test1\/wp-content\/uploads\/2020\/12\/fluid_hero_04.jpg?w=1200\" title=\"\" alt=\"\" loading=\"lazy\" \/>\t\t<\/div>\n\t\t<div class=\"project-summary\">\n\t\t\t<div class=\"row no-gutters\">\n\t\t\t\t\t\t\t\t\t\t<div class=\"col-md-3\">\n\t\t\t\t\t\t\t<div class=\"ps-block\">\n\t\t\t\t\t\t\t\t<div class=\"pd-title\">Nombre inmersi\u00f3n<\/div>\n\t\t\t\t\t\t\t\t<div class=\"pd-content\">Illa Murada<\/div>\n\t\t\t\t\t\t\t<\/div>\n\t\t\t\t\t\t<\/div>\n\t\t\t\t\t\t\t\t\t\t<div class=\"col-md-3\">\n\t\t\t\t\t\t\t<div class=\"ps-block\">\n\t\t\t\t\t\t\t\t<div class=\"pd-title\">Profundidad<\/div>\n\t\t\t\t\t\t\t\t<div class=\"pd-content\">35 m \/ 114.8 ft<\/div>\n\t\t\t\t\t\t\t<\/div>\n\t\t\t\t\t\t<\/div>\n\t\t\t\t\t\t\t\t\t\t<div class=\"col-md-3\">\n\t\t\t\t\t\t\t<div class=\"ps-block\">\n\t\t\t\t\t\t\t\t<div class=\"pd-title\">Calidad<\/div>\n\t\t\t\t\t\t\t\t<div class=\"pd-content\">Excepcional<\/div>\n\t\t\t\t\t\t\t<\/div>\n\t\t\t\t\t\t<\/div>\n\t\t\t\t\t\t\t\t\t\t<div class=\"col-md-3\">\n\t\t\t\t\t\t\t<div class=\"ps-block\">\n\t\t\t\t\t\t\t\t<div class=\"pd-title\">Dificultad <\/div>\n\t\t\t\t\t\t\t\t<div class=\"pd-content\">Para todos niveles<\/div>\n\t\t\t\t\t\t\t<\/div>\n\t\t\t\t\t\t<\/div>\n\t\t\t\t\t\t\t<\/div>\n\t\t<\/div>\n\t\t\t\t<\/div>\n\t\t\t\t<\/div>\n\t\t\t\t\t<\/div>\n\t\t<\/div>\n\t\t\t\t\t<\/div>\n\t\t<\/section>\n\t\t\t\t<section class=\"elementor-section elementor-top-section elementor-element elementor-element-1305a1b4 elementor-section-boxed elementor-section-height-default elementor-section-height-default elementor-section-width-default elementor-parallax-no elementor-lg-breakpoint-no\" data-id=\"1305a1b4\" data-element_type=\"section\" data-e-type=\"section\" data-settings=\"{&quot;background_background&quot;:&quot;classic&quot;}\">\n\t\t\t\t\t\t<div class=\"elementor-container elementor-column-gap-wider\">\n\t\t\t\t\t<div class=\"elementor-column elementor-col-100 elementor-top-column elementor-element elementor-element-5fe0b08\" data-id=\"5fe0b08\" data-element_type=\"column\" data-e-type=\"column\">\n\t\t\t<div class=\"elementor-widget-wrap elementor-element-populated\">\n\t\t\t\t\t\t<section class=\"elementor-section elementor-inner-section elementor-element elementor-element-71249e5a elementor-section-boxed elementor-section-height-default elementor-section-height-default elementor-section-width-default elementor-parallax-no elementor-lg-breakpoint-no\" data-id=\"71249e5a\" data-element_type=\"section\" data-e-type=\"section\">\n\t\t\t\t\t\t<div class=\"elementor-container elementor-column-gap-wider\">\n\t\t\t\t\t<div class=\"elementor-column elementor-col-100 elementor-inner-column elementor-element elementor-element-3f1ef0b7\" data-id=\"3f1ef0b7\" data-element_type=\"column\" data-e-type=\"column\">\n\t\t\t<div class=\"elementor-widget-wrap elementor-element-populated\">\n\t\t\t\t\t\t<div class=\"elementor-element elementor-element-56684c4d elementor-widget elementor-widget-heading\" data-id=\"56684c4d\" data-element_type=\"widget\" data-e-type=\"widget\" data-widget_type=\"heading.default\">\n\t\t\t\t<div class=\"elementor-widget-container\">\n\t\t\t\t\t<h3 class=\"elementor-heading-title elementor-size-default\">Illa Murada\n<\/h3>\t\t\t\t<\/div>\n\t\t\t\t<\/div>\n\t\t\t\t\t<\/div>\n\t\t<\/div>\n\t\t\t\t\t<\/div>\n\t\t<\/section>\n\t\t\t\t<section class=\"elementor-section elementor-inner-section elementor-element elementor-element-445c43a2 elementor-section-boxed elementor-section-height-default elementor-section-height-default elementor-section-width-default elementor-parallax-no elementor-lg-breakpoint-no\" data-id=\"445c43a2\" data-element_type=\"section\" data-e-type=\"section\">\n\t\t\t\t\t\t<div class=\"elementor-container elementor-column-gap-default\">\n\t\t\t\t\t<div class=\"elementor-column elementor-col-100 elementor-inner-column elementor-element elementor-element-4e49a60e\" data-id=\"4e49a60e\" data-element_type=\"column\" data-e-type=\"column\">\n\t\t\t<div class=\"elementor-widget-wrap elementor-element-populated\">\n\t\t\t\t\t\t<div class=\"elementor-element elementor-element-70a67df5 elementor-widget elementor-widget-text-editor\" data-id=\"70a67df5\" data-element_type=\"widget\" data-e-type=\"widget\" data-widget_type=\"text-editor.default\">\n\t\t\t\t<div class=\"elementor-widget-container\">\n\t\t\t\t\t\t\t\t\t<p>La peque\u00f1a isla Illa Murada, situada cerca del Puerto de San Miguel, frente a la torre de vigilancia Torres des Molar, se encuentra a unos 200 metros de la costa y es uno de nuestros lugares preferidos para bucear. Con Arenal Diving descender\u00e1n a unos 10 metros y recorrer\u00e1n la isla por el espacio derecho de la roca. El paisaje luce acantilados submarinos y una enorme pila de cantos rodados similares a cubos de gran tama\u00f1o originados por la naturaleza durante miles de a\u00f1os. En este tramo de la inmersi\u00f3n se aconseja descender a unos 15 metros y continuar hacia el Norte. Durante su examen de nataci\u00f3n podr\u00e1n observar los huecos que se encuentran en las rocas de los acantilados submarinos. All\u00ed descender\u00e1n a unos 15 metros y deber\u00e1n controlar el consumo de aire, as\u00ed completar\u00e1n el recorrido de la inmersi\u00f3n de una forma mucho m\u00e1s c\u00f3moda. A continuaci\u00f3n, podr\u00e1n ver un precioso escenario de acantilados submarinos, cuyas paredes est\u00e1n cubiertas de invertebrados, eye-catching, estrellas de mar y esponjas de color naranja, rojo y azul.<br \/>Al llegar a la punta Norte de la Isla Murada se adentrar\u00e1n en una gruta situada a 15 metros bajo la superficie. Usted ver\u00e1 una gran abertura, donde la luz del sol entra dibujando una imagen espectacular.<\/p><p>Acceso: En barco<br \/>Calidad: Excepcional<br \/>Dificultad: Para todos niveles<br \/>Highlights: Cueva<br \/>Promedio de la Profundidad: 12 m \/ 39.4 ft<br \/>Corrientes: Ninguno<br \/>Visibilidad: Buena (10 \u2013 30 m)<\/p>\t\t\t\t\t\t\t\t<\/div>\n\t\t\t\t<\/div>\n\t\t\t\t\t<\/div>\n\t\t<\/div>\n\t\t\t\t\t<\/div>\n\t\t<\/section>\n\t\t\t\t\t<\/div>\n\t\t<\/div>\n\t\t\t\t\t<\/div>\n\t\t<\/section>\n\t\t\t\t<\/div>\n\t\t","protected":false},"excerpt":{"rendered":"<p>Nombre inmersi\u00f3n Illa Murada Profundidad 35 m \/ 114.8 ft Calidad Excepcional Dificultad Para todos niveles Illa Murada La peque\u00f1a isla Illa Murada, situada cerca del Puerto de San Miguel, frente a la torre de vigilancia Torres des Molar, se encuentra a unos 200 metros de la costa y es uno de nuestros lugares preferidos [&hellip;]<\/p>\n","protected":false},"author":3,"featured_media":0,"parent":7261,"menu_order":0,"comment_status":"closed","ping_status":"closed","template":"","meta":{"_joinchat":[],"footnotes":""},"class_list":["post-7334","page","type-page","status-publish","hentry"],"yoast_head":"<!-- This site is optimized with the Yoast SEO Premium plugin v27.2 (Yoast SEO v27.4) - https:\/\/yoast.com\/product\/yoast-seo-premium-wordpress\/ -->\n<title>inmersi\u00f3n Ibiza | Scuba Diving in Ibiza | Illa Murada | Cursos PADI<\/title>\n<meta name=\"description\" content=\"as\u00ed completar\u00e1n el recorrido de la inmersi\u00f3n de una forma mucho m\u00e1s c\u00f3moda. A continuaci\u00f3n, podr\u00e1n ver un precioso escenario de acantilados submarinos\" \/>\n<meta name=\"robots\" content=\"index, follow, max-snippet:-1, max-image-preview:large, max-video-preview:-1\" \/>\n<link rel=\"canonical\" href=\"https:\/\/arenaldiving.com\/en\/dives\/illa-murada\/\" \/>\n<meta property=\"og:locale\" content=\"en_US\" \/>\n<meta property=\"og:type\" content=\"article\" \/>\n<meta property=\"og:title\" content=\"Illa Murada\" \/>\n<meta property=\"og:description\" content=\"as\u00ed completar\u00e1n el recorrido de la inmersi\u00f3n de una forma mucho m\u00e1s c\u00f3moda. A continuaci\u00f3n, podr\u00e1n ver un precioso escenario de acantilados submarinos\" \/>\n<meta property=\"og:url\" content=\"https:\/\/arenaldiving.com\/en\/dives\/illa-murada\/\" \/>\n<meta property=\"article:publisher\" content=\"http:\/\/www.facebook.com\/ArenalDiving\" \/>\n<meta property=\"og:image\" content=\"http:\/\/osfins.micro-theme\/wp\/test1\/wp-content\/uploads\/2020\/12\/fluid_hero_04.jpg\" \/>\n<meta name=\"twitter:card\" content=\"summary_large_image\" \/>\n<meta name=\"twitter:site\" content=\"@ArenalDivingibiza\" \/>\n<meta name=\"twitter:label1\" content=\"Est. reading time\" \/>\n\t<meta name=\"twitter:data1\" content=\"2 minutes\" \/>\n<script type=\"application\/ld+json\" class=\"yoast-schema-graph\">{\"@context\":\"https:\\\/\\\/schema.org\",\"@graph\":[{\"@type\":\"WebPage\",\"@id\":\"https:\\\/\\\/arenaldiving.com\\\/en\\\/dives\\\/illa-murada\\\/\",\"url\":\"https:\\\/\\\/arenaldiving.com\\\/en\\\/dives\\\/illa-murada\\\/\",\"name\":\"inmersi\u00f3n Ibiza | Scuba Diving in Ibiza | Illa Murada | Cursos PADI\",\"isPartOf\":{\"@id\":\"https:\\\/\\\/arenaldiving.com\\\/en\\\/#website\"},\"primaryImageOfPage\":{\"@id\":\"https:\\\/\\\/arenaldiving.com\\\/en\\\/dives\\\/illa-murada\\\/#primaryimage\"},\"image\":{\"@id\":\"https:\\\/\\\/arenaldiving.com\\\/en\\\/dives\\\/illa-murada\\\/#primaryimage\"},\"thumbnailUrl\":\"http:\\\/\\\/osfins.micro-theme\\\/wp\\\/test1\\\/wp-content\\\/uploads\\\/2020\\\/12\\\/fluid_hero_04.jpg\",\"datePublished\":\"2022-03-31T15:40:06+00:00\",\"description\":\"as\u00ed completar\u00e1n el recorrido de la inmersi\u00f3n de una forma mucho m\u00e1s c\u00f3moda. A continuaci\u00f3n, podr\u00e1n ver un precioso escenario de acantilados submarinos\",\"breadcrumb\":{\"@id\":\"https:\\\/\\\/arenaldiving.com\\\/en\\\/dives\\\/illa-murada\\\/#breadcrumb\"},\"inLanguage\":\"en-US\",\"potentialAction\":[{\"@type\":\"ReadAction\",\"target\":[\"https:\\\/\\\/arenaldiving.com\\\/en\\\/dives\\\/illa-murada\\\/\"]}]},{\"@type\":\"ImageObject\",\"inLanguage\":\"en-US\",\"@id\":\"https:\\\/\\\/arenaldiving.com\\\/en\\\/dives\\\/illa-murada\\\/#primaryimage\",\"url\":\"http:\\\/\\\/osfins.micro-theme\\\/wp\\\/test1\\\/wp-content\\\/uploads\\\/2020\\\/12\\\/fluid_hero_04.jpg\",\"contentUrl\":\"http:\\\/\\\/osfins.micro-theme\\\/wp\\\/test1\\\/wp-content\\\/uploads\\\/2020\\\/12\\\/fluid_hero_04.jpg\"},{\"@type\":\"BreadcrumbList\",\"@id\":\"https:\\\/\\\/arenaldiving.com\\\/en\\\/dives\\\/illa-murada\\\/#breadcrumb\",\"itemListElement\":[{\"@type\":\"ListItem\",\"position\":1,\"name\":\"Inicio\",\"item\":\"https:\\\/\\\/arenaldiving.com\\\/en\\\/\"},{\"@type\":\"ListItem\",\"position\":2,\"name\":\"IBIZA DIVE SITES MAP\",\"item\":\"https:\\\/\\\/arenaldiving.com\\\/en\\\/dives\\\/\"},{\"@type\":\"ListItem\",\"position\":3,\"name\":\"Illa Murada\"}]},{\"@type\":\"WebSite\",\"@id\":\"https:\\\/\\\/arenaldiving.com\\\/en\\\/#website\",\"url\":\"https:\\\/\\\/arenaldiving.com\\\/en\\\/\",\"name\":\"Arenal diving\",\"description\":\"Centro de buceo PADI en San Antonio, Ibiza\",\"publisher\":{\"@id\":\"https:\\\/\\\/arenaldiving.com\\\/en\\\/#organization\"},\"potentialAction\":[{\"@type\":\"SearchAction\",\"target\":{\"@type\":\"EntryPoint\",\"urlTemplate\":\"https:\\\/\\\/arenaldiving.com\\\/en\\\/?s={search_term_string}\"},\"query-input\":{\"@type\":\"PropertyValueSpecification\",\"valueRequired\":true,\"valueName\":\"search_term_string\"}}],\"inLanguage\":\"en-US\"},{\"@type\":\"Organization\",\"@id\":\"https:\\\/\\\/arenaldiving.com\\\/en\\\/#organization\",\"name\":\"Centro de buceo arenal SL\",\"alternateName\":\"Arenal Diving Ibiza\",\"url\":\"https:\\\/\\\/arenaldiving.com\\\/en\\\/\",\"logo\":{\"@type\":\"ImageObject\",\"inLanguage\":\"en-US\",\"@id\":\"https:\\\/\\\/arenaldiving.com\\\/en\\\/#\\\/schema\\\/logo\\\/image\\\/\",\"url\":\"https:\\\/\\\/i0.wp.com\\\/arenaldiving.com\\\/wp-content\\\/uploads\\\/2023\\\/01\\\/logo-arenal-diving_pequeno.jpg?fit=200%2C250&ssl=1\",\"contentUrl\":\"https:\\\/\\\/i0.wp.com\\\/arenaldiving.com\\\/wp-content\\\/uploads\\\/2023\\\/01\\\/logo-arenal-diving_pequeno.jpg?fit=200%2C250&ssl=1\",\"width\":200,\"height\":250,\"caption\":\"Centro de buceo arenal SL\"},\"image\":{\"@id\":\"https:\\\/\\\/arenaldiving.com\\\/en\\\/#\\\/schema\\\/logo\\\/image\\\/\"},\"sameAs\":[\"http:\\\/\\\/www.facebook.com\\\/ArenalDiving\",\"https:\\\/\\\/x.com\\\/ArenalDivingibiza\",\"https:\\\/\\\/www.instagram.com\\\/arenaldiving\",\"https:\\\/\\\/www.youtube.com\\\/channel\\\/UCA-OvbTtt4UHrysU3q2I_Bw\"],\"description\":\"TODO TIPO DE OBRAS HIDRAULICAS Y SUBMARINAS; TRABAJOS DE RESCATE; RFLOTAMIENTO DE BUQUES; ESCUELA Y CENTRO DE BUCEO; PRODUCCION DE REPORTAJES Y FOTOGRAFIAS SUBACUATICAS; PREPARACION Y EXPLOTACION DE EXCURSIONES MARITIMAS\",\"email\":\"arenaldivingibiza@gmail.com\",\"telephone\":\"+34871044678\",\"legalName\":\"CENTRO DE BUCEO ARENAL SL\",\"foundingDate\":\"2005-03-19\",\"vatID\":\"ESB57322034\",\"taxID\":\"B57322034\",\"numberOfEmployees\":{\"@type\":\"QuantitativeValue\",\"minValue\":\"11\",\"maxValue\":\"50\"},\"publishingPrinciples\":\"https:\\\/\\\/arenaldiving.com\\\/politica-de-cookies\\\/\",\"ownershipFundingInfo\":\"https:\\\/\\\/arenaldiving.com\\\/avisos-legales\\\/\",\"actionableFeedbackPolicy\":\"https:\\\/\\\/arenaldiving.com\\\/politica-de-cookies\\\/\"}]}<\/script>\n<!-- \/ Yoast SEO Premium plugin. -->","yoast_head_json":{"title":"inmersi\u00f3n Ibiza | Scuba Diving in Ibiza | Illa Murada | Cursos PADI","description":"as\u00ed completar\u00e1n el recorrido de la inmersi\u00f3n de una forma mucho m\u00e1s c\u00f3moda. A continuaci\u00f3n, podr\u00e1n ver un precioso escenario de acantilados submarinos","robots":{"index":"index","follow":"follow","max-snippet":"max-snippet:-1","max-image-preview":"max-image-preview:large","max-video-preview":"max-video-preview:-1"},"canonical":"https:\/\/arenaldiving.com\/en\/dives\/illa-murada\/","og_locale":"en_US","og_type":"article","og_title":"Illa Murada","og_description":"as\u00ed completar\u00e1n el recorrido de la inmersi\u00f3n de una forma mucho m\u00e1s c\u00f3moda. A continuaci\u00f3n, podr\u00e1n ver un precioso escenario de acantilados submarinos","og_url":"https:\/\/arenaldiving.com\/en\/dives\/illa-murada\/","article_publisher":"http:\/\/www.facebook.com\/ArenalDiving","og_image":[{"url":"http:\/\/osfins.micro-theme\/wp\/test1\/wp-content\/uploads\/2020\/12\/fluid_hero_04.jpg","type":"","width":"","height":""}],"twitter_card":"summary_large_image","twitter_site":"@ArenalDivingibiza","twitter_misc":{"Est. reading time":"2 minutes"},"schema":{"@context":"https:\/\/schema.org","@graph":[{"@type":"WebPage","@id":"https:\/\/arenaldiving.com\/en\/dives\/illa-murada\/","url":"https:\/\/arenaldiving.com\/en\/dives\/illa-murada\/","name":"inmersi\u00f3n Ibiza | Scuba Diving in Ibiza | Illa Murada | Cursos PADI","isPartOf":{"@id":"https:\/\/arenaldiving.com\/en\/#website"},"primaryImageOfPage":{"@id":"https:\/\/arenaldiving.com\/en\/dives\/illa-murada\/#primaryimage"},"image":{"@id":"https:\/\/arenaldiving.com\/en\/dives\/illa-murada\/#primaryimage"},"thumbnailUrl":"http:\/\/osfins.micro-theme\/wp\/test1\/wp-content\/uploads\/2020\/12\/fluid_hero_04.jpg","datePublished":"2022-03-31T15:40:06+00:00","description":"as\u00ed completar\u00e1n el recorrido de la inmersi\u00f3n de una forma mucho m\u00e1s c\u00f3moda. A continuaci\u00f3n, podr\u00e1n ver un precioso escenario de acantilados submarinos","breadcrumb":{"@id":"https:\/\/arenaldiving.com\/en\/dives\/illa-murada\/#breadcrumb"},"inLanguage":"en-US","potentialAction":[{"@type":"ReadAction","target":["https:\/\/arenaldiving.com\/en\/dives\/illa-murada\/"]}]},{"@type":"ImageObject","inLanguage":"en-US","@id":"https:\/\/arenaldiving.com\/en\/dives\/illa-murada\/#primaryimage","url":"http:\/\/osfins.micro-theme\/wp\/test1\/wp-content\/uploads\/2020\/12\/fluid_hero_04.jpg","contentUrl":"http:\/\/osfins.micro-theme\/wp\/test1\/wp-content\/uploads\/2020\/12\/fluid_hero_04.jpg"},{"@type":"BreadcrumbList","@id":"https:\/\/arenaldiving.com\/en\/dives\/illa-murada\/#breadcrumb","itemListElement":[{"@type":"ListItem","position":1,"name":"Inicio","item":"https:\/\/arenaldiving.com\/en\/"},{"@type":"ListItem","position":2,"name":"IBIZA DIVE SITES MAP","item":"https:\/\/arenaldiving.com\/en\/dives\/"},{"@type":"ListItem","position":3,"name":"Illa Murada"}]},{"@type":"WebSite","@id":"https:\/\/arenaldiving.com\/en\/#website","url":"https:\/\/arenaldiving.com\/en\/","name":"Arenal diving","description":"Centro de buceo PADI en San Antonio, Ibiza","publisher":{"@id":"https:\/\/arenaldiving.com\/en\/#organization"},"potentialAction":[{"@type":"SearchAction","target":{"@type":"EntryPoint","urlTemplate":"https:\/\/arenaldiving.com\/en\/?s={search_term_string}"},"query-input":{"@type":"PropertyValueSpecification","valueRequired":true,"valueName":"search_term_string"}}],"inLanguage":"en-US"},{"@type":"Organization","@id":"https:\/\/arenaldiving.com\/en\/#organization","name":"Centro de buceo arenal SL","alternateName":"Arenal Diving Ibiza","url":"https:\/\/arenaldiving.com\/en\/","logo":{"@type":"ImageObject","inLanguage":"en-US","@id":"https:\/\/arenaldiving.com\/en\/#\/schema\/logo\/image\/","url":"https:\/\/i0.wp.com\/arenaldiving.com\/wp-content\/uploads\/2023\/01\/logo-arenal-diving_pequeno.jpg?fit=200%2C250&ssl=1","contentUrl":"https:\/\/i0.wp.com\/arenaldiving.com\/wp-content\/uploads\/2023\/01\/logo-arenal-diving_pequeno.jpg?fit=200%2C250&ssl=1","width":200,"height":250,"caption":"Centro de buceo arenal SL"},"image":{"@id":"https:\/\/arenaldiving.com\/en\/#\/schema\/logo\/image\/"},"sameAs":["http:\/\/www.facebook.com\/ArenalDiving","https:\/\/x.com\/ArenalDivingibiza","https:\/\/www.instagram.com\/arenaldiving","https:\/\/www.youtube.com\/channel\/UCA-OvbTtt4UHrysU3q2I_Bw"],"description":"TODO TIPO DE OBRAS HIDRAULICAS Y SUBMARINAS; TRABAJOS DE RESCATE; RFLOTAMIENTO DE BUQUES; ESCUELA Y CENTRO DE BUCEO; PRODUCCION DE REPORTAJES Y FOTOGRAFIAS SUBACUATICAS; PREPARACION Y EXPLOTACION DE EXCURSIONES MARITIMAS","email":"arenaldivingibiza@gmail.com","telephone":"+34871044678","legalName":"CENTRO DE BUCEO ARENAL SL","foundingDate":"2005-03-19","vatID":"ESB57322034","taxID":"B57322034","numberOfEmployees":{"@type":"QuantitativeValue","minValue":"11","maxValue":"50"},"publishingPrinciples":"https:\/\/arenaldiving.com\/politica-de-cookies\/","ownershipFundingInfo":"https:\/\/arenaldiving.com\/avisos-legales\/","actionableFeedbackPolicy":"https:\/\/arenaldiving.com\/politica-de-cookies\/"}]}},"_links":{"self":[{"href":"https:\/\/arenaldiving.com\/en\/wp-json\/wp\/v2\/pages\/7334","targetHints":{"allow":["GET"]}}],"collection":[{"href":"https:\/\/arenaldiving.com\/en\/wp-json\/wp\/v2\/pages"}],"about":[{"href":"https:\/\/arenaldiving.com\/en\/wp-json\/wp\/v2\/types\/page"}],"author":[{"embeddable":true,"href":"https:\/\/arenaldiving.com\/en\/wp-json\/wp\/v2\/users\/3"}],"replies":[{"embeddable":true,"href":"https:\/\/arenaldiving.com\/en\/wp-json\/wp\/v2\/comments?post=7334"}],"version-history":[{"count":0,"href":"https:\/\/arenaldiving.com\/en\/wp-json\/wp\/v2\/pages\/7334\/revisions"}],"up":[{"embeddable":true,"href":"https:\/\/arenaldiving.com\/en\/wp-json\/wp\/v2\/pages\/7261"}],"wp:attachment":[{"href":"https:\/\/arenaldiving.com\/en\/wp-json\/wp\/v2\/media?parent=7334"}],"curies":[{"name":"wp","href":"https:\/\/api.w.org\/{rel}","templated":true}]}}