{"id":7331,"date":"2022-04-04T10:03:29","date_gmt":"2022-04-04T10:03:29","guid":{"rendered":"https:\/\/arenaldiving.com\/padi-courses\/scuba-diving-courses-ibiza\/padi-ibiza\/"},"modified":"2022-04-04T10:03:29","modified_gmt":"2022-04-04T10:03:29","slug":"padi-ibiza","status":"publish","type":"page","link":"https:\/\/arenaldiving.com\/en\/padi-courses\/scuba-diving-courses-ibiza\/padi-ibiza\/","title":{"rendered":"PADI Ibiza, acerca de la gu\u00eda de PADI y Cursos PADI"},"content":{"rendered":"\t\t<div data-elementor-type=\"wp-page\" data-elementor-id=\"7331\" class=\"elementor elementor-7331 elementor-6628\" data-elementor-post-type=\"page\">\n\t\t\t\t\t\t<section class=\"elementor-section elementor-top-section elementor-element elementor-element-372fdd3 elementor-section-boxed elementor-section-height-default elementor-section-height-default elementor-section-width-default elementor-parallax-no elementor-lg-breakpoint-no\" data-id=\"372fdd3\" data-element_type=\"section\" data-e-type=\"section\">\n\t\t\t\t\t\t<div class=\"elementor-container elementor-column-gap-default\">\n\t\t\t\t\t<div class=\"elementor-column elementor-col-50 elementor-top-column elementor-element elementor-element-bfede78\" data-id=\"bfede78\" data-element_type=\"column\" data-e-type=\"column\">\n\t\t\t<div class=\"elementor-widget-wrap elementor-element-populated\">\n\t\t\t\t\t\t<div class=\"elementor-element elementor-element-b49c24f elementor-widget elementor-widget-heading\" data-id=\"b49c24f\" data-element_type=\"widget\" data-e-type=\"widget\" data-widget_type=\"heading.default\">\n\t\t\t\t<div class=\"elementor-widget-container\">\n\t\t\t\t\t<h2 class=\"elementor-heading-title elementor-size-default\">La Asociaci\u00f3n Profesional de Instructores de Buceo (PADI)\n<\/h2>\t\t\t\t<\/div>\n\t\t\t\t<\/div>\n\t\t\t\t<div class=\"elementor-element elementor-element-8b8f42d elementor-widget elementor-widget-text-editor\" data-id=\"8b8f42d\" data-element_type=\"widget\" data-e-type=\"widget\" data-widget_type=\"text-editor.default\">\n\t\t\t\t<div class=\"elementor-widget-container\">\n\t\t\t\t\t\t\t\t\t<p>La Asociaci\u00f3n Profesional de Instructores de Buceo (PADI), es la mayor asociaci\u00f3n de miembros de buceo recreativo en el mundo. Casi el 80% de las escuelas de buceo de todo el mundo son un centro PADI, esta asociaci\u00f3n tiene m\u00e1s de cuarenta a\u00f1os de experiencia con m\u00e1s de 150.000 profesionales PADI, y m\u00e1s de 7.200 tiendas de buceo de buceo y resorts de buceo alrededor de los cinco continentes. Aprender a bucear con PADI es la mejor forma de explorar \u00a0el mundo submarino de forma segura y divertida.<\/p><p>\u00a0<\/p>\t\t\t\t\t\t\t\t<\/div>\n\t\t\t\t<\/div>\n\t\t\t\t<div class=\"elementor-element elementor-element-464a35a elementor-widget elementor-widget-image\" data-id=\"464a35a\" data-element_type=\"widget\" data-e-type=\"widget\" data-widget_type=\"image.default\">\n\t\t\t\t<div class=\"elementor-widget-container\">\n\t\t\t\t\t\t\t\t\t\t\t\t\t\t\t<img decoding=\"async\" width=\"188\" height=\"241\" src=\"https:\/\/i0.wp.com\/arenaldiving.com\/wp-content\/uploads\/2022\/04\/PADI.jpg?fit=188%2C241&amp;ssl=1\" class=\"attachment-large size-large wp-image-6867\" alt=\"\" \/>\t\t\t\t\t\t\t\t\t\t\t\t\t\t\t<\/div>\n\t\t\t\t<\/div>\n\t\t\t\t\t<\/div>\n\t\t<\/div>\n\t\t\t\t<div class=\"elementor-column elementor-col-50 elementor-top-column elementor-element elementor-element-6b6dbb5\" data-id=\"6b6dbb5\" data-element_type=\"column\" data-e-type=\"column\">\n\t\t\t<div class=\"elementor-widget-wrap elementor-element-populated\">\n\t\t\t\t\t\t<div class=\"elementor-element elementor-element-8ea3219 elementor-widget elementor-widget-heading\" data-id=\"8ea3219\" data-element_type=\"widget\" data-e-type=\"widget\" data-widget_type=\"heading.default\">\n\t\t\t\t<div class=\"elementor-widget-container\">\n\t\t\t\t\t<h2 class=\"elementor-heading-title elementor-size-default\">Historia de PADI\n<\/h2>\t\t\t\t<\/div>\n\t\t\t\t<\/div>\n\t\t\t\t<div class=\"elementor-element elementor-element-bebbc9d elementor-widget elementor-widget-text-editor\" data-id=\"bebbc9d\" data-element_type=\"widget\" data-e-type=\"widget\" data-widget_type=\"text-editor.default\">\n\t\t\t\t<div class=\"elementor-widget-container\">\n\t\t\t\t\t\t\t\t\t<p>Un vendedor de equipo de buceo para buzos estadounidenses John Cronin, y Ralph Erickson un instructor de nataci\u00f3n, se dieron cuenta que hab\u00eda una preocupaci\u00f3n en la industria del buceo, y pensaron que la certificaci\u00f3n de buceo vigente en ese momento, era muy poco profesional y no ofrec\u00eda la calidad que requiere, John y Ralph sab\u00edan que ten\u00edan que desarrollar una metodolog\u00eda para aprender a bucear de forma segura y divertida. En 1966 John y Ralph crearon la Asociaci\u00f3n Profesional de Instructores de Buceo conocida mundialmente por sus siglas PADI.<\/p>\t\t\t\t\t\t\t\t<\/div>\n\t\t\t\t<\/div>\n\t\t\t\t<div class=\"elementor-element elementor-element-a79616a elementor-widget elementor-widget-image\" data-id=\"a79616a\" data-element_type=\"widget\" data-e-type=\"widget\" data-widget_type=\"image.default\">\n\t\t\t\t<div class=\"elementor-widget-container\">\n\t\t\t\t\t\t\t\t\t\t\t\t\t\t\t<img decoding=\"async\" width=\"225\" height=\"188\" src=\"https:\/\/i0.wp.com\/arenaldiving.com\/wp-content\/uploads\/2022\/04\/PADI-OS-CERT.jpg?fit=225%2C188&amp;ssl=1\" class=\"attachment-large size-large wp-image-6868\" alt=\"\" \/>\t\t\t\t\t\t\t\t\t\t\t\t\t\t\t<\/div>\n\t\t\t\t<\/div>\n\t\t\t\t\t<\/div>\n\t\t<\/div>\n\t\t\t\t\t<\/div>\n\t\t<\/section>\n\t\t\t\t<section class=\"elementor-section elementor-top-section elementor-element elementor-element-312bbdf elementor-section-boxed elementor-section-height-default elementor-section-height-default elementor-section-width-default elementor-parallax-no elementor-lg-breakpoint-no\" data-id=\"312bbdf\" data-element_type=\"section\" data-e-type=\"section\">\n\t\t\t\t\t\t<div class=\"elementor-container elementor-column-gap-default\">\n\t\t\t\t\t<div class=\"elementor-column elementor-col-100 elementor-top-column elementor-element elementor-element-0f27ea4\" data-id=\"0f27ea4\" data-element_type=\"column\" data-e-type=\"column\">\n\t\t\t<div class=\"elementor-widget-wrap elementor-element-populated\">\n\t\t\t\t\t\t<div class=\"elementor-element elementor-element-678bc54 elementor-widget elementor-widget-heading\" data-id=\"678bc54\" data-element_type=\"widget\" data-e-type=\"widget\" data-widget_type=\"heading.default\">\n\t\t\t\t<div class=\"elementor-widget-container\">\n\t\t\t\t\t<h2 class=\"elementor-heading-title elementor-size-default\">Cursos PADI, esta es una lista completa de todos los cursos PADI.\n<\/h2>\t\t\t\t<\/div>\n\t\t\t\t<\/div>\n\t\t\t\t<div class=\"elementor-element elementor-element-a489353 elementor-widget elementor-widget-image\" data-id=\"a489353\" data-element_type=\"widget\" data-e-type=\"widget\" data-widget_type=\"image.default\">\n\t\t\t\t<div class=\"elementor-widget-container\">\n\t\t\t\t\t\t\t\t\t\t\t\t\t\t\t<img fetchpriority=\"high\" decoding=\"async\" width=\"800\" height=\"485\" src=\"https:\/\/i0.wp.com\/arenaldiving.com\/wp-content\/uploads\/2022\/04\/PADIlearning.png?fit=800%2C485&amp;ssl=1\" class=\"attachment-large size-large wp-image-6869\" alt=\"\" srcset=\"https:\/\/i0.wp.com\/arenaldiving.com\/wp-content\/uploads\/2022\/04\/PADIlearning.png?w=800&amp;ssl=1 800w, https:\/\/i0.wp.com\/arenaldiving.com\/wp-content\/uploads\/2022\/04\/PADIlearning.png?resize=600%2C364&amp;ssl=1 600w, https:\/\/i0.wp.com\/arenaldiving.com\/wp-content\/uploads\/2022\/04\/PADIlearning.png?resize=300%2C182&amp;ssl=1 300w, https:\/\/i0.wp.com\/arenaldiving.com\/wp-content\/uploads\/2022\/04\/PADIlearning.png?resize=768%2C466&amp;ssl=1 768w\" sizes=\"(max-width: 800px) 100vw, 800px\" \/>\t\t\t\t\t\t\t\t\t\t\t\t\t\t\t<\/div>\n\t\t\t\t<\/div>\n\t\t\t\t<div class=\"elementor-element elementor-element-6b6d8b1 elementor-widget elementor-widget-heading\" data-id=\"6b6d8b1\" data-element_type=\"widget\" data-e-type=\"widget\" data-widget_type=\"heading.default\">\n\t\t\t\t<div class=\"elementor-widget-container\">\n\t\t\t\t\t<h2 class=\"elementor-heading-title elementor-size-default\">PADI Buceo\n<\/h2>\t\t\t\t<\/div>\n\t\t\t\t<\/div>\n\t\t\t\t<div class=\"elementor-element elementor-element-8de2b3c elementor-widget elementor-widget-video\" data-id=\"8de2b3c\" data-element_type=\"widget\" data-e-type=\"widget\" data-settings=\"{&quot;youtube_url&quot;:&quot;https:\\\/\\\/www.youtube.com\\\/watch?v=BuiKsg2FKAI&quot;,&quot;video_type&quot;:&quot;youtube&quot;,&quot;controls&quot;:&quot;yes&quot;}\" data-widget_type=\"video.default\">\n\t\t\t\t<div class=\"elementor-widget-container\">\n\t\t\t\t\t\t\t<div class=\"elementor-wrapper elementor-open-inline\">\n\t\t\t<div class=\"elementor-video\"><\/div>\t\t<\/div>\n\t\t\t\t\t\t<\/div>\n\t\t\t\t<\/div>\n\t\t\t\t\t<\/div>\n\t\t<\/div>\n\t\t\t\t\t<\/div>\n\t\t<\/section>\n\t\t\t\t<\/div>\n\t\t","protected":false},"excerpt":{"rendered":"<p>La Asociaci\u00f3n Profesional de Instructores de Buceo (PADI) La Asociaci\u00f3n Profesional de Instructores de Buceo (PADI), es la mayor asociaci\u00f3n de miembros de buceo recreativo en el mundo. Casi el 80% de las escuelas de buceo de todo el mundo son un centro PADI, esta asociaci\u00f3n tiene m\u00e1s de cuarenta a\u00f1os de experiencia con m\u00e1s [&hellip;]<\/p>\n","protected":false},"author":3,"featured_media":0,"parent":7172,"menu_order":0,"comment_status":"closed","ping_status":"closed","template":"","meta":{"_joinchat":[],"footnotes":""},"class_list":["post-7331","page","type-page","status-publish","hentry"],"yoast_head":"<!-- This site is optimized with the Yoast SEO Premium plugin v27.2 (Yoast SEO v27.4) - https:\/\/yoast.com\/product\/yoast-seo-premium-wordpress\/ -->\n<title>PADI Ibiza | Acerca de la guia de buceo PADI y cursos de Submarinismo<\/title>\n<meta name=\"description\" content=\"Es mayor n\u00famero de miembros del buceo recreativo en el mundo y de entrenamiento de buceo. Para cualquier buceador en el mundo deben seguir la gu\u00eda del PADI, Acerca de la guia de buceo PADI y cursos de Submarinismo, te daremos todo para aprender a Bucear, somos lideres en Buceo, submarinismo, y Cursos PADI\" \/>\n<meta name=\"robots\" content=\"index, follow, max-snippet:-1, max-image-preview:large, max-video-preview:-1\" \/>\n<link rel=\"canonical\" href=\"https:\/\/arenaldiving.com\/en\/padi-courses\/scuba-diving-courses-ibiza\/padi-ibiza\/\" \/>\n<meta property=\"og:locale\" content=\"en_US\" \/>\n<meta property=\"og:type\" content=\"article\" \/>\n<meta property=\"og:title\" content=\"PADI Ibiza, acerca de la gu\u00eda de PADI y Cursos PADI\" \/>\n<meta property=\"og:description\" content=\"Es mayor n\u00famero de miembros del buceo recreativo en el mundo y de entrenamiento de buceo. Para cualquier buceador en el mundo deben seguir la gu\u00eda del PADI, Acerca de la guia de buceo PADI y cursos de Submarinismo, te daremos todo para aprender a Bucear, somos lideres en Buceo, submarinismo, y Cursos PADI\" \/>\n<meta property=\"og:url\" content=\"https:\/\/arenaldiving.com\/en\/padi-courses\/scuba-diving-courses-ibiza\/padi-ibiza\/\" \/>\n<meta property=\"article:publisher\" content=\"http:\/\/www.facebook.com\/ArenalDiving\" \/>\n<meta property=\"og:image\" content=\"https:\/\/arenaldiving.com\/wp-content\/uploads\/2022\/04\/PADI.jpg\" \/>\n<meta name=\"twitter:card\" content=\"summary_large_image\" \/>\n<meta name=\"twitter:site\" content=\"@ArenalDivingibiza\" \/>\n<meta name=\"twitter:label1\" content=\"Est. reading time\" \/>\n\t<meta name=\"twitter:data1\" content=\"2 minutes\" \/>\n<script type=\"application\/ld+json\" class=\"yoast-schema-graph\">{\"@context\":\"https:\\\/\\\/schema.org\",\"@graph\":[{\"@type\":\"WebPage\",\"@id\":\"https:\\\/\\\/arenaldiving.com\\\/en\\\/padi-courses\\\/scuba-diving-courses-ibiza\\\/padi-ibiza\\\/\",\"url\":\"https:\\\/\\\/arenaldiving.com\\\/en\\\/padi-courses\\\/scuba-diving-courses-ibiza\\\/padi-ibiza\\\/\",\"name\":\"PADI Ibiza | Acerca de la guia de buceo PADI y cursos de Submarinismo\",\"isPartOf\":{\"@id\":\"https:\\\/\\\/arenaldiving.com\\\/en\\\/#website\"},\"primaryImageOfPage\":{\"@id\":\"https:\\\/\\\/arenaldiving.com\\\/en\\\/padi-courses\\\/scuba-diving-courses-ibiza\\\/padi-ibiza\\\/#primaryimage\"},\"image\":{\"@id\":\"https:\\\/\\\/arenaldiving.com\\\/en\\\/padi-courses\\\/scuba-diving-courses-ibiza\\\/padi-ibiza\\\/#primaryimage\"},\"thumbnailUrl\":\"https:\\\/\\\/arenaldiving.com\\\/wp-content\\\/uploads\\\/2022\\\/04\\\/PADI.jpg\",\"datePublished\":\"2022-04-04T10:03:29+00:00\",\"description\":\"Es mayor n\u00famero de miembros del buceo recreativo en el mundo y de entrenamiento de buceo. Para cualquier buceador en el mundo deben seguir la gu\u00eda del PADI, Acerca de la guia de buceo PADI y cursos de Submarinismo, te daremos todo para aprender a Bucear, somos lideres en Buceo, submarinismo, y Cursos PADI\",\"breadcrumb\":{\"@id\":\"https:\\\/\\\/arenaldiving.com\\\/en\\\/padi-courses\\\/scuba-diving-courses-ibiza\\\/padi-ibiza\\\/#breadcrumb\"},\"inLanguage\":\"en-US\",\"potentialAction\":[{\"@type\":\"ReadAction\",\"target\":[\"https:\\\/\\\/arenaldiving.com\\\/en\\\/padi-courses\\\/scuba-diving-courses-ibiza\\\/padi-ibiza\\\/\"]}]},{\"@type\":\"ImageObject\",\"inLanguage\":\"en-US\",\"@id\":\"https:\\\/\\\/arenaldiving.com\\\/en\\\/padi-courses\\\/scuba-diving-courses-ibiza\\\/padi-ibiza\\\/#primaryimage\",\"url\":\"https:\\\/\\\/arenaldiving.com\\\/wp-content\\\/uploads\\\/2022\\\/04\\\/PADI.jpg\",\"contentUrl\":\"https:\\\/\\\/arenaldiving.com\\\/wp-content\\\/uploads\\\/2022\\\/04\\\/PADI.jpg\"},{\"@type\":\"BreadcrumbList\",\"@id\":\"https:\\\/\\\/arenaldiving.com\\\/en\\\/padi-courses\\\/scuba-diving-courses-ibiza\\\/padi-ibiza\\\/#breadcrumb\",\"itemListElement\":[{\"@type\":\"ListItem\",\"position\":1,\"name\":\"Inicio\",\"item\":\"https:\\\/\\\/arenaldiving.com\\\/en\\\/\"},{\"@type\":\"ListItem\",\"position\":2,\"name\":\"PADI Courses\",\"item\":\"https:\\\/\\\/arenaldiving.com\\\/en\\\/padi-courses\\\/\"},{\"@type\":\"ListItem\",\"position\":3,\"name\":\"Scuba Diving Courses\",\"item\":\"https:\\\/\\\/arenaldiving.com\\\/en\\\/padi-courses\\\/scuba-diving-courses-ibiza\\\/\"},{\"@type\":\"ListItem\",\"position\":4,\"name\":\"PADI Ibiza, acerca de la gu\u00eda de PADI y Cursos PADI\"}]},{\"@type\":\"WebSite\",\"@id\":\"https:\\\/\\\/arenaldiving.com\\\/en\\\/#website\",\"url\":\"https:\\\/\\\/arenaldiving.com\\\/en\\\/\",\"name\":\"Arenal diving\",\"description\":\"Centro de buceo PADI en San Antonio, Ibiza\",\"publisher\":{\"@id\":\"https:\\\/\\\/arenaldiving.com\\\/en\\\/#organization\"},\"potentialAction\":[{\"@type\":\"SearchAction\",\"target\":{\"@type\":\"EntryPoint\",\"urlTemplate\":\"https:\\\/\\\/arenaldiving.com\\\/en\\\/?s={search_term_string}\"},\"query-input\":{\"@type\":\"PropertyValueSpecification\",\"valueRequired\":true,\"valueName\":\"search_term_string\"}}],\"inLanguage\":\"en-US\"},{\"@type\":\"Organization\",\"@id\":\"https:\\\/\\\/arenaldiving.com\\\/en\\\/#organization\",\"name\":\"Centro de buceo arenal SL\",\"alternateName\":\"Arenal Diving Ibiza\",\"url\":\"https:\\\/\\\/arenaldiving.com\\\/en\\\/\",\"logo\":{\"@type\":\"ImageObject\",\"inLanguage\":\"en-US\",\"@id\":\"https:\\\/\\\/arenaldiving.com\\\/en\\\/#\\\/schema\\\/logo\\\/image\\\/\",\"url\":\"https:\\\/\\\/i0.wp.com\\\/arenaldiving.com\\\/wp-content\\\/uploads\\\/2023\\\/01\\\/logo-arenal-diving_pequeno.jpg?fit=200%2C250&ssl=1\",\"contentUrl\":\"https:\\\/\\\/i0.wp.com\\\/arenaldiving.com\\\/wp-content\\\/uploads\\\/2023\\\/01\\\/logo-arenal-diving_pequeno.jpg?fit=200%2C250&ssl=1\",\"width\":200,\"height\":250,\"caption\":\"Centro de buceo arenal SL\"},\"image\":{\"@id\":\"https:\\\/\\\/arenaldiving.com\\\/en\\\/#\\\/schema\\\/logo\\\/image\\\/\"},\"sameAs\":[\"http:\\\/\\\/www.facebook.com\\\/ArenalDiving\",\"https:\\\/\\\/x.com\\\/ArenalDivingibiza\",\"https:\\\/\\\/www.instagram.com\\\/arenaldiving\",\"https:\\\/\\\/www.youtube.com\\\/channel\\\/UCA-OvbTtt4UHrysU3q2I_Bw\"],\"description\":\"TODO TIPO DE OBRAS HIDRAULICAS Y SUBMARINAS; TRABAJOS DE RESCATE; RFLOTAMIENTO DE BUQUES; ESCUELA Y CENTRO DE BUCEO; PRODUCCION DE REPORTAJES Y FOTOGRAFIAS SUBACUATICAS; PREPARACION Y EXPLOTACION DE EXCURSIONES MARITIMAS\",\"email\":\"arenaldivingibiza@gmail.com\",\"telephone\":\"+34871044678\",\"legalName\":\"CENTRO DE BUCEO ARENAL SL\",\"foundingDate\":\"2005-03-19\",\"vatID\":\"ESB57322034\",\"taxID\":\"B57322034\",\"numberOfEmployees\":{\"@type\":\"QuantitativeValue\",\"minValue\":\"11\",\"maxValue\":\"50\"},\"publishingPrinciples\":\"https:\\\/\\\/arenaldiving.com\\\/politica-de-cookies\\\/\",\"ownershipFundingInfo\":\"https:\\\/\\\/arenaldiving.com\\\/avisos-legales\\\/\",\"actionableFeedbackPolicy\":\"https:\\\/\\\/arenaldiving.com\\\/politica-de-cookies\\\/\"}]}<\/script>\n<!-- \/ Yoast SEO Premium plugin. -->","yoast_head_json":{"title":"PADI Ibiza | Acerca de la guia de buceo PADI y cursos de Submarinismo","description":"Es mayor n\u00famero de miembros del buceo recreativo en el mundo y de entrenamiento de buceo. Para cualquier buceador en el mundo deben seguir la gu\u00eda del PADI, Acerca de la guia de buceo PADI y cursos de Submarinismo, te daremos todo para aprender a Bucear, somos lideres en Buceo, submarinismo, y Cursos PADI","robots":{"index":"index","follow":"follow","max-snippet":"max-snippet:-1","max-image-preview":"max-image-preview:large","max-video-preview":"max-video-preview:-1"},"canonical":"https:\/\/arenaldiving.com\/en\/padi-courses\/scuba-diving-courses-ibiza\/padi-ibiza\/","og_locale":"en_US","og_type":"article","og_title":"PADI Ibiza, acerca de la gu\u00eda de PADI y Cursos PADI","og_description":"Es mayor n\u00famero de miembros del buceo recreativo en el mundo y de entrenamiento de buceo. Para cualquier buceador en el mundo deben seguir la gu\u00eda del PADI, Acerca de la guia de buceo PADI y cursos de Submarinismo, te daremos todo para aprender a Bucear, somos lideres en Buceo, submarinismo, y Cursos PADI","og_url":"https:\/\/arenaldiving.com\/en\/padi-courses\/scuba-diving-courses-ibiza\/padi-ibiza\/","article_publisher":"http:\/\/www.facebook.com\/ArenalDiving","og_image":[{"url":"https:\/\/arenaldiving.com\/wp-content\/uploads\/2022\/04\/PADI.jpg","type":"","width":"","height":""}],"twitter_card":"summary_large_image","twitter_site":"@ArenalDivingibiza","twitter_misc":{"Est. reading time":"2 minutes"},"schema":{"@context":"https:\/\/schema.org","@graph":[{"@type":"WebPage","@id":"https:\/\/arenaldiving.com\/en\/padi-courses\/scuba-diving-courses-ibiza\/padi-ibiza\/","url":"https:\/\/arenaldiving.com\/en\/padi-courses\/scuba-diving-courses-ibiza\/padi-ibiza\/","name":"PADI Ibiza | Acerca de la guia de buceo PADI y cursos de Submarinismo","isPartOf":{"@id":"https:\/\/arenaldiving.com\/en\/#website"},"primaryImageOfPage":{"@id":"https:\/\/arenaldiving.com\/en\/padi-courses\/scuba-diving-courses-ibiza\/padi-ibiza\/#primaryimage"},"image":{"@id":"https:\/\/arenaldiving.com\/en\/padi-courses\/scuba-diving-courses-ibiza\/padi-ibiza\/#primaryimage"},"thumbnailUrl":"https:\/\/arenaldiving.com\/wp-content\/uploads\/2022\/04\/PADI.jpg","datePublished":"2022-04-04T10:03:29+00:00","description":"Es mayor n\u00famero de miembros del buceo recreativo en el mundo y de entrenamiento de buceo. Para cualquier buceador en el mundo deben seguir la gu\u00eda del PADI, Acerca de la guia de buceo PADI y cursos de Submarinismo, te daremos todo para aprender a Bucear, somos lideres en Buceo, submarinismo, y Cursos PADI","breadcrumb":{"@id":"https:\/\/arenaldiving.com\/en\/padi-courses\/scuba-diving-courses-ibiza\/padi-ibiza\/#breadcrumb"},"inLanguage":"en-US","potentialAction":[{"@type":"ReadAction","target":["https:\/\/arenaldiving.com\/en\/padi-courses\/scuba-diving-courses-ibiza\/padi-ibiza\/"]}]},{"@type":"ImageObject","inLanguage":"en-US","@id":"https:\/\/arenaldiving.com\/en\/padi-courses\/scuba-diving-courses-ibiza\/padi-ibiza\/#primaryimage","url":"https:\/\/arenaldiving.com\/wp-content\/uploads\/2022\/04\/PADI.jpg","contentUrl":"https:\/\/arenaldiving.com\/wp-content\/uploads\/2022\/04\/PADI.jpg"},{"@type":"BreadcrumbList","@id":"https:\/\/arenaldiving.com\/en\/padi-courses\/scuba-diving-courses-ibiza\/padi-ibiza\/#breadcrumb","itemListElement":[{"@type":"ListItem","position":1,"name":"Inicio","item":"https:\/\/arenaldiving.com\/en\/"},{"@type":"ListItem","position":2,"name":"PADI Courses","item":"https:\/\/arenaldiving.com\/en\/padi-courses\/"},{"@type":"ListItem","position":3,"name":"Scuba Diving Courses","item":"https:\/\/arenaldiving.com\/en\/padi-courses\/scuba-diving-courses-ibiza\/"},{"@type":"ListItem","position":4,"name":"PADI Ibiza, acerca de la gu\u00eda de PADI y Cursos PADI"}]},{"@type":"WebSite","@id":"https:\/\/arenaldiving.com\/en\/#website","url":"https:\/\/arenaldiving.com\/en\/","name":"Arenal diving","description":"Centro de buceo PADI en San Antonio, Ibiza","publisher":{"@id":"https:\/\/arenaldiving.com\/en\/#organization"},"potentialAction":[{"@type":"SearchAction","target":{"@type":"EntryPoint","urlTemplate":"https:\/\/arenaldiving.com\/en\/?s={search_term_string}"},"query-input":{"@type":"PropertyValueSpecification","valueRequired":true,"valueName":"search_term_string"}}],"inLanguage":"en-US"},{"@type":"Organization","@id":"https:\/\/arenaldiving.com\/en\/#organization","name":"Centro de buceo arenal SL","alternateName":"Arenal Diving Ibiza","url":"https:\/\/arenaldiving.com\/en\/","logo":{"@type":"ImageObject","inLanguage":"en-US","@id":"https:\/\/arenaldiving.com\/en\/#\/schema\/logo\/image\/","url":"https:\/\/i0.wp.com\/arenaldiving.com\/wp-content\/uploads\/2023\/01\/logo-arenal-diving_pequeno.jpg?fit=200%2C250&ssl=1","contentUrl":"https:\/\/i0.wp.com\/arenaldiving.com\/wp-content\/uploads\/2023\/01\/logo-arenal-diving_pequeno.jpg?fit=200%2C250&ssl=1","width":200,"height":250,"caption":"Centro de buceo arenal SL"},"image":{"@id":"https:\/\/arenaldiving.com\/en\/#\/schema\/logo\/image\/"},"sameAs":["http:\/\/www.facebook.com\/ArenalDiving","https:\/\/x.com\/ArenalDivingibiza","https:\/\/www.instagram.com\/arenaldiving","https:\/\/www.youtube.com\/channel\/UCA-OvbTtt4UHrysU3q2I_Bw"],"description":"TODO TIPO DE OBRAS HIDRAULICAS Y SUBMARINAS; TRABAJOS DE RESCATE; RFLOTAMIENTO DE BUQUES; ESCUELA Y CENTRO DE BUCEO; PRODUCCION DE REPORTAJES Y FOTOGRAFIAS SUBACUATICAS; PREPARACION Y EXPLOTACION DE EXCURSIONES MARITIMAS","email":"arenaldivingibiza@gmail.com","telephone":"+34871044678","legalName":"CENTRO DE BUCEO ARENAL SL","foundingDate":"2005-03-19","vatID":"ESB57322034","taxID":"B57322034","numberOfEmployees":{"@type":"QuantitativeValue","minValue":"11","maxValue":"50"},"publishingPrinciples":"https:\/\/arenaldiving.com\/politica-de-cookies\/","ownershipFundingInfo":"https:\/\/arenaldiving.com\/avisos-legales\/","actionableFeedbackPolicy":"https:\/\/arenaldiving.com\/politica-de-cookies\/"}]}},"_links":{"self":[{"href":"https:\/\/arenaldiving.com\/en\/wp-json\/wp\/v2\/pages\/7331","targetHints":{"allow":["GET"]}}],"collection":[{"href":"https:\/\/arenaldiving.com\/en\/wp-json\/wp\/v2\/pages"}],"about":[{"href":"https:\/\/arenaldiving.com\/en\/wp-json\/wp\/v2\/types\/page"}],"author":[{"embeddable":true,"href":"https:\/\/arenaldiving.com\/en\/wp-json\/wp\/v2\/users\/3"}],"replies":[{"embeddable":true,"href":"https:\/\/arenaldiving.com\/en\/wp-json\/wp\/v2\/comments?post=7331"}],"version-history":[{"count":0,"href":"https:\/\/arenaldiving.com\/en\/wp-json\/wp\/v2\/pages\/7331\/revisions"}],"up":[{"embeddable":true,"href":"https:\/\/arenaldiving.com\/en\/wp-json\/wp\/v2\/pages\/7172"}],"wp:attachment":[{"href":"https:\/\/arenaldiving.com\/en\/wp-json\/wp\/v2\/media?parent=7331"}],"curies":[{"name":"wp","href":"https:\/\/api.w.org\/{rel}","templated":true}]}}